{"id":4376,"date":"2020-02-18T19:48:11","date_gmt":"2020-02-18T19:48:11","guid":{"rendered":"https:\/\/hastalavista.es\/?page_id=4376"},"modified":"2020-07-27T15:21:42","modified_gmt":"2020-07-27T15:21:42","slug":"historia-del-camino-ingles","status":"publish","type":"page","link":"https:\/\/hastalavista.es\/eng\/caminos\/el-camino-ingles\/historia-del-camino-ingles\/","title":{"rendered":"Historia del Camino Ingl\u00e9s"},"content":{"rendered":"<div data-elementor-type=\"wp-page\" data-elementor-id=\"4376\" class=\"elementor elementor-4376\">\n\t\t\t\t\t\t<div class=\"elementor-inner\">\n\t\t\t\t<div class=\"elementor-section-wrap\">\n\t\t\t\t\t\t\t\t\t<section class=\"elementor-section elementor-top-section elementor-element elementor-element-386b9eb elementor-section-height-min-height elementor-section-boxed elementor-section-height-default elementor-section-items-middle\" data-id=\"386b9eb\" data-element_type=\"section\" data-settings=\"{&quot;background_background&quot;:&quot;classic&quot;,&quot;shape_divider_bottom&quot;:&quot;waves&quot;}\">\n\t\t\t\t\t\t\t<div class=\"elementor-background-overlay\"><\/div>\n\t\t\t\t\t\t<div class=\"elementor-shape elementor-shape-bottom\" data-negative=\"false\">\n\t\t\t<svg xmlns=\"http:\/\/www.w3.org\/2000\/svg\" viewbox=\"0 0 1000 100\" preserveaspectratio=\"none\">\n\t<path class=\"elementor-shape-fill\" d=\"M421.9,6.5c22.6-2.5,51.5,0.4,75.5,5.3c23.6,4.9,70.9,23.5,100.5,35.7c75.8,32.2,133.7,44.5,192.6,49.7\tc23.6,2.1,48.7,3.5,103.4-2.5c54.7-6,106.2-25.6,106.2-25.6V0H0v30.3c0,0,72,32.6,158.4,30.5c39.2-0.7,92.8-6.7,134-22.4\tc21.2-8.1,52.2-18.2,79.7-24.2C399.3,7.9,411.6,7.5,421.9,6.5z\"\/>\n<\/svg>\t\t<\/div>\n\t\t\t\t\t<div class=\"elementor-container elementor-column-gap-default\">\n\t\t\t\t\t\t\t<div class=\"elementor-row\">\n\t\t\t\t\t<div class=\"elementor-column elementor-col-100 elementor-top-column elementor-element elementor-element-f7dfa86\" data-id=\"f7dfa86\" data-element_type=\"column\">\n\t\t\t<div class=\"elementor-column-wrap elementor-element-populated\">\n\t\t\t\t\t\t\t<div class=\"elementor-widget-wrap\">\n\t\t\t\t\t\t<div class=\"elementor-element elementor-element-0881758 elementor-align-center elementor-hidden-phone elementor-widget elementor-widget-breadcrumbs\" data-id=\"0881758\" data-element_type=\"widget\" data-widget_type=\"breadcrumbs.default\">\n\t\t\t\t<div class=\"elementor-widget-container\">\n\t\t\t<p id=\"breadcrumbs\"><span><span><a href=\"https:\/\/hastalavista.es\/\">Inicio<\/a><\/span><\/p>\t\t<\/div>\n\t\t\t\t<\/div>\n\t\t\t\t<div class=\"elementor-element elementor-element-b0eab7d elementor-nav-menu__align-center elementor-nav-menu--dropdown-tablet elementor-nav-menu__text-align-aside elementor-nav-menu--toggle elementor-nav-menu--burger elementor-widget elementor-widget-nav-menu\" data-id=\"b0eab7d\" data-element_type=\"widget\" data-settings=\"{&quot;layout&quot;:&quot;horizontal&quot;,&quot;submenu_icon&quot;:{&quot;value&quot;:&quot;&lt;i class=\\&quot;fas fa-caret-down\\&quot;&gt;&lt;\\\/i&gt;&quot;,&quot;library&quot;:&quot;fa-solid&quot;},&quot;toggle&quot;:&quot;burger&quot;}\" data-widget_type=\"nav-menu.default\">\n\t\t\t\t<div class=\"elementor-widget-container\">\n\t\t\t\t\t\t<nav migration_allowed=\"1\" migrated=\"0\" role=\"navigation\" class=\"elementor-nav-menu--main elementor-nav-menu__container elementor-nav-menu--layout-horizontal e--pointer-background e--animation-fade\">\n\t\t\t\t<ul id=\"menu-1-b0eab7d\" class=\"elementor-nav-menu\"><li class=\"menu-item menu-item-type-post_type menu-item-object-page menu-item-4384\"><a href=\"https:\/\/hastalavista.es\/eng\/caminos\/el-camino-ingles\/historia-del-camino-ingles\/\" class=\"elementor-item\">History<\/a><\/li>\n<li class=\"menu-item menu-item-type-post_type menu-item-object-page menu-item-4383\"><a href=\"https:\/\/hastalavista.es\/eng\/caminos\/el-camino-ingles\/etapas-del-camino-ingles\/\" class=\"elementor-item\">Stages<\/a><\/li>\n<li class=\"menu-item menu-item-type-post_type menu-item-object-page menu-item-4463\"><a href=\"https:\/\/hastalavista.es\/eng\/caminos\/el-camino-ingles\/donde-dormir-en-ferrol\/\" class=\"elementor-item\">Spend the night<\/a><\/li>\n<li class=\"menu-item menu-item-type-post_type menu-item-object-page menu-item-4399\"><a href=\"https:\/\/hastalavista.es\/eng\/caminos\/el-camino-ingles\/donde-comer-en-ferrol\/\" class=\"elementor-item\">Places to eat<\/a><\/li>\n<li class=\"menu-item menu-item-type-post_type menu-item-object-page menu-item-4467\"><a href=\"https:\/\/hastalavista.es\/eng\/caminos\/el-camino-ingles\/galeria-del-camino-ingles\/\" class=\"elementor-item\">Gallery<\/a><\/li>\n<li class=\"menu-item menu-item-type-post_type menu-item-object-page menu-item-5823\"><a href=\"https:\/\/hastalavista.es\/eng\/caminos\/el-camino-ingles\/que-hacer-en-el-camino-ingles\/\" class=\"elementor-item\">Idle Pilgrim<\/a><\/li>\n<li class=\"menu-item menu-item-type-custom menu-item-object-custom menu-item-4469\"><a href=\"#\" class=\"elementor-item elementor-item-anchor\">\u00a1Atention Pilgrim!<\/a><\/li>\n<\/ul>\t\t\t<\/nav>\n\t\t\t\t\t<div class=\"elementor-menu-toggle\" role=\"button\" tabindex=\"0\" aria-label=\"Menu Toggle\" aria-expanded=\"false\">\n\t\t\t<i aria-hidden=\"true\" role=\"presentation\" class=\"eicon-menu-bar\"><\/i>\t\t\t<span class=\"elementor-screen-only\">Menu<\/span>\n\t\t<\/div>\n\t\t\t<nav class=\"elementor-nav-menu--dropdown elementor-nav-menu__container\" role=\"navigation\" aria-hidden=\"true\">\n\t\t\t\t<ul id=\"menu-2-b0eab7d\" class=\"elementor-nav-menu\"><li class=\"menu-item menu-item-type-post_type menu-item-object-page menu-item-4384\"><a href=\"https:\/\/hastalavista.es\/eng\/caminos\/el-camino-ingles\/historia-del-camino-ingles\/\" class=\"elementor-item\" tabindex=\"-1\">History<\/a><\/li>\n<li class=\"menu-item menu-item-type-post_type menu-item-object-page menu-item-4383\"><a href=\"https:\/\/hastalavista.es\/eng\/caminos\/el-camino-ingles\/etapas-del-camino-ingles\/\" class=\"elementor-item\" tabindex=\"-1\">Stages<\/a><\/li>\n<li class=\"menu-item menu-item-type-post_type menu-item-object-page menu-item-4463\"><a href=\"https:\/\/hastalavista.es\/eng\/caminos\/el-camino-ingles\/donde-dormir-en-ferrol\/\" class=\"elementor-item\" tabindex=\"-1\">Spend the night<\/a><\/li>\n<li class=\"menu-item menu-item-type-post_type menu-item-object-page menu-item-4399\"><a href=\"https:\/\/hastalavista.es\/eng\/caminos\/el-camino-ingles\/donde-comer-en-ferrol\/\" class=\"elementor-item\" tabindex=\"-1\">Places to eat<\/a><\/li>\n<li class=\"menu-item menu-item-type-post_type menu-item-object-page menu-item-4467\"><a href=\"https:\/\/hastalavista.es\/eng\/caminos\/el-camino-ingles\/galeria-del-camino-ingles\/\" class=\"elementor-item\" tabindex=\"-1\">Gallery<\/a><\/li>\n<li class=\"menu-item menu-item-type-post_type menu-item-object-page menu-item-5823\"><a href=\"https:\/\/hastalavista.es\/eng\/caminos\/el-camino-ingles\/que-hacer-en-el-camino-ingles\/\" class=\"elementor-item\" tabindex=\"-1\">Idle Pilgrim<\/a><\/li>\n<li class=\"menu-item menu-item-type-custom menu-item-object-custom menu-item-4469\"><a href=\"#\" class=\"elementor-item elementor-item-anchor\" tabindex=\"-1\">\u00a1Atention Pilgrim!<\/a><\/li>\n<\/ul>\t\t\t<\/nav>\n\t\t\t\t<\/div>\n\t\t\t\t<\/div>\n\t\t\t\t\t\t<\/div>\n\t\t\t\t\t<\/div>\n\t\t<\/div>\n\t\t\t\t\t\t\t\t<\/div>\n\t\t\t\t\t<\/div>\n\t\t<\/section>\n\t\t\t\t<section class=\"elementor-section elementor-top-section elementor-element elementor-element-1bd27de elementor-section-boxed elementor-section-height-default elementor-section-height-default\" data-id=\"1bd27de\" data-element_type=\"section\" data-settings=\"{&quot;background_background&quot;:&quot;classic&quot;}\">\n\t\t\t\t\t\t\t<div class=\"elementor-background-overlay\"><\/div>\n\t\t\t\t\t\t\t<div class=\"elementor-container elementor-column-gap-default\">\n\t\t\t\t\t\t\t<div class=\"elementor-row\">\n\t\t\t\t\t<div class=\"elementor-column elementor-col-100 elementor-top-column elementor-element elementor-element-7fd03fe\" data-id=\"7fd03fe\" data-element_type=\"column\">\n\t\t\t<div class=\"elementor-column-wrap elementor-element-populated\">\n\t\t\t\t\t\t\t<div class=\"elementor-widget-wrap\">\n\t\t\t\t\t\t<div class=\"elementor-element elementor-element-14a3c4e elementor-widget elementor-widget-spacer\" data-id=\"14a3c4e\" data-element_type=\"widget\" data-widget_type=\"spacer.default\">\n\t\t\t\t<div class=\"elementor-widget-container\">\n\t\t\t\t\t<div class=\"elementor-spacer\">\n\t\t\t<div class=\"elementor-spacer-inner\"><\/div>\n\t\t<\/div>\n\t\t\t\t<\/div>\n\t\t\t\t<\/div>\n\t\t\t\t<div class=\"elementor-element elementor-element-6b643e0 elementor-widget elementor-widget-text-editor\" data-id=\"6b643e0\" data-element_type=\"widget\" data-widget_type=\"text-editor.default\">\n\t\t\t\t<div class=\"elementor-widget-container\">\n\t\t\t\t\t\t\t\t<div class=\"elementor-text-editor elementor-clearfix\">\n\t\t\t\t<p>The English Way owes its name to the nationality of the merchants who came by sea to sell their products in Galician markets, particularly in Ferrol, A Coru\u00f1a, Ribadeo, and Viveiro. These merchants, the majority of whom were either English, Irish, Scottish, or Flemish, (although there were also some from Scandinavian countries), initially came to Galicia not to visit Santiago, but to sell product. Pilgrimages through Galicia began in the 12th century when Templars and Crusaders who were visiting the Sacred Land started visiting Santiago with the intention of asking the Apostle to bless their voyages. This became a common custom among knights and kings across Europe, such as Norwegian King Sirgud Jorsalafar in 1108, Saint Reginald III in 1151, and the Icelandic monk Nicolas Bergsson, who, in 1154, passed through Santiago while completing his 5-year journey on foot from Iceland to Rome.\u00a0<\/p><p>In the middle of the 14th century, the pilgrimage spread to even more travelers from the British Isles, who, from the ports of A Coru\u00f1a and Lugo, did the trip to Santiago on horseback or by foot. This Way, although not without its dangers, greatly reduced the length of the Camino de Santiago. By sea, reaching the cathedral usually took 10-21 days, and by foot from France, pilgrims had to undertake a long four-five month journey filled with dangerous bandits and thieves. In any case, those who chose the English Way were welcomed to monasteries and hospitals run by the Hospital Order of the Sancti Spiritus or the Franciscan Order.\u00a0<\/p><p>Con el enorme aumento de las peregrinaciones, los armadores se vieron obligados a solicitar permisos de la Corona para sus viajes, los cuales les autorizaban a embarcar una cantidad determinada de romeros en sus barcos. De estos permisos destaca el concedido en el conocido como \u2018A\u00f1o de la Perdonanza\u2019, en 1434, en el que se permiti\u00f3\u00a0el embarque de m\u00e1s de 2000 peregrinos, por lo que el precio de los derechos de anclaje en el puerto de A Coru\u00f1a subi\u00f3 ostensiblemente.<\/p><p>These British pilgrimages are remembered through various 14th and 15th-century ceramic artifacts and offerings found during excavations of the Cathedral, such as a portable alabaster altarpiece with five scenes of Santiago\u2019s life, donated to the Cathedral by John Goodvear in 1456.\u00a0<\/p><p>Despite the history surrounding this Way, the current itinerary has little in common with the original, as it is now mostly on land. Although it can be completed from A Coru\u00f1a (also known as the Cami\u00f1o do Faro, or the Lighthouse Way) or Ferrol, the truth is that only those who leave from Ferrol can obtain the title of Compostelana, as the mere 70 km from Coru\u00f1a aren\u2019t enough. At any rate, the English Way is either of two itineraries full of beauty and historical importance which merge together in the town of Bruma, and from there lead to Santiago de Compostela.\u00a0<\/p><p>With a strong coastal influence, both routes traverse green landscapes, rural zones, and interior villages, and offer the pilgrims three stages from A Coru\u00f1a (or five from Ferrol) on a path few choose to travel.\u00a0<\/p><p class=\" translation-block\"><span style=\"font-family: FuturaLTPro-Book, sans-serif;\"><span style=\"font-size: x-large;\"><strong>CURIOSIDAD:<\/strong> Aunque este Camino es, hoy en d\u00eda, terrestre, una original alternativa para realizarlo es mediante la f\u00f3rmula conocida como \u2018Navega el Camino\u2019, donde los peregrinos recorren las primeras etapas en barcos de vela, para atracar en el puerto de A Coru\u00f1a y recorrer el \u00faltimo tramo a pie hasta Santiago. Para recibir la Compostelana es necesario completar 100 millas a trav\u00e9s del mar y una \u00faltima parte caminando, normalmente desde el monte do Gozo hasta la ciudad del Ap\u00f3stol.<\/span><\/span><\/p>\t\t\t\t\t<\/div>\n\t\t\t\t\t\t<\/div>\n\t\t\t\t<\/div>\n\t\t\t\t<div class=\"elementor-element elementor-element-39d7808 elementor-widget elementor-widget-spacer\" data-id=\"39d7808\" data-element_type=\"widget\" data-widget_type=\"spacer.default\">\n\t\t\t\t<div class=\"elementor-widget-container\">\n\t\t\t\t\t<div class=\"elementor-spacer\">\n\t\t\t<div class=\"elementor-spacer-inner\"><\/div>\n\t\t<\/div>\n\t\t\t\t<\/div>\n\t\t\t\t<\/div>\n\t\t\t\t\t\t<\/div>\n\t\t\t\t\t<\/div>\n\t\t<\/div>\n\t\t\t\t\t\t\t\t<\/div>\n\t\t\t\t\t<\/div>\n\t\t<\/section>\n\t\t\t\t\t\t\t\t\t<\/div>\n\t\t\t<\/div>\n\t\t\t\t\t<\/div>","protected":false},"excerpt":{"rendered":"<p>El Camino Ingl\u00e9s debe su nombre a la nacionalidad de los comerciantes que llegaban por mar a los puertos de Galicia para vender sus mercanc\u00edas, concretamente a Ferrol y A Coru\u00f1a, aunque tambi\u00e9n a las costas de Ribadeo y Viveiro. En su mayor\u00eda ingleses, irlandeses, escoceses y flamencos, aunque tambi\u00e9n de los pa\u00edses escandinavos, estos &#8230; <a title=\"Historia del Camino Ingl\u00e9s\" class=\"read-more\" href=\"https:\/\/hastalavista.es\/eng\/caminos\/el-camino-ingles\/historia-del-camino-ingles\/\">Read more<\/a><\/p>","protected":false},"author":1,"featured_media":6689,"parent":457,"menu_order":0,"comment_status":"closed","ping_status":"closed","template":"","meta":[],"yoast_head":"<!-- This site is optimized with the Yoast SEO plugin v17.6 - https:\/\/yoast.com\/wordpress\/plugins\/seo\/ -->\n<title>Historia del Camino Ingl\u00e9s - Hasta la vista<\/title>\n<meta name=\"robots\" content=\"index, follow, max-snippet:-1, max-image-preview:large, max-video-preview:-1\" \/>\n<link rel=\"canonical\" href=\"https:\/\/hastalavista.es\/eng\/caminos\/el-camino-ingles\/historia-del-camino-ingles\/\" \/>\n<meta property=\"og:locale\" content=\"en_US\" \/>\n<meta property=\"og:type\" content=\"article\" \/>\n<meta property=\"og:title\" content=\"Historia del Camino Ingl\u00e9s - Hasta la vista\" \/>\n<meta property=\"og:description\" content=\"El Camino Ingl\u00e9s debe su nombre a la nacionalidad de los comerciantes que llegaban por mar a los puertos de Galicia para vender sus mercanc\u00edas, concretamente a Ferrol y A Coru\u00f1a, aunque tambi\u00e9n a las costas de Ribadeo y Viveiro. En su mayor\u00eda ingleses, irlandeses, escoceses y flamencos, aunque tambi\u00e9n de los pa\u00edses escandinavos, estos ... Read more\" \/>\n<meta property=\"og:url\" content=\"https:\/\/hastalavista.es\/eng\/caminos\/el-camino-ingles\/historia-del-camino-ingles\/\" \/>\n<meta property=\"og:site_name\" content=\"Hasta la vista\" \/>\n<meta property=\"article:modified_time\" content=\"2020-07-27T15:21:42+00:00\" \/>\n<meta property=\"og:image\" content=\"https:\/\/hastalavista.es\/wp-content\/uploads\/2020\/07\/Imagen-27-7-20-a-las-17.19.jpg\" \/>\n\t<meta property=\"og:image:width\" content=\"1439\" \/>\n\t<meta property=\"og:image:height\" content=\"784\" \/>\n<meta name=\"twitter:card\" content=\"summary_large_image\" \/>\n<meta name=\"twitter:label1\" content=\"Est. reading time\" \/>\n\t<meta name=\"twitter:data1\" content=\"4 minutes\" \/>\n<script type=\"application\/ld+json\" class=\"yoast-schema-graph\">{\"@context\":\"https:\/\/schema.org\",\"@graph\":[{\"@type\":\"WebSite\",\"@id\":\"https:\/\/hastalavista.es\/gal\/#website\",\"url\":\"https:\/\/hastalavista.es\/gal\/\",\"name\":\"Hasta la vista\",\"description\":\"\",\"potentialAction\":[{\"@type\":\"SearchAction\",\"target\":{\"@type\":\"EntryPoint\",\"urlTemplate\":\"https:\/\/hastalavista.es\/gal\/?s={search_term_string}\"},\"query-input\":\"required name=search_term_string\"}],\"inLanguage\":\"en-US\"},{\"@type\":\"ImageObject\",\"@id\":\"https:\/\/hastalavista.es\/caminos\/el-camino-ingles\/historia-del-camino-ingles\/#primaryimage\",\"inLanguage\":\"en-US\",\"url\":\"https:\/\/hastalavista.es\/wp-content\/uploads\/2020\/07\/Imagen-27-7-20-a-las-17.19.jpg\",\"contentUrl\":\"https:\/\/hastalavista.es\/wp-content\/uploads\/2020\/07\/Imagen-27-7-20-a-las-17.19.jpg\",\"width\":1439,\"height\":784},{\"@type\":\"WebPage\",\"@id\":\"https:\/\/hastalavista.es\/caminos\/el-camino-ingles\/historia-del-camino-ingles\/#webpage\",\"url\":\"https:\/\/hastalavista.es\/caminos\/el-camino-ingles\/historia-del-camino-ingles\/\",\"name\":\"Historia del Camino Ingl\\u00e9s - Hasta la vista\",\"isPartOf\":{\"@id\":\"https:\/\/hastalavista.es\/gal\/#website\"},\"primaryImageOfPage\":{\"@id\":\"https:\/\/hastalavista.es\/caminos\/el-camino-ingles\/historia-del-camino-ingles\/#primaryimage\"},\"datePublished\":\"2020-02-18T19:48:11+00:00\",\"dateModified\":\"2020-07-27T15:21:42+00:00\",\"breadcrumb\":{\"@id\":\"https:\/\/hastalavista.es\/caminos\/el-camino-ingles\/historia-del-camino-ingles\/#breadcrumb\"},\"inLanguage\":\"en-US\",\"potentialAction\":[{\"@type\":\"ReadAction\",\"target\":[\"https:\/\/hastalavista.es\/caminos\/el-camino-ingles\/historia-del-camino-ingles\/\"]}]},{\"@type\":\"BreadcrumbList\",\"@id\":\"https:\/\/hastalavista.es\/caminos\/el-camino-ingles\/historia-del-camino-ingles\/#breadcrumb\",\"itemListElement\":[{\"@type\":\"ListItem\",\"position\":1,\"name\":\"Inicio\",\"item\":\"https:\/\/hastalavista.es\/\"},{\"@type\":\"ListItem\",\"position\":2,\"name\":\"Caminos\",\"item\":\"https:\/\/hastalavista.es\/?page_id=284\"},{\"@type\":\"ListItem\",\"position\":3,\"name\":\"El Camino Ingl\\u00e9s\",\"item\":\"https:\/\/hastalavista.es\/caminos\/el-camino-ingles\/\"},{\"@type\":\"ListItem\",\"position\":4,\"name\":\"Historia del Camino Ingl\\u00e9s\"}]}]}<\/script>\n<!-- \/ Yoast SEO plugin. -->","yoast_head_json":{"title":"Historia del Camino Ingl\u00e9s - Hasta la vista","robots":{"index":"index","follow":"follow","max-snippet":"max-snippet:-1","max-image-preview":"max-image-preview:large","max-video-preview":"max-video-preview:-1"},"canonical":"https:\/\/hastalavista.es\/eng\/caminos\/el-camino-ingles\/historia-del-camino-ingles\/","og_locale":"en_US","og_type":"article","og_title":"Historia del Camino Ingl\u00e9s - Hasta la vista","og_description":"El Camino Ingl\u00e9s debe su nombre a la nacionalidad de los comerciantes que llegaban por mar a los puertos de Galicia para vender sus mercanc\u00edas, concretamente a Ferrol y A Coru\u00f1a, aunque tambi\u00e9n a las costas de Ribadeo y Viveiro. En su mayor\u00eda ingleses, irlandeses, escoceses y flamencos, aunque tambi\u00e9n de los pa\u00edses escandinavos, estos ... Read more","og_url":"https:\/\/hastalavista.es\/eng\/caminos\/el-camino-ingles\/historia-del-camino-ingles\/","og_site_name":"Hasta la vista","article_modified_time":"2020-07-27T15:21:42+00:00","og_image":[{"width":1439,"height":784,"url":"https:\/\/hastalavista.es\/wp-content\/uploads\/2020\/07\/Imagen-27-7-20-a-las-17.19.jpg","type":"image\/jpeg"}],"twitter_card":"summary_large_image","twitter_misc":{"Est. reading time":"4 minutes"},"schema":{"@context":"https:\/\/schema.org","@graph":[{"@type":"WebSite","@id":"https:\/\/hastalavista.es\/gal\/#website","url":"https:\/\/hastalavista.es\/gal\/","name":"Hasta la vista","description":"","potentialAction":[{"@type":"SearchAction","target":{"@type":"EntryPoint","urlTemplate":"https:\/\/hastalavista.es\/gal\/?s={search_term_string}"},"query-input":"required name=search_term_string"}],"inLanguage":"en-US"},{"@type":"ImageObject","@id":"https:\/\/hastalavista.es\/caminos\/el-camino-ingles\/historia-del-camino-ingles\/#primaryimage","inLanguage":"en-US","url":"https:\/\/hastalavista.es\/wp-content\/uploads\/2020\/07\/Imagen-27-7-20-a-las-17.19.jpg","contentUrl":"https:\/\/hastalavista.es\/wp-content\/uploads\/2020\/07\/Imagen-27-7-20-a-las-17.19.jpg","width":1439,"height":784},{"@type":"WebPage","@id":"https:\/\/hastalavista.es\/caminos\/el-camino-ingles\/historia-del-camino-ingles\/#webpage","url":"https:\/\/hastalavista.es\/caminos\/el-camino-ingles\/historia-del-camino-ingles\/","name":"Historia del Camino Ingl\u00e9s - Hasta la vista","isPartOf":{"@id":"https:\/\/hastalavista.es\/gal\/#website"},"primaryImageOfPage":{"@id":"https:\/\/hastalavista.es\/caminos\/el-camino-ingles\/historia-del-camino-ingles\/#primaryimage"},"datePublished":"2020-02-18T19:48:11+00:00","dateModified":"2020-07-27T15:21:42+00:00","breadcrumb":{"@id":"https:\/\/hastalavista.es\/caminos\/el-camino-ingles\/historia-del-camino-ingles\/#breadcrumb"},"inLanguage":"en-US","potentialAction":[{"@type":"ReadAction","target":["https:\/\/hastalavista.es\/caminos\/el-camino-ingles\/historia-del-camino-ingles\/"]}]},{"@type":"BreadcrumbList","@id":"https:\/\/hastalavista.es\/caminos\/el-camino-ingles\/historia-del-camino-ingles\/#breadcrumb","itemListElement":[{"@type":"ListItem","position":1,"name":"Inicio","item":"https:\/\/hastalavista.es\/"},{"@type":"ListItem","position":2,"name":"Caminos","item":"https:\/\/hastalavista.es\/?page_id=284"},{"@type":"ListItem","position":3,"name":"El Camino Ingl\u00e9s","item":"https:\/\/hastalavista.es\/caminos\/el-camino-ingles\/"},{"@type":"ListItem","position":4,"name":"Historia del Camino Ingl\u00e9s"}]}]}},"_links":{"self":[{"href":"https:\/\/hastalavista.es\/eng\/wp-json\/wp\/v2\/pages\/4376"}],"collection":[{"href":"https:\/\/hastalavista.es\/eng\/wp-json\/wp\/v2\/pages"}],"about":[{"href":"https:\/\/hastalavista.es\/eng\/wp-json\/wp\/v2\/types\/page"}],"author":[{"embeddable":true,"href":"https:\/\/hastalavista.es\/eng\/wp-json\/wp\/v2\/users\/1"}],"replies":[{"embeddable":true,"href":"https:\/\/hastalavista.es\/eng\/wp-json\/wp\/v2\/comments?post=4376"}],"version-history":[{"count":13,"href":"https:\/\/hastalavista.es\/eng\/wp-json\/wp\/v2\/pages\/4376\/revisions"}],"predecessor-version":[{"id":6690,"href":"https:\/\/hastalavista.es\/eng\/wp-json\/wp\/v2\/pages\/4376\/revisions\/6690"}],"up":[{"embeddable":true,"href":"https:\/\/hastalavista.es\/eng\/wp-json\/wp\/v2\/pages\/457"}],"wp:featuredmedia":[{"embeddable":true,"href":"https:\/\/hastalavista.es\/eng\/wp-json\/wp\/v2\/media\/6689"}],"wp:attachment":[{"href":"https:\/\/hastalavista.es\/eng\/wp-json\/wp\/v2\/media?parent=4376"}],"curies":[{"name":"wp","href":"https:\/\/api.w.org\/{rel}","templated":true}]}}