{"id":4379,"date":"2020-02-18T20:18:24","date_gmt":"2020-02-18T20:18:24","guid":{"rendered":"https:\/\/hastalavista.es\/?page_id=4379"},"modified":"2020-07-31T16:14:01","modified_gmt":"2020-07-31T16:14:01","slug":"etapas-del-camino-ingles","status":"publish","type":"page","link":"https:\/\/hastalavista.es\/eng\/caminos\/el-camino-ingles\/etapas-del-camino-ingles\/","title":{"rendered":"Etapas del Camino Ingl\u00e9s"},"content":{"rendered":"<div data-elementor-type=\"wp-page\" data-elementor-id=\"4379\" class=\"elementor elementor-4379\">\n\t\t\t\t\t\t<div class=\"elementor-inner\">\n\t\t\t\t<div class=\"elementor-section-wrap\">\n\t\t\t\t\t\t\t\t\t<section class=\"elementor-section elementor-top-section elementor-element elementor-element-e589fe3 elementor-section-height-min-height elementor-section-boxed elementor-section-height-default elementor-section-items-middle\" data-id=\"e589fe3\" data-element_type=\"section\" data-settings=\"{&quot;background_background&quot;:&quot;classic&quot;,&quot;shape_divider_bottom&quot;:&quot;waves&quot;}\">\n\t\t\t\t\t\t\t<div class=\"elementor-background-overlay\"><\/div>\n\t\t\t\t\t\t<div class=\"elementor-shape elementor-shape-bottom\" data-negative=\"false\">\n\t\t\t<svg xmlns=\"http:\/\/www.w3.org\/2000\/svg\" viewbox=\"0 0 1000 100\" preserveaspectratio=\"none\">\n\t<path class=\"elementor-shape-fill\" d=\"M421.9,6.5c22.6-2.5,51.5,0.4,75.5,5.3c23.6,4.9,70.9,23.5,100.5,35.7c75.8,32.2,133.7,44.5,192.6,49.7\tc23.6,2.1,48.7,3.5,103.4-2.5c54.7-6,106.2-25.6,106.2-25.6V0H0v30.3c0,0,72,32.6,158.4,30.5c39.2-0.7,92.8-6.7,134-22.4\tc21.2-8.1,52.2-18.2,79.7-24.2C399.3,7.9,411.6,7.5,421.9,6.5z\"\/>\n<\/svg>\t\t<\/div>\n\t\t\t\t\t<div class=\"elementor-container elementor-column-gap-default\">\n\t\t\t\t\t\t\t<div class=\"elementor-row\">\n\t\t\t\t\t<div class=\"elementor-column elementor-col-100 elementor-top-column elementor-element elementor-element-eaa06c7\" data-id=\"eaa06c7\" data-element_type=\"column\">\n\t\t\t<div class=\"elementor-column-wrap elementor-element-populated\">\n\t\t\t\t\t\t\t<div class=\"elementor-widget-wrap\">\n\t\t\t\t\t\t<div class=\"elementor-element elementor-element-bd2a496 elementor-align-center elementor-hidden-phone elementor-widget elementor-widget-breadcrumbs\" data-id=\"bd2a496\" data-element_type=\"widget\" data-widget_type=\"breadcrumbs.default\">\n\t\t\t\t<div class=\"elementor-widget-container\">\n\t\t\t<p id=\"breadcrumbs\"><span><span><a href=\"https:\/\/hastalavista.es\/\">Inicio<\/a><\/span><\/p>\t\t<\/div>\n\t\t\t\t<\/div>\n\t\t\t\t<div class=\"elementor-element elementor-element-f6dd5ba elementor-nav-menu__align-center elementor-nav-menu--dropdown-tablet elementor-nav-menu__text-align-aside elementor-nav-menu--toggle elementor-nav-menu--burger elementor-widget elementor-widget-nav-menu\" data-id=\"f6dd5ba\" data-element_type=\"widget\" data-settings=\"{&quot;layout&quot;:&quot;horizontal&quot;,&quot;submenu_icon&quot;:{&quot;value&quot;:&quot;&lt;i class=\\&quot;fas fa-caret-down\\&quot;&gt;&lt;\\\/i&gt;&quot;,&quot;library&quot;:&quot;fa-solid&quot;},&quot;toggle&quot;:&quot;burger&quot;}\" data-widget_type=\"nav-menu.default\">\n\t\t\t\t<div class=\"elementor-widget-container\">\n\t\t\t\t\t\t<nav migration_allowed=\"1\" migrated=\"0\" role=\"navigation\" class=\"elementor-nav-menu--main elementor-nav-menu__container elementor-nav-menu--layout-horizontal e--pointer-background e--animation-fade\">\n\t\t\t\t<ul id=\"menu-1-f6dd5ba\" class=\"elementor-nav-menu\"><li class=\"menu-item menu-item-type-post_type menu-item-object-page menu-item-4384\"><a href=\"https:\/\/hastalavista.es\/eng\/caminos\/el-camino-ingles\/historia-del-camino-ingles\/\" class=\"elementor-item\">History<\/a><\/li>\n<li class=\"menu-item menu-item-type-post_type menu-item-object-page menu-item-4383\"><a href=\"https:\/\/hastalavista.es\/eng\/caminos\/el-camino-ingles\/etapas-del-camino-ingles\/\" class=\"elementor-item\">Stages<\/a><\/li>\n<li class=\"menu-item menu-item-type-post_type menu-item-object-page menu-item-4463\"><a href=\"https:\/\/hastalavista.es\/eng\/caminos\/el-camino-ingles\/donde-dormir-en-ferrol\/\" class=\"elementor-item\">Spend the night<\/a><\/li>\n<li class=\"menu-item menu-item-type-post_type menu-item-object-page menu-item-4399\"><a href=\"https:\/\/hastalavista.es\/eng\/caminos\/el-camino-ingles\/donde-comer-en-ferrol\/\" class=\"elementor-item\">Places to eat<\/a><\/li>\n<li class=\"menu-item menu-item-type-post_type menu-item-object-page menu-item-4467\"><a href=\"https:\/\/hastalavista.es\/eng\/caminos\/el-camino-ingles\/galeria-del-camino-ingles\/\" class=\"elementor-item\">Gallery<\/a><\/li>\n<li class=\"menu-item menu-item-type-post_type menu-item-object-page menu-item-5823\"><a href=\"https:\/\/hastalavista.es\/eng\/caminos\/el-camino-ingles\/que-hacer-en-el-camino-ingles\/\" class=\"elementor-item\">Idle Pilgrim<\/a><\/li>\n<li class=\"menu-item menu-item-type-custom menu-item-object-custom menu-item-4469\"><a href=\"#\" class=\"elementor-item elementor-item-anchor\">\u00a1Atention Pilgrim!<\/a><\/li>\n<\/ul>\t\t\t<\/nav>\n\t\t\t\t\t<div class=\"elementor-menu-toggle\" role=\"button\" tabindex=\"0\" aria-label=\"Menu Toggle\" aria-expanded=\"false\">\n\t\t\t<i aria-hidden=\"true\" role=\"presentation\" class=\"eicon-menu-bar\"><\/i>\t\t\t<span class=\"elementor-screen-only\">Menu<\/span>\n\t\t<\/div>\n\t\t\t<nav class=\"elementor-nav-menu--dropdown elementor-nav-menu__container\" role=\"navigation\" aria-hidden=\"true\">\n\t\t\t\t<ul id=\"menu-2-f6dd5ba\" class=\"elementor-nav-menu\"><li class=\"menu-item menu-item-type-post_type menu-item-object-page menu-item-4384\"><a href=\"https:\/\/hastalavista.es\/eng\/caminos\/el-camino-ingles\/historia-del-camino-ingles\/\" class=\"elementor-item\" tabindex=\"-1\">History<\/a><\/li>\n<li class=\"menu-item menu-item-type-post_type menu-item-object-page menu-item-4383\"><a href=\"https:\/\/hastalavista.es\/eng\/caminos\/el-camino-ingles\/etapas-del-camino-ingles\/\" class=\"elementor-item\" tabindex=\"-1\">Stages<\/a><\/li>\n<li class=\"menu-item menu-item-type-post_type menu-item-object-page menu-item-4463\"><a href=\"https:\/\/hastalavista.es\/eng\/caminos\/el-camino-ingles\/donde-dormir-en-ferrol\/\" class=\"elementor-item\" tabindex=\"-1\">Spend the night<\/a><\/li>\n<li class=\"menu-item menu-item-type-post_type menu-item-object-page menu-item-4399\"><a href=\"https:\/\/hastalavista.es\/eng\/caminos\/el-camino-ingles\/donde-comer-en-ferrol\/\" class=\"elementor-item\" tabindex=\"-1\">Places to eat<\/a><\/li>\n<li class=\"menu-item menu-item-type-post_type menu-item-object-page menu-item-4467\"><a href=\"https:\/\/hastalavista.es\/eng\/caminos\/el-camino-ingles\/galeria-del-camino-ingles\/\" class=\"elementor-item\" tabindex=\"-1\">Gallery<\/a><\/li>\n<li class=\"menu-item menu-item-type-post_type menu-item-object-page menu-item-5823\"><a href=\"https:\/\/hastalavista.es\/eng\/caminos\/el-camino-ingles\/que-hacer-en-el-camino-ingles\/\" class=\"elementor-item\" tabindex=\"-1\">Idle Pilgrim<\/a><\/li>\n<li class=\"menu-item menu-item-type-custom menu-item-object-custom menu-item-4469\"><a href=\"#\" class=\"elementor-item elementor-item-anchor\" tabindex=\"-1\">\u00a1Atention Pilgrim!<\/a><\/li>\n<\/ul>\t\t\t<\/nav>\n\t\t\t\t<\/div>\n\t\t\t\t<\/div>\n\t\t\t\t\t\t<\/div>\n\t\t\t\t\t<\/div>\n\t\t<\/div>\n\t\t\t\t\t\t\t\t<\/div>\n\t\t\t\t\t<\/div>\n\t\t<\/section>\n\t\t\t\t<section class=\"elementor-section elementor-top-section elementor-element elementor-element-17d232a elementor-section-boxed elementor-section-height-default elementor-section-height-default\" data-id=\"17d232a\" data-element_type=\"section\" data-settings=\"{&quot;background_background&quot;:&quot;classic&quot;}\">\n\t\t\t\t\t\t\t<div class=\"elementor-background-overlay\"><\/div>\n\t\t\t\t\t\t\t<div class=\"elementor-container elementor-column-gap-default\">\n\t\t\t\t\t\t\t<div class=\"elementor-row\">\n\t\t\t\t\t<div class=\"elementor-column elementor-col-100 elementor-top-column elementor-element elementor-element-6200133\" data-id=\"6200133\" data-element_type=\"column\">\n\t\t\t<div class=\"elementor-column-wrap elementor-element-populated\">\n\t\t\t\t\t\t\t<div class=\"elementor-widget-wrap\">\n\t\t\t\t\t\t<div class=\"elementor-element elementor-element-140770c elementor-widget elementor-widget-text-editor\" data-id=\"140770c\" data-element_type=\"widget\" data-widget_type=\"text-editor.default\">\n\t\t\t\t<div class=\"elementor-widget-container\">\n\t\t\t\t\t\t\t\t<div class=\"elementor-text-editor elementor-clearfix\">\n\t\t\t\t<p><b>1\u00aa Etapa: Ferrol &#8211; Neda \/ A Coru\u00f1a &#8211; Bruma: 33km<\/b><br \/><br \/>If we have opted to begin in Ferrol, we begin by heading to Curuxeiras, a medieval port from the 11th century. This stage takes us through Ferrol\u2019s neighborhoods parallel to the sea and passes through the municipality of Nar\u00f3n, where there is a rich cultural and religious heritage. A Madalena, a symbol of urbanism in the area, has great examples of this heritage found in the San Marti\u00f1o de Xubia Monastery and the\u00a0 18th-century As Aceas Mill.\u00a0<br \/><br \/>Furthermore, this stretch shares an itinerary with the pilgrimage to San Andr\u00e9s de Teixido, whose way is marked by red fish and joins us until O Ponto. This spot isn\u2019t far from our first stop, Neda, where the remains of the 15th-century hospital of Sancti Spiritus are found.\u00a0<br \/><br \/>In the case that we choose to begin in A Coru\u00f1a, the stage begins in its Historic Center, specifically in the Roman church of Santiago, only 2 kilometers away from the famous lighthouse which acted as a guide for the sea-faring pilgrims. This route goes through diverse villages and passes over the medieval bridge of A Xira (on the Vali\u00f1as River) until it reaches Cambre.<br \/><br \/>From here we still have to cross many towns on the way to Bruma, where we meet up with those who began their journey in Ferrol.\u00a0<br \/><br \/><b>2\u00aa Etapa: Neda &#8211; Mi\u00f1o: 22,1km<\/b><br \/><br \/>This stretch of the route passes through forests, some asphalt, and interesting villages such as Fene, which is famous for its industrial character and the well-known Museo del Humor. Also worth noting is Pontedueme, with a grand entrance of a 600-meter long 14th-century bridge which used to bear a chapel and a hospital. Known as \u2018A Ponte do Demo\u2019, it is said that it was constructed in a single night by the Devil so a young man could see his lover for the last time.\u00a0 <br \/><br \/>In the village itself, the great tower, remains of the old Andrade fortress, and the Church of Santiago are particularly interesting to see.<br \/><br \/>In the surrounding area, Pontedeume is crowned by its Andrade Castle, which rests on the Pena Leboreira and is also known as the \u2018Castelo da Fame\u2019 (Castle of Hunger) due to the legend that a couple died of hunger in its secret dungeon.\u00a0<br \/><br \/>Continuing on, we come across many small villages until crossing the medieval bridge of the Baxoi River whose construction was ordered by Andrade, and finally the town of Mi\u00f1o where we find the Roman church of San Xo\u00e1n de Vilanova.\u00a0<br \/><br \/><b>3\u00aa Etapa: Mi\u00f1o &#8211; Bruma: 34,8km<\/b><br \/><br \/>From Mi\u00f1o we head towards Betanzos, passing by another 14th-century bridge whose construction was ordered by Andrade, and by mountain we pass the Montecelo Pazo and the church of San Pantaloon das Vi\u00f1as.\u00a0<br \/>Closing in on Betanzos, we can enjoy the beautiful views of its coastline, and leave behind numerous towns and the Sanctuary of Nosa Se\u00f1ora do Cami\u00f1o. To reach Betanzos we must pass Arco da Ponte Vella, the ruins of a medieval wall. This village, hugely important in historical and artistic terms, was the capital of one of the seven ancient Galician provinces and maintains an enormous religious heritage. The chapel of San Paio (now in ruins), the church of San Francisco (which houses the remains of Fern\u00e1n P\u00e9rez de Andrade, protector of pilgrims), and the 15th-century church of Santiago are only a few of the monuments found here.\u00a0<br \/>From this village we travel through more villages and places of interest until arriving to Bruma.<br \/><br \/><b>4\u00aa Etapa: Bruma &#8211; Sig\u00fceiro: 24,2km<\/b><br \/><br \/>Acometemos la pen\u00faltima etapa por un trazado que mezcla asfalto y tierra, salpicado de bosques aut\u00f3ctonos y peque\u00f1os pueblos como Ordes, Cabeza de Lobo, As M\u00e1moas o A R\u00faa, donde se alza la iglesia de San Paio de Busc\u00e1s. <br \/><br \/>M\u00e1s adelante nos topamos con el molino de Trabe, el puente de O Cubo, la iglesia de la Virgen de la Merced de San Xuli\u00e1n de Poulo y la aldea de A Calle, donde se encuentra una placa del siglo XVI que recuerda el paso de Felipe II. <br \/><br \/>Ya en la zona de O Carballo y Casanova el trazado puede volverse inc\u00f3modo, puesto que es lugar de manantiales y en invierno el terreno suele estar anegado.<br \/><br \/>Desde este punto tendremos que cruzar el Puente Pereira y alguna villa m\u00e1s antes de llegar a la aldea medieval de Sig\u00fceiro, final de la etapa y donde nos encontraremos con el hist\u00f3rico puente sobre el r\u00edo Tambre.<br \/><br \/><b>5\u00aa Etapa: Sig\u00fceiro &#8211; Santiago de Compostela: 16km<\/b><br \/><br \/>The last stage of the English Way is comprised of both asphalt and earth and leads us through some townships until we reach Meoixonfrio, a place which used to have a VENTA where pilgrims would wash themselves. Close to this point is the Curceiro de A Coru\u00f1a, as well as a pre-Roman castro.\u00a0<br \/><br \/>Once we get into the city, the monument by sculptor Jos\u00e9 Mar\u00eda Acu\u00f1a greets us next to the Galician government building.\u00a0<br \/><br \/>A bit further, we pass through Porta da Pena (the remains of the wall which surrounded Compostela) in order to reach our awaited destination, the magnificent Cathedral.<\/p>\t\t\t\t\t<\/div>\n\t\t\t\t\t\t<\/div>\n\t\t\t\t<\/div>\n\t\t\t\t\t\t<\/div>\n\t\t\t\t\t<\/div>\n\t\t<\/div>\n\t\t\t\t\t\t\t\t<\/div>\n\t\t\t\t\t<\/div>\n\t\t<\/section>\n\t\t\t\t\t\t\t\t\t<\/div>\n\t\t\t<\/div>\n\t\t\t\t\t<\/div>","protected":false},"excerpt":{"rendered":"<p>1\u00aa Etapa: Ferrol &#8211; Neda \/ A Coru\u00f1a &#8211; Bruma: 33km Si hemos optado por la alternativa de Ferrol, arrancamos nuestro viaje desde la zona de Curuxeiras, antiguo puerto medieval del siglo XI. Esta etapa discurre por barrios ferrolanos paralelos a la r\u00eda y pasa por el municipio de Nar\u00f3n, zonas donde existe un buen &#8230; <a title=\"Etapas del Camino Ingl\u00e9s\" class=\"read-more\" href=\"https:\/\/hastalavista.es\/eng\/caminos\/el-camino-ingles\/etapas-del-camino-ingles\/\">Read more<\/a><\/p>","protected":false},"author":1,"featured_media":6700,"parent":457,"menu_order":0,"comment_status":"closed","ping_status":"closed","template":"","meta":[],"yoast_head":"<!-- This site is optimized with the Yoast SEO plugin v17.6 - https:\/\/yoast.com\/wordpress\/plugins\/seo\/ -->\n<title>Etapas del Camino Ingl\u00e9s - Hasta la vista<\/title>\n<meta name=\"robots\" content=\"index, follow, max-snippet:-1, max-image-preview:large, max-video-preview:-1\" \/>\n<link rel=\"canonical\" href=\"https:\/\/hastalavista.es\/eng\/caminos\/el-camino-ingles\/etapas-del-camino-ingles\/\" \/>\n<meta property=\"og:locale\" content=\"en_US\" \/>\n<meta property=\"og:type\" content=\"article\" \/>\n<meta property=\"og:title\" content=\"Etapas del Camino Ingl\u00e9s - Hasta la vista\" \/>\n<meta property=\"og:description\" content=\"1\u00aa Etapa: Ferrol &#8211; Neda \/ A Coru\u00f1a &#8211; Bruma: 33km Si hemos optado por la alternativa de Ferrol, arrancamos nuestro viaje desde la zona de Curuxeiras, antiguo puerto medieval del siglo XI. Esta etapa discurre por barrios ferrolanos paralelos a la r\u00eda y pasa por el municipio de Nar\u00f3n, zonas donde existe un buen ... Read more\" \/>\n<meta property=\"og:url\" content=\"https:\/\/hastalavista.es\/eng\/caminos\/el-camino-ingles\/etapas-del-camino-ingles\/\" \/>\n<meta property=\"og:site_name\" content=\"Hasta la vista\" \/>\n<meta property=\"article:modified_time\" content=\"2020-07-31T16:14:01+00:00\" \/>\n<meta property=\"og:image\" content=\"https:\/\/hastalavista.es\/wp-content\/uploads\/2020\/07\/Captura-de-pantalla-2020-07-31-a-las-18.13.28.png\" \/>\n\t<meta property=\"og:image:width\" content=\"584\" \/>\n\t<meta property=\"og:image:height\" content=\"488\" \/>\n<meta name=\"twitter:card\" content=\"summary_large_image\" \/>\n<meta name=\"twitter:label1\" content=\"Est. reading time\" \/>\n\t<meta name=\"twitter:data1\" content=\"5 minutes\" \/>\n<script type=\"application\/ld+json\" class=\"yoast-schema-graph\">{\"@context\":\"https:\/\/schema.org\",\"@graph\":[{\"@type\":\"WebSite\",\"@id\":\"https:\/\/hastalavista.es\/gal\/#website\",\"url\":\"https:\/\/hastalavista.es\/gal\/\",\"name\":\"Hasta la vista\",\"description\":\"\",\"potentialAction\":[{\"@type\":\"SearchAction\",\"target\":{\"@type\":\"EntryPoint\",\"urlTemplate\":\"https:\/\/hastalavista.es\/gal\/?s={search_term_string}\"},\"query-input\":\"required name=search_term_string\"}],\"inLanguage\":\"en-US\"},{\"@type\":\"ImageObject\",\"@id\":\"https:\/\/hastalavista.es\/caminos\/el-camino-ingles\/etapas-del-camino-ingles\/#primaryimage\",\"inLanguage\":\"en-US\",\"url\":\"https:\/\/hastalavista.es\/wp-content\/uploads\/2020\/07\/Captura-de-pantalla-2020-07-31-a-las-18.13.28.png\",\"contentUrl\":\"https:\/\/hastalavista.es\/wp-content\/uploads\/2020\/07\/Captura-de-pantalla-2020-07-31-a-las-18.13.28.png\",\"width\":584,\"height\":488},{\"@type\":\"WebPage\",\"@id\":\"https:\/\/hastalavista.es\/caminos\/el-camino-ingles\/etapas-del-camino-ingles\/#webpage\",\"url\":\"https:\/\/hastalavista.es\/caminos\/el-camino-ingles\/etapas-del-camino-ingles\/\",\"name\":\"Etapas del Camino Ingl\\u00e9s - Hasta la vista\",\"isPartOf\":{\"@id\":\"https:\/\/hastalavista.es\/gal\/#website\"},\"primaryImageOfPage\":{\"@id\":\"https:\/\/hastalavista.es\/caminos\/el-camino-ingles\/etapas-del-camino-ingles\/#primaryimage\"},\"datePublished\":\"2020-02-18T20:18:24+00:00\",\"dateModified\":\"2020-07-31T16:14:01+00:00\",\"breadcrumb\":{\"@id\":\"https:\/\/hastalavista.es\/caminos\/el-camino-ingles\/etapas-del-camino-ingles\/#breadcrumb\"},\"inLanguage\":\"en-US\",\"potentialAction\":[{\"@type\":\"ReadAction\",\"target\":[\"https:\/\/hastalavista.es\/caminos\/el-camino-ingles\/etapas-del-camino-ingles\/\"]}]},{\"@type\":\"BreadcrumbList\",\"@id\":\"https:\/\/hastalavista.es\/caminos\/el-camino-ingles\/etapas-del-camino-ingles\/#breadcrumb\",\"itemListElement\":[{\"@type\":\"ListItem\",\"position\":1,\"name\":\"Inicio\",\"item\":\"https:\/\/hastalavista.es\/\"},{\"@type\":\"ListItem\",\"position\":2,\"name\":\"Caminos\",\"item\":\"https:\/\/hastalavista.es\/?page_id=284\"},{\"@type\":\"ListItem\",\"position\":3,\"name\":\"El Camino Ingl\\u00e9s\",\"item\":\"https:\/\/hastalavista.es\/caminos\/el-camino-ingles\/\"},{\"@type\":\"ListItem\",\"position\":4,\"name\":\"Etapas del Camino Ingl\\u00e9s\"}]}]}<\/script>\n<!-- \/ Yoast SEO plugin. -->","yoast_head_json":{"title":"Etapas del Camino Ingl\u00e9s - Hasta la vista","robots":{"index":"index","follow":"follow","max-snippet":"max-snippet:-1","max-image-preview":"max-image-preview:large","max-video-preview":"max-video-preview:-1"},"canonical":"https:\/\/hastalavista.es\/eng\/caminos\/el-camino-ingles\/etapas-del-camino-ingles\/","og_locale":"en_US","og_type":"article","og_title":"Etapas del Camino Ingl\u00e9s - Hasta la vista","og_description":"1\u00aa Etapa: Ferrol &#8211; Neda \/ A Coru\u00f1a &#8211; Bruma: 33km Si hemos optado por la alternativa de Ferrol, arrancamos nuestro viaje desde la zona de Curuxeiras, antiguo puerto medieval del siglo XI. Esta etapa discurre por barrios ferrolanos paralelos a la r\u00eda y pasa por el municipio de Nar\u00f3n, zonas donde existe un buen ... Read more","og_url":"https:\/\/hastalavista.es\/eng\/caminos\/el-camino-ingles\/etapas-del-camino-ingles\/","og_site_name":"Hasta la vista","article_modified_time":"2020-07-31T16:14:01+00:00","og_image":[{"width":584,"height":488,"url":"https:\/\/hastalavista.es\/wp-content\/uploads\/2020\/07\/Captura-de-pantalla-2020-07-31-a-las-18.13.28.png","type":"image\/png"}],"twitter_card":"summary_large_image","twitter_misc":{"Est. reading time":"5 minutes"},"schema":{"@context":"https:\/\/schema.org","@graph":[{"@type":"WebSite","@id":"https:\/\/hastalavista.es\/gal\/#website","url":"https:\/\/hastalavista.es\/gal\/","name":"Hasta la vista","description":"","potentialAction":[{"@type":"SearchAction","target":{"@type":"EntryPoint","urlTemplate":"https:\/\/hastalavista.es\/gal\/?s={search_term_string}"},"query-input":"required name=search_term_string"}],"inLanguage":"en-US"},{"@type":"ImageObject","@id":"https:\/\/hastalavista.es\/caminos\/el-camino-ingles\/etapas-del-camino-ingles\/#primaryimage","inLanguage":"en-US","url":"https:\/\/hastalavista.es\/wp-content\/uploads\/2020\/07\/Captura-de-pantalla-2020-07-31-a-las-18.13.28.png","contentUrl":"https:\/\/hastalavista.es\/wp-content\/uploads\/2020\/07\/Captura-de-pantalla-2020-07-31-a-las-18.13.28.png","width":584,"height":488},{"@type":"WebPage","@id":"https:\/\/hastalavista.es\/caminos\/el-camino-ingles\/etapas-del-camino-ingles\/#webpage","url":"https:\/\/hastalavista.es\/caminos\/el-camino-ingles\/etapas-del-camino-ingles\/","name":"Etapas del Camino Ingl\u00e9s - Hasta la vista","isPartOf":{"@id":"https:\/\/hastalavista.es\/gal\/#website"},"primaryImageOfPage":{"@id":"https:\/\/hastalavista.es\/caminos\/el-camino-ingles\/etapas-del-camino-ingles\/#primaryimage"},"datePublished":"2020-02-18T20:18:24+00:00","dateModified":"2020-07-31T16:14:01+00:00","breadcrumb":{"@id":"https:\/\/hastalavista.es\/caminos\/el-camino-ingles\/etapas-del-camino-ingles\/#breadcrumb"},"inLanguage":"en-US","potentialAction":[{"@type":"ReadAction","target":["https:\/\/hastalavista.es\/caminos\/el-camino-ingles\/etapas-del-camino-ingles\/"]}]},{"@type":"BreadcrumbList","@id":"https:\/\/hastalavista.es\/caminos\/el-camino-ingles\/etapas-del-camino-ingles\/#breadcrumb","itemListElement":[{"@type":"ListItem","position":1,"name":"Inicio","item":"https:\/\/hastalavista.es\/"},{"@type":"ListItem","position":2,"name":"Caminos","item":"https:\/\/hastalavista.es\/?page_id=284"},{"@type":"ListItem","position":3,"name":"El Camino Ingl\u00e9s","item":"https:\/\/hastalavista.es\/caminos\/el-camino-ingles\/"},{"@type":"ListItem","position":4,"name":"Etapas del Camino Ingl\u00e9s"}]}]}},"_links":{"self":[{"href":"https:\/\/hastalavista.es\/eng\/wp-json\/wp\/v2\/pages\/4379"}],"collection":[{"href":"https:\/\/hastalavista.es\/eng\/wp-json\/wp\/v2\/pages"}],"about":[{"href":"https:\/\/hastalavista.es\/eng\/wp-json\/wp\/v2\/types\/page"}],"author":[{"embeddable":true,"href":"https:\/\/hastalavista.es\/eng\/wp-json\/wp\/v2\/users\/1"}],"replies":[{"embeddable":true,"href":"https:\/\/hastalavista.es\/eng\/wp-json\/wp\/v2\/comments?post=4379"}],"version-history":[{"count":15,"href":"https:\/\/hastalavista.es\/eng\/wp-json\/wp\/v2\/pages\/4379\/revisions"}],"predecessor-version":[{"id":6701,"href":"https:\/\/hastalavista.es\/eng\/wp-json\/wp\/v2\/pages\/4379\/revisions\/6701"}],"up":[{"embeddable":true,"href":"https:\/\/hastalavista.es\/eng\/wp-json\/wp\/v2\/pages\/457"}],"wp:featuredmedia":[{"embeddable":true,"href":"https:\/\/hastalavista.es\/eng\/wp-json\/wp\/v2\/media\/6700"}],"wp:attachment":[{"href":"https:\/\/hastalavista.es\/eng\/wp-json\/wp\/v2\/media?parent=4379"}],"curies":[{"name":"wp","href":"https:\/\/api.w.org\/{rel}","templated":true}]}}