{"id":4515,"date":"2020-02-19T12:13:53","date_gmt":"2020-02-19T12:13:53","guid":{"rendered":"https:\/\/hastalavista.es\/?page_id=4515"},"modified":"2020-02-26T22:16:43","modified_gmt":"2020-02-26T22:16:43","slug":"historia-del-camino-de-fisterra-y-muxia","status":"publish","type":"page","link":"https:\/\/hastalavista.es\/eng\/caminos\/fisterra-y-muxia\/historia-del-camino-de-fisterra-y-muxia\/","title":{"rendered":"Historia del Camino de Fisterra y mux\u00eda"},"content":{"rendered":"<div data-elementor-type=\"wp-page\" data-elementor-id=\"4515\" class=\"elementor elementor-4515\">\n\t\t\t\t\t\t<div class=\"elementor-inner\">\n\t\t\t\t<div class=\"elementor-section-wrap\">\n\t\t\t\t\t\t\t\t\t<section class=\"elementor-section elementor-top-section elementor-element elementor-element-dff797f elementor-section-height-min-height elementor-section-boxed elementor-section-height-default elementor-section-items-middle\" data-id=\"dff797f\" data-element_type=\"section\" data-settings=\"{&quot;background_background&quot;:&quot;classic&quot;,&quot;shape_divider_bottom&quot;:&quot;waves&quot;}\">\n\t\t\t\t\t\t\t<div class=\"elementor-background-overlay\"><\/div>\n\t\t\t\t\t\t<div class=\"elementor-shape elementor-shape-bottom\" data-negative=\"false\">\n\t\t\t<svg xmlns=\"http:\/\/www.w3.org\/2000\/svg\" viewbox=\"0 0 1000 100\" preserveaspectratio=\"none\">\n\t<path class=\"elementor-shape-fill\" d=\"M421.9,6.5c22.6-2.5,51.5,0.4,75.5,5.3c23.6,4.9,70.9,23.5,100.5,35.7c75.8,32.2,133.7,44.5,192.6,49.7\tc23.6,2.1,48.7,3.5,103.4-2.5c54.7-6,106.2-25.6,106.2-25.6V0H0v30.3c0,0,72,32.6,158.4,30.5c39.2-0.7,92.8-6.7,134-22.4\tc21.2-8.1,52.2-18.2,79.7-24.2C399.3,7.9,411.6,7.5,421.9,6.5z\"\/>\n<\/svg>\t\t<\/div>\n\t\t\t\t\t<div class=\"elementor-container elementor-column-gap-default\">\n\t\t\t\t\t\t\t<div class=\"elementor-row\">\n\t\t\t\t\t<div class=\"elementor-column elementor-col-100 elementor-top-column elementor-element elementor-element-90ecb3c\" data-id=\"90ecb3c\" data-element_type=\"column\">\n\t\t\t<div class=\"elementor-column-wrap elementor-element-populated\">\n\t\t\t\t\t\t\t<div class=\"elementor-widget-wrap\">\n\t\t\t\t\t\t<div class=\"elementor-element elementor-element-25096ad elementor-align-center elementor-hidden-phone elementor-widget elementor-widget-breadcrumbs\" data-id=\"25096ad\" data-element_type=\"widget\" data-widget_type=\"breadcrumbs.default\">\n\t\t\t\t<div class=\"elementor-widget-container\">\n\t\t\t<p id=\"breadcrumbs\"><span><span><a href=\"https:\/\/hastalavista.es\/\">Inicio<\/a><\/span><\/p>\t\t<\/div>\n\t\t\t\t<\/div>\n\t\t\t\t<div class=\"elementor-element elementor-element-1a964ee elementor-nav-menu__align-center elementor-nav-menu--dropdown-tablet elementor-nav-menu__text-align-aside elementor-nav-menu--toggle elementor-nav-menu--burger elementor-widget elementor-widget-nav-menu\" data-id=\"1a964ee\" data-element_type=\"widget\" data-settings=\"{&quot;layout&quot;:&quot;horizontal&quot;,&quot;submenu_icon&quot;:{&quot;value&quot;:&quot;&lt;i class=\\&quot;fas fa-caret-down\\&quot;&gt;&lt;\\\/i&gt;&quot;,&quot;library&quot;:&quot;fa-solid&quot;},&quot;toggle&quot;:&quot;burger&quot;}\" data-widget_type=\"nav-menu.default\">\n\t\t\t\t<div class=\"elementor-widget-container\">\n\t\t\t\t\t\t<nav migration_allowed=\"1\" migrated=\"0\" role=\"navigation\" class=\"elementor-nav-menu--main elementor-nav-menu__container elementor-nav-menu--layout-horizontal e--pointer-background e--animation-fade\">\n\t\t\t\t<ul id=\"menu-1-1a964ee\" class=\"elementor-nav-menu\"><li class=\"menu-item menu-item-type-post_type menu-item-object-page menu-item-4528\"><a href=\"https:\/\/hastalavista.es\/eng\/caminos\/fisterra-y-muxia\/historia-del-camino-de-fisterra-y-muxia\/\" class=\"elementor-item\">History<\/a><\/li>\n<li class=\"menu-item menu-item-type-post_type menu-item-object-page menu-item-4527\"><a href=\"https:\/\/hastalavista.es\/eng\/caminos\/fisterra-y-muxia\/etapas-del-camino-de-fisterra-y-muxia\/\" class=\"elementor-item\">Stages<\/a><\/li>\n<li class=\"menu-item menu-item-type-post_type menu-item-object-page menu-item-4585\"><a href=\"https:\/\/hastalavista.es\/eng\/caminos\/fisterra-y-muxia\/donde-dormir-en-negreira\/\" class=\"elementor-item\">Spend the night<\/a><\/li>\n<li class=\"menu-item menu-item-type-post_type menu-item-object-page menu-item-4586\"><a href=\"https:\/\/hastalavista.es\/eng\/caminos\/fisterra-y-muxia\/donde-comer-en-negreira\/\" class=\"elementor-item\">Places to eat<\/a><\/li>\n<li class=\"menu-item menu-item-type-post_type menu-item-object-page menu-item-5817\"><a href=\"https:\/\/hastalavista.es\/eng\/caminos\/fisterra-y-muxia\/que-hacer-en-el-camino-de-fisterra-y-muxia\/\" class=\"elementor-item\">Idle Pilgrim<\/a><\/li>\n<li class=\"menu-item menu-item-type-custom menu-item-object-custom menu-item-208\"><a href=\"#\" class=\"elementor-item elementor-item-anchor\">\u00a1Atention Pilgrim!<\/a><\/li>\n<li class=\"menu-item menu-item-type-post_type menu-item-object-page menu-item-4529\"><a href=\"https:\/\/hastalavista.es\/eng\/caminos\/fisterra-y-muxia\/galeria-del-camino-de-fisterra-y-muxia\/\" class=\"elementor-item\">Gallery<\/a><\/li>\n<\/ul>\t\t\t<\/nav>\n\t\t\t\t\t<div class=\"elementor-menu-toggle\" role=\"button\" tabindex=\"0\" aria-label=\"Menu Toggle\" aria-expanded=\"false\">\n\t\t\t<i aria-hidden=\"true\" role=\"presentation\" class=\"eicon-menu-bar\"><\/i>\t\t\t<span class=\"elementor-screen-only\">Menu<\/span>\n\t\t<\/div>\n\t\t\t<nav class=\"elementor-nav-menu--dropdown elementor-nav-menu__container\" role=\"navigation\" aria-hidden=\"true\">\n\t\t\t\t<ul id=\"menu-2-1a964ee\" class=\"elementor-nav-menu\"><li class=\"menu-item menu-item-type-post_type menu-item-object-page menu-item-4528\"><a href=\"https:\/\/hastalavista.es\/eng\/caminos\/fisterra-y-muxia\/historia-del-camino-de-fisterra-y-muxia\/\" class=\"elementor-item\" tabindex=\"-1\">History<\/a><\/li>\n<li class=\"menu-item menu-item-type-post_type menu-item-object-page menu-item-4527\"><a href=\"https:\/\/hastalavista.es\/eng\/caminos\/fisterra-y-muxia\/etapas-del-camino-de-fisterra-y-muxia\/\" class=\"elementor-item\" tabindex=\"-1\">Stages<\/a><\/li>\n<li class=\"menu-item menu-item-type-post_type menu-item-object-page menu-item-4585\"><a href=\"https:\/\/hastalavista.es\/eng\/caminos\/fisterra-y-muxia\/donde-dormir-en-negreira\/\" class=\"elementor-item\" tabindex=\"-1\">Spend the night<\/a><\/li>\n<li class=\"menu-item menu-item-type-post_type menu-item-object-page menu-item-4586\"><a href=\"https:\/\/hastalavista.es\/eng\/caminos\/fisterra-y-muxia\/donde-comer-en-negreira\/\" class=\"elementor-item\" tabindex=\"-1\">Places to eat<\/a><\/li>\n<li class=\"menu-item menu-item-type-post_type menu-item-object-page menu-item-5817\"><a href=\"https:\/\/hastalavista.es\/eng\/caminos\/fisterra-y-muxia\/que-hacer-en-el-camino-de-fisterra-y-muxia\/\" class=\"elementor-item\" tabindex=\"-1\">Idle Pilgrim<\/a><\/li>\n<li class=\"menu-item menu-item-type-custom menu-item-object-custom menu-item-208\"><a href=\"#\" class=\"elementor-item elementor-item-anchor\" tabindex=\"-1\">\u00a1Atention Pilgrim!<\/a><\/li>\n<li class=\"menu-item menu-item-type-post_type menu-item-object-page menu-item-4529\"><a href=\"https:\/\/hastalavista.es\/eng\/caminos\/fisterra-y-muxia\/galeria-del-camino-de-fisterra-y-muxia\/\" class=\"elementor-item\" tabindex=\"-1\">Gallery<\/a><\/li>\n<\/ul>\t\t\t<\/nav>\n\t\t\t\t<\/div>\n\t\t\t\t<\/div>\n\t\t\t\t\t\t<\/div>\n\t\t\t\t\t<\/div>\n\t\t<\/div>\n\t\t\t\t\t\t\t\t<\/div>\n\t\t\t\t\t<\/div>\n\t\t<\/section>\n\t\t\t\t<section class=\"elementor-section elementor-top-section elementor-element elementor-element-3c31472 elementor-section-boxed elementor-section-height-default elementor-section-height-default\" data-id=\"3c31472\" data-element_type=\"section\" data-settings=\"{&quot;background_background&quot;:&quot;classic&quot;}\">\n\t\t\t\t\t\t\t<div class=\"elementor-background-overlay\"><\/div>\n\t\t\t\t\t\t\t<div class=\"elementor-container elementor-column-gap-default\">\n\t\t\t\t\t\t\t<div class=\"elementor-row\">\n\t\t\t\t\t<div class=\"elementor-column elementor-col-100 elementor-top-column elementor-element elementor-element-6c31c90\" data-id=\"6c31c90\" data-element_type=\"column\">\n\t\t\t<div class=\"elementor-column-wrap elementor-element-populated\">\n\t\t\t\t\t\t\t<div class=\"elementor-widget-wrap\">\n\t\t\t\t\t\t<div class=\"elementor-element elementor-element-2df7d0f elementor-widget elementor-widget-spacer\" data-id=\"2df7d0f\" data-element_type=\"widget\" data-widget_type=\"spacer.default\">\n\t\t\t\t<div class=\"elementor-widget-container\">\n\t\t\t\t\t<div class=\"elementor-spacer\">\n\t\t\t<div class=\"elementor-spacer-inner\"><\/div>\n\t\t<\/div>\n\t\t\t\t<\/div>\n\t\t\t\t<\/div>\n\t\t\t\t<div class=\"elementor-element elementor-element-72ef2c6 elementor-widget elementor-widget-text-editor\" data-id=\"72ef2c6\" data-element_type=\"widget\" data-widget_type=\"text-editor.default\">\n\t\t\t\t<div class=\"elementor-widget-container\">\n\t\t\t\t\t\t\t\t<div class=\"elementor-text-editor elementor-clearfix\">\n\t\t\t\tAfter arriving to Santiago and paying respect to the remains of the Apostle, many pilgrims decide to extend their trip to Mux\u00eda and the cape Fisterra (known as Finis Terrae, or the end of the earth), two symbolic locations situated on the Costa da Morte. Translated to Death Coast, this area is named for its dangerous waters, which have caused a multitude of shipwrecks throughout history. With Pagan origins, Cape Fisterra was known as the end of the Earth until the end of the Middle Ages, where the pre-Romans, amazed by the light given by the sun over the ocean, were convinced that this is where souls ascended into heaven. According to legend, an altar was erected as an homage to the sun, \u2018Ara Solis\u2019, strongly tied to the ancient rites of fertility. This altar, because of it\u2019s Pagan roots, was destroyed by the Apostle by a flood, which also wiped away the town of Dugium. It is said that only two cows managed to escape the destruction, but were transformed into stone by Santiago as a punishment, making what is known today as \u2018Bois de Gures\u2019. It is also said that the Apostle created, in the same place, the chapel of San Guillermo, which has since disappeared.<br><br>\nDe origen pagano, el Cabo Fisterra era considerado como el \u00faltimo basti\u00f3n del mundo hasta finales de la Edad Media, donde los prerromanos, asombrados por el impresionante ocaso del sol sobre el oc\u00e9ano, aseguraban que las almas ascend\u00edan al cielo desde all\u00ed. <br><br>En homenaje a los milagros del astro rey, seg\u00fan la tradici\u00f3n, en los alrededores de este lugar se levantaba el altar de culto al sol, \u2018Ara Solis\u2019, muy vinculado a los antiguos ritos de fecundidad. Un altar que, por su origen pagano, fue arrasado por el Ap\u00f3stol mediante una inundaci\u00f3n que tambi\u00e9n acab\u00f3 con el poblado de Dugium. <br><br>Cuenta la leyenda que s\u00f3lo dos bueyes consiguieron escapar de tal destrucci\u00f3n, pero que Santiago los convirti\u00f3 en piedra como castigo, formando lo que hoy se conoce como \u2018Bois de Gures\u2019. <br><br>Tambi\u00e9n se dice que el Ap\u00f3stol levant\u00f3 en el mismo lugar de culto pagano la ermita de San Guillermo, ahora desaparecida.<br><br>\nFue a partir del siglo XII cuando esta zona y su Camino se cristianizan, al vincularlos el C\u00f3dice Calixtino con la tradici\u00f3n xacobea. A esto se une el hecho de que en ambos lugares se encuentran dos de los puntos religiosos m\u00e1s famosos de Galicia: el Santuario da Virxe da Barca de Mux\u00eda y el Santo Cristo de Fisterra.<br><br>\nEsta cristianizaci\u00f3n del Camino viene precedida de multitud de leyendas religiosas que cuentan desde el encuentro de Santiago con la Virgen Mar\u00eda en los confines del mundo, cuyo recuerdo se plasma en el Santuario da Virxe da Barca de Mux\u00eda, hasta el mito del traslado de los restos del Ap\u00f3stol, cuya historia se desarrolla entre la desaparecida ciudad romana de Dugium, cerca de Fisterra, y el puente sobre el r\u00edo Tambre, cerca de Negreira.<br><br>\n\u00danica ruta con origen en Santiago, durante siglos ha sido recorrida por gran cantidad de peregrinos, muchos de ellos ilustres, pero es en la d\u00e9cada de los 90 cuando se documenta y se reconoce por la Xunta de Galicia como uno de los caminos oficiales.<br><br>\nPara alcanzar el Fin del Mundo, cuyo itinerario religioso apunta a la senda que marca la V\u00eda L\u00e1ctea, este Camino puede realizarse por dos rutas diferentes que coinciden hasta Olveiroa. A partir de esta localidad el peregrino podr\u00e1 dirigirse hacia Fisterra por Corcubi\u00f3n, completando seis etapas, o directamente hacia Mux\u00eda, sumando un total de cinco. De cualquier forma, en el \u00faltimo recorrido se tendr\u00e1 que caminar entre ambas villas y el destino se situar\u00e1 m\u00e1s all\u00e1 de las mismas, siendo la meta final el Cabo de Fisterra o el Santuario da Virxe da Barca de Mux\u00eda.\t\t\t\t\t<\/div>\n\t\t\t\t\t\t<\/div>\n\t\t\t\t<\/div>\n\t\t\t\t<div class=\"elementor-element elementor-element-6aa6d66 elementor-widget elementor-widget-spacer\" data-id=\"6aa6d66\" data-element_type=\"widget\" data-widget_type=\"spacer.default\">\n\t\t\t\t<div class=\"elementor-widget-container\">\n\t\t\t\t\t<div class=\"elementor-spacer\">\n\t\t\t<div class=\"elementor-spacer-inner\"><\/div>\n\t\t<\/div>\n\t\t\t\t<\/div>\n\t\t\t\t<\/div>\n\t\t\t\t\t\t<\/div>\n\t\t\t\t\t<\/div>\n\t\t<\/div>\n\t\t\t\t\t\t\t\t<\/div>\n\t\t\t\t\t<\/div>\n\t\t<\/section>\n\t\t\t\t\t\t\t\t\t<\/div>\n\t\t\t<\/div>\n\t\t\t\t\t<\/div>","protected":false},"excerpt":{"rendered":"<p>Una vez llegados a Santiago y despu\u00e9s de rendir culto a los restos del Ap\u00f3stol, son muchos los peregrinos que deciden emprender su viaje hasta Mux\u00eda y el cabo Fisterra, (conocido como \u2018Finis terrae\u2019), lugares simb\u00f3licos situados en la tradicional \u2018Costa da Morte\u2019. Una zona que recibe este nombre por su peligrosidad, puesto que esta &#8230; <a title=\"Historia del Camino de Fisterra y mux\u00eda\" class=\"read-more\" href=\"https:\/\/hastalavista.es\/eng\/caminos\/fisterra-y-muxia\/historia-del-camino-de-fisterra-y-muxia\/\">Read more<\/a><\/p>","protected":false},"author":1,"featured_media":0,"parent":112,"menu_order":0,"comment_status":"closed","ping_status":"closed","template":"","meta":[],"yoast_head":"<!-- This site is optimized with the Yoast SEO plugin v17.6 - https:\/\/yoast.com\/wordpress\/plugins\/seo\/ -->\n<title>Historia del Camino de Fisterra y mux\u00eda - Hasta la vista<\/title>\n<meta name=\"robots\" content=\"index, follow, max-snippet:-1, max-image-preview:large, max-video-preview:-1\" \/>\n<link rel=\"canonical\" href=\"https:\/\/hastalavista.es\/eng\/caminos\/fisterra-y-muxia\/historia-del-camino-de-fisterra-y-muxia\/\" \/>\n<meta property=\"og:locale\" content=\"en_US\" \/>\n<meta property=\"og:type\" content=\"article\" \/>\n<meta property=\"og:title\" content=\"Historia del Camino de Fisterra y mux\u00eda - Hasta la vista\" \/>\n<meta property=\"og:description\" content=\"Una vez llegados a Santiago y despu\u00e9s de rendir culto a los restos del Ap\u00f3stol, son muchos los peregrinos que deciden emprender su viaje hasta Mux\u00eda y el cabo Fisterra, (conocido como \u2018Finis terrae\u2019), lugares simb\u00f3licos situados en la tradicional \u2018Costa da Morte\u2019. Una zona que recibe este nombre por su peligrosidad, puesto que esta ... Read more\" \/>\n<meta property=\"og:url\" content=\"https:\/\/hastalavista.es\/eng\/caminos\/fisterra-y-muxia\/historia-del-camino-de-fisterra-y-muxia\/\" \/>\n<meta property=\"og:site_name\" content=\"Hasta la vista\" \/>\n<meta property=\"article:modified_time\" content=\"2020-02-26T22:16:43+00:00\" \/>\n<meta name=\"twitter:card\" content=\"summary_large_image\" \/>\n<meta name=\"twitter:label1\" content=\"Est. reading time\" \/>\n\t<meta name=\"twitter:data1\" content=\"3 minutes\" \/>\n<script type=\"application\/ld+json\" class=\"yoast-schema-graph\">{\"@context\":\"https:\/\/schema.org\",\"@graph\":[{\"@type\":\"WebSite\",\"@id\":\"https:\/\/hastalavista.es\/gal\/#website\",\"url\":\"https:\/\/hastalavista.es\/gal\/\",\"name\":\"Hasta la vista\",\"description\":\"\",\"potentialAction\":[{\"@type\":\"SearchAction\",\"target\":{\"@type\":\"EntryPoint\",\"urlTemplate\":\"https:\/\/hastalavista.es\/gal\/?s={search_term_string}\"},\"query-input\":\"required name=search_term_string\"}],\"inLanguage\":\"en-US\"},{\"@type\":\"WebPage\",\"@id\":\"https:\/\/hastalavista.es\/caminos\/fisterra-y-muxia\/historia-del-camino-de-fisterra-y-muxia\/#webpage\",\"url\":\"https:\/\/hastalavista.es\/caminos\/fisterra-y-muxia\/historia-del-camino-de-fisterra-y-muxia\/\",\"name\":\"Historia del Camino de Fisterra y mux\\u00eda - Hasta la vista\",\"isPartOf\":{\"@id\":\"https:\/\/hastalavista.es\/gal\/#website\"},\"datePublished\":\"2020-02-19T12:13:53+00:00\",\"dateModified\":\"2020-02-26T22:16:43+00:00\",\"breadcrumb\":{\"@id\":\"https:\/\/hastalavista.es\/caminos\/fisterra-y-muxia\/historia-del-camino-de-fisterra-y-muxia\/#breadcrumb\"},\"inLanguage\":\"en-US\",\"potentialAction\":[{\"@type\":\"ReadAction\",\"target\":[\"https:\/\/hastalavista.es\/caminos\/fisterra-y-muxia\/historia-del-camino-de-fisterra-y-muxia\/\"]}]},{\"@type\":\"BreadcrumbList\",\"@id\":\"https:\/\/hastalavista.es\/caminos\/fisterra-y-muxia\/historia-del-camino-de-fisterra-y-muxia\/#breadcrumb\",\"itemListElement\":[{\"@type\":\"ListItem\",\"position\":1,\"name\":\"Inicio\",\"item\":\"https:\/\/hastalavista.es\/\"},{\"@type\":\"ListItem\",\"position\":2,\"name\":\"Caminos\",\"item\":\"https:\/\/hastalavista.es\/?page_id=284\"},{\"@type\":\"ListItem\",\"position\":3,\"name\":\"El camino de Fisterra y Mux\\u00eda\",\"item\":\"https:\/\/hastalavista.es\/caminos\/fisterra-y-muxia\/\"},{\"@type\":\"ListItem\",\"position\":4,\"name\":\"Historia del Camino de Fisterra y mux\\u00eda\"}]}]}<\/script>\n<!-- \/ Yoast SEO plugin. -->","yoast_head_json":{"title":"Historia del Camino de Fisterra y mux\u00eda - Hasta la vista","robots":{"index":"index","follow":"follow","max-snippet":"max-snippet:-1","max-image-preview":"max-image-preview:large","max-video-preview":"max-video-preview:-1"},"canonical":"https:\/\/hastalavista.es\/eng\/caminos\/fisterra-y-muxia\/historia-del-camino-de-fisterra-y-muxia\/","og_locale":"en_US","og_type":"article","og_title":"Historia del Camino de Fisterra y mux\u00eda - Hasta la vista","og_description":"Una vez llegados a Santiago y despu\u00e9s de rendir culto a los restos del Ap\u00f3stol, son muchos los peregrinos que deciden emprender su viaje hasta Mux\u00eda y el cabo Fisterra, (conocido como \u2018Finis terrae\u2019), lugares simb\u00f3licos situados en la tradicional \u2018Costa da Morte\u2019. Una zona que recibe este nombre por su peligrosidad, puesto que esta ... Read more","og_url":"https:\/\/hastalavista.es\/eng\/caminos\/fisterra-y-muxia\/historia-del-camino-de-fisterra-y-muxia\/","og_site_name":"Hasta la vista","article_modified_time":"2020-02-26T22:16:43+00:00","twitter_card":"summary_large_image","twitter_misc":{"Est. reading time":"3 minutes"},"schema":{"@context":"https:\/\/schema.org","@graph":[{"@type":"WebSite","@id":"https:\/\/hastalavista.es\/gal\/#website","url":"https:\/\/hastalavista.es\/gal\/","name":"Hasta la vista","description":"","potentialAction":[{"@type":"SearchAction","target":{"@type":"EntryPoint","urlTemplate":"https:\/\/hastalavista.es\/gal\/?s={search_term_string}"},"query-input":"required name=search_term_string"}],"inLanguage":"en-US"},{"@type":"WebPage","@id":"https:\/\/hastalavista.es\/caminos\/fisterra-y-muxia\/historia-del-camino-de-fisterra-y-muxia\/#webpage","url":"https:\/\/hastalavista.es\/caminos\/fisterra-y-muxia\/historia-del-camino-de-fisterra-y-muxia\/","name":"Historia del Camino de Fisterra y mux\u00eda - Hasta la vista","isPartOf":{"@id":"https:\/\/hastalavista.es\/gal\/#website"},"datePublished":"2020-02-19T12:13:53+00:00","dateModified":"2020-02-26T22:16:43+00:00","breadcrumb":{"@id":"https:\/\/hastalavista.es\/caminos\/fisterra-y-muxia\/historia-del-camino-de-fisterra-y-muxia\/#breadcrumb"},"inLanguage":"en-US","potentialAction":[{"@type":"ReadAction","target":["https:\/\/hastalavista.es\/caminos\/fisterra-y-muxia\/historia-del-camino-de-fisterra-y-muxia\/"]}]},{"@type":"BreadcrumbList","@id":"https:\/\/hastalavista.es\/caminos\/fisterra-y-muxia\/historia-del-camino-de-fisterra-y-muxia\/#breadcrumb","itemListElement":[{"@type":"ListItem","position":1,"name":"Inicio","item":"https:\/\/hastalavista.es\/"},{"@type":"ListItem","position":2,"name":"Caminos","item":"https:\/\/hastalavista.es\/?page_id=284"},{"@type":"ListItem","position":3,"name":"El camino de Fisterra y Mux\u00eda","item":"https:\/\/hastalavista.es\/caminos\/fisterra-y-muxia\/"},{"@type":"ListItem","position":4,"name":"Historia del Camino de Fisterra y mux\u00eda"}]}]}},"_links":{"self":[{"href":"https:\/\/hastalavista.es\/eng\/wp-json\/wp\/v2\/pages\/4515"}],"collection":[{"href":"https:\/\/hastalavista.es\/eng\/wp-json\/wp\/v2\/pages"}],"about":[{"href":"https:\/\/hastalavista.es\/eng\/wp-json\/wp\/v2\/types\/page"}],"author":[{"embeddable":true,"href":"https:\/\/hastalavista.es\/eng\/wp-json\/wp\/v2\/users\/1"}],"replies":[{"embeddable":true,"href":"https:\/\/hastalavista.es\/eng\/wp-json\/wp\/v2\/comments?post=4515"}],"version-history":[{"count":3,"href":"https:\/\/hastalavista.es\/eng\/wp-json\/wp\/v2\/pages\/4515\/revisions"}],"predecessor-version":[{"id":4658,"href":"https:\/\/hastalavista.es\/eng\/wp-json\/wp\/v2\/pages\/4515\/revisions\/4658"}],"up":[{"embeddable":true,"href":"https:\/\/hastalavista.es\/eng\/wp-json\/wp\/v2\/pages\/112"}],"wp:attachment":[{"href":"https:\/\/hastalavista.es\/eng\/wp-json\/wp\/v2\/media?parent=4515"}],"curies":[{"name":"wp","href":"https:\/\/api.w.org\/{rel}","templated":true}]}}