{"id":4598,"date":"2020-02-24T11:52:31","date_gmt":"2020-02-24T11:52:31","guid":{"rendered":"https:\/\/hastalavista.es\/?page_id=4598"},"modified":"2020-08-24T12:25:25","modified_gmt":"2020-08-24T12:25:25","slug":"historia-del-camino-del-norte-por-ribadeo","status":"publish","type":"page","link":"https:\/\/hastalavista.es\/eng\/caminos\/el-camino-del-norte-por-ribadeo\/historia-del-camino-del-norte-por-ribadeo\/","title":{"rendered":"Historia del Camino del Norte por Ribadeo"},"content":{"rendered":"<div data-elementor-type=\"wp-page\" data-elementor-id=\"4598\" class=\"elementor elementor-4598\">\n\t\t\t\t\t\t<div class=\"elementor-inner\">\n\t\t\t\t<div class=\"elementor-section-wrap\">\n\t\t\t\t\t\t\t\t\t<section class=\"elementor-section elementor-top-section elementor-element elementor-element-7b3cda5 elementor-section-height-min-height elementor-section-boxed elementor-section-height-default elementor-section-items-middle\" data-id=\"7b3cda5\" data-element_type=\"section\" data-settings=\"{&quot;background_background&quot;:&quot;classic&quot;,&quot;shape_divider_bottom&quot;:&quot;waves&quot;}\">\n\t\t\t\t\t\t\t<div class=\"elementor-background-overlay\"><\/div>\n\t\t\t\t\t\t<div class=\"elementor-shape elementor-shape-bottom\" data-negative=\"false\">\n\t\t\t<svg xmlns=\"http:\/\/www.w3.org\/2000\/svg\" viewbox=\"0 0 1000 100\" preserveaspectratio=\"none\">\n\t<path class=\"elementor-shape-fill\" d=\"M421.9,6.5c22.6-2.5,51.5,0.4,75.5,5.3c23.6,4.9,70.9,23.5,100.5,35.7c75.8,32.2,133.7,44.5,192.6,49.7\tc23.6,2.1,48.7,3.5,103.4-2.5c54.7-6,106.2-25.6,106.2-25.6V0H0v30.3c0,0,72,32.6,158.4,30.5c39.2-0.7,92.8-6.7,134-22.4\tc21.2-8.1,52.2-18.2,79.7-24.2C399.3,7.9,411.6,7.5,421.9,6.5z\"\/>\n<\/svg>\t\t<\/div>\n\t\t\t\t\t<div class=\"elementor-container elementor-column-gap-default\">\n\t\t\t\t\t\t\t<div class=\"elementor-row\">\n\t\t\t\t\t<div class=\"elementor-column elementor-col-100 elementor-top-column elementor-element elementor-element-1d20bf9\" data-id=\"1d20bf9\" data-element_type=\"column\">\n\t\t\t<div class=\"elementor-column-wrap elementor-element-populated\">\n\t\t\t\t\t\t\t<div class=\"elementor-widget-wrap\">\n\t\t\t\t\t\t<div class=\"elementor-element elementor-element-9ba531f elementor-align-center elementor-hidden-phone elementor-widget elementor-widget-breadcrumbs\" data-id=\"9ba531f\" data-element_type=\"widget\" data-widget_type=\"breadcrumbs.default\">\n\t\t\t\t<div class=\"elementor-widget-container\">\n\t\t\t<p id=\"breadcrumbs\"><span><span><a href=\"https:\/\/hastalavista.es\/\">Inicio<\/a><\/span><\/p>\t\t<\/div>\n\t\t\t\t<\/div>\n\t\t\t\t<div class=\"elementor-element elementor-element-2c7a36a elementor-nav-menu__align-center elementor-nav-menu--dropdown-tablet elementor-nav-menu__text-align-aside elementor-nav-menu--toggle elementor-nav-menu--burger elementor-widget elementor-widget-nav-menu\" data-id=\"2c7a36a\" data-element_type=\"widget\" data-settings=\"{&quot;layout&quot;:&quot;horizontal&quot;,&quot;submenu_icon&quot;:{&quot;value&quot;:&quot;&lt;i class=\\&quot;fas fa-caret-down\\&quot;&gt;&lt;\\\/i&gt;&quot;,&quot;library&quot;:&quot;fa-solid&quot;},&quot;toggle&quot;:&quot;burger&quot;}\" data-widget_type=\"nav-menu.default\">\n\t\t\t\t<div class=\"elementor-widget-container\">\n\t\t\t\t\t\t<nav migration_allowed=\"1\" migrated=\"0\" role=\"navigation\" class=\"elementor-nav-menu--main elementor-nav-menu__container elementor-nav-menu--layout-horizontal e--pointer-background e--animation-fade\">\n\t\t\t\t<ul id=\"menu-1-2c7a36a\" class=\"elementor-nav-menu\"><li class=\"menu-item menu-item-type-post_type menu-item-object-page menu-item-4616\"><a href=\"https:\/\/hastalavista.es\/eng\/caminos\/el-camino-del-norte-por-ribadeo\/historia-del-camino-del-norte-por-ribadeo\/\" class=\"elementor-item\">History<\/a><\/li>\n<li class=\"menu-item menu-item-type-post_type menu-item-object-page menu-item-4615\"><a href=\"https:\/\/hastalavista.es\/eng\/caminos\/el-camino-del-norte-por-ribadeo\/etapas-del-camino-del-norte-por-ribadeo\/\" class=\"elementor-item\">Stages<\/a><\/li>\n<li class=\"menu-item menu-item-type-post_type menu-item-object-page menu-item-4861\"><a href=\"https:\/\/hastalavista.es\/eng\/caminos\/el-camino-del-norte-por-ribadeo\/donde-dormir-en-ribadeo\/\" class=\"elementor-item\">Spend the night<\/a><\/li>\n<li class=\"menu-item menu-item-type-post_type menu-item-object-page menu-item-6014\"><a href=\"https:\/\/hastalavista.es\/eng\/caminos\/el-camino-del-norte-por-ribadeo\/donde-comer-en-ribadeo\/\" class=\"elementor-item\">Places to eat<\/a><\/li>\n<li class=\"menu-item menu-item-type-post_type menu-item-object-page menu-item-5834\"><a href=\"https:\/\/hastalavista.es\/eng\/caminos\/el-camino-del-norte-por-ribadeo\/que-hacer-en-el-camino-del-norte-por-ribadeo\/\" class=\"elementor-item\">Idle Pilgrim<\/a><\/li>\n<li class=\"menu-item menu-item-type-custom menu-item-object-custom menu-item-4029\"><a href=\"#\" class=\"elementor-item elementor-item-anchor\">\u00a1Atention Pilgrim!<\/a><\/li>\n<li class=\"menu-item menu-item-type-post_type menu-item-object-page menu-item-4614\"><a href=\"https:\/\/hastalavista.es\/eng\/caminos\/el-camino-del-norte-por-ribadeo\/galeria-del-camino-del-norte-por-ribadeo\/\" class=\"elementor-item\">Gallery<\/a><\/li>\n<\/ul>\t\t\t<\/nav>\n\t\t\t\t\t<div class=\"elementor-menu-toggle\" role=\"button\" tabindex=\"0\" aria-label=\"Menu Toggle\" aria-expanded=\"false\">\n\t\t\t<i aria-hidden=\"true\" role=\"presentation\" class=\"eicon-menu-bar\"><\/i>\t\t\t<span class=\"elementor-screen-only\">Menu<\/span>\n\t\t<\/div>\n\t\t\t<nav class=\"elementor-nav-menu--dropdown elementor-nav-menu__container\" role=\"navigation\" aria-hidden=\"true\">\n\t\t\t\t<ul id=\"menu-2-2c7a36a\" class=\"elementor-nav-menu\"><li class=\"menu-item menu-item-type-post_type menu-item-object-page menu-item-4616\"><a href=\"https:\/\/hastalavista.es\/eng\/caminos\/el-camino-del-norte-por-ribadeo\/historia-del-camino-del-norte-por-ribadeo\/\" class=\"elementor-item\" tabindex=\"-1\">History<\/a><\/li>\n<li class=\"menu-item menu-item-type-post_type menu-item-object-page menu-item-4615\"><a href=\"https:\/\/hastalavista.es\/eng\/caminos\/el-camino-del-norte-por-ribadeo\/etapas-del-camino-del-norte-por-ribadeo\/\" class=\"elementor-item\" tabindex=\"-1\">Stages<\/a><\/li>\n<li class=\"menu-item menu-item-type-post_type menu-item-object-page menu-item-4861\"><a href=\"https:\/\/hastalavista.es\/eng\/caminos\/el-camino-del-norte-por-ribadeo\/donde-dormir-en-ribadeo\/\" class=\"elementor-item\" tabindex=\"-1\">Spend the night<\/a><\/li>\n<li class=\"menu-item menu-item-type-post_type menu-item-object-page menu-item-6014\"><a href=\"https:\/\/hastalavista.es\/eng\/caminos\/el-camino-del-norte-por-ribadeo\/donde-comer-en-ribadeo\/\" class=\"elementor-item\" tabindex=\"-1\">Places to eat<\/a><\/li>\n<li class=\"menu-item menu-item-type-post_type menu-item-object-page menu-item-5834\"><a href=\"https:\/\/hastalavista.es\/eng\/caminos\/el-camino-del-norte-por-ribadeo\/que-hacer-en-el-camino-del-norte-por-ribadeo\/\" class=\"elementor-item\" tabindex=\"-1\">Idle Pilgrim<\/a><\/li>\n<li class=\"menu-item menu-item-type-custom menu-item-object-custom menu-item-4029\"><a href=\"#\" class=\"elementor-item elementor-item-anchor\" tabindex=\"-1\">\u00a1Atention Pilgrim!<\/a><\/li>\n<li class=\"menu-item menu-item-type-post_type menu-item-object-page menu-item-4614\"><a href=\"https:\/\/hastalavista.es\/eng\/caminos\/el-camino-del-norte-por-ribadeo\/galeria-del-camino-del-norte-por-ribadeo\/\" class=\"elementor-item\" tabindex=\"-1\">Gallery<\/a><\/li>\n<\/ul>\t\t\t<\/nav>\n\t\t\t\t<\/div>\n\t\t\t\t<\/div>\n\t\t\t\t\t\t<\/div>\n\t\t\t\t\t<\/div>\n\t\t<\/div>\n\t\t\t\t\t\t\t\t<\/div>\n\t\t\t\t\t<\/div>\n\t\t<\/section>\n\t\t\t\t<section class=\"elementor-section elementor-top-section elementor-element elementor-element-8e893c4 elementor-section-boxed elementor-section-height-default elementor-section-height-default\" data-id=\"8e893c4\" data-element_type=\"section\">\n\t\t\t\t\t\t<div class=\"elementor-container elementor-column-gap-default\">\n\t\t\t\t\t\t\t<div class=\"elementor-row\">\n\t\t\t\t\t<div class=\"elementor-column elementor-col-100 elementor-top-column elementor-element elementor-element-7934899\" data-id=\"7934899\" data-element_type=\"column\">\n\t\t\t<div class=\"elementor-column-wrap elementor-element-populated\">\n\t\t\t\t\t\t\t<div class=\"elementor-widget-wrap\">\n\t\t\t\t\t\t<div class=\"elementor-element elementor-element-7ebc1c9 elementor-widget elementor-widget-spacer\" data-id=\"7ebc1c9\" data-element_type=\"widget\" data-widget_type=\"spacer.default\">\n\t\t\t\t<div class=\"elementor-widget-container\">\n\t\t\t\t\t<div class=\"elementor-spacer\">\n\t\t\t<div class=\"elementor-spacer-inner\"><\/div>\n\t\t<\/div>\n\t\t\t\t<\/div>\n\t\t\t\t<\/div>\n\t\t\t\t<div class=\"elementor-element elementor-element-4454f96 elementor-widget elementor-widget-text-editor\" data-id=\"4454f96\" data-element_type=\"widget\" data-widget_type=\"text-editor.default\">\n\t\t\t\t<div class=\"elementor-widget-container\">\n\t\t\t\t\t\t\t\t<div class=\"elementor-text-editor elementor-clearfix\">\n\t\t\t\t<p>Considerada una de las rutas xacobeas m\u00e1s antiguas junto con el Camino Franc\u00e9s, este trazado entra en Galicia cruzando el mar Cant\u00e1brico a trav\u00e9s de la magn\u00edfica r\u00eda de Ribadeo. Un punto en el que el tambi\u00e9n conocido como \u2018Camino de la Costa\u2019, abandona los pueblos marineros y los litorales asturianos para discurrir por el interior de la comarca lucense.<br \/><br \/>Antiguamente los romeros ten\u00edan que atravesar esta zona en barco o bordearla para cruzar la r\u00eda del Eo por el puente de Santiago de Abres. Sin embargo, actualmente el trayecto es m\u00e1s sencillo, ya que el \u2018Ponte dos Santos\u2019 une las dos comunidades aut\u00f3nomas.<br \/><br \/>V\u00eda hist\u00f3rica de peregrinos medievales, esta ruta tuvo su gran apogeo en la baja Edad Media, aunque perdi\u00f3 parte de su fama con la impulsi\u00f3n del Camino Franc\u00e9s por parte de la monarqu\u00eda en el siglo XII. No obstante, fueron muchos los romeros que continuaron realizando este recorrido, especialmente los asturianos, pero tambi\u00e9n caminantes de todo el norte de la pen\u00ednsula y de otros lugares de Europa, como Inglaterra, Alemania o Escandinavia. Adem\u00e1s, fue un camino de personajes ilustres, ya que por aquella v\u00eda pasaron, entre otros, el obispo armenio M\u00e1rtir de Azerbaj\u00e1n, el padre del rey Juan III de Polonia, Jacobo Sobieski, o Francisco de As\u00eds que, durante su peregrinaci\u00f3n en el a\u00f1o 1214, dice la leyenda que aprovech\u00f3 para fundar muchos templos franciscanos. De hecho, fue la creaci\u00f3n de santuarios cristianos, asentamientos templarios y hospitales de peregrinos lo que provoc\u00f3 el afianzamiento de este camino, que se ha mantenido hasta la actualidad.<br \/><br \/>Hoy en d\u00eda, la ruta desde Ribadeo se distribuye entre zonas de monta\u00f1a, amplios valles y peque\u00f1as aldeas ganaderas. Es una v\u00eda sin grandes n\u00facleos de poblaci\u00f3n, pero con una enorme riqueza natural, siendo algunos de sus paisajes Reservas de la Biosfera, como el entorno del Eo o las Terras do Mi\u00f1o. Y tal vez este sea uno de los motivos por los que el Camino del Norte fue declarado Patrimonio de la Humanidad por la UNESCO en 2015, junto con el Primitivo.<br \/><br \/>Comenzando en Ribadeo, nuestra peregrinaci\u00f3n se divide en ocho etapas por el interior de Galicia en las que predomina la tranquilidad de una zona poco transitada, con parajes extraordinarios, trazados suaves y buena se\u00f1alizaci\u00f3n, pero con escasez de infraestructuras para el peregrino.<\/p>\t\t\t\t\t<\/div>\n\t\t\t\t\t\t<\/div>\n\t\t\t\t<\/div>\n\t\t\t\t<div class=\"elementor-element elementor-element-f85c6b5 elementor-widget elementor-widget-spacer\" data-id=\"f85c6b5\" data-element_type=\"widget\" data-widget_type=\"spacer.default\">\n\t\t\t\t<div class=\"elementor-widget-container\">\n\t\t\t\t\t<div class=\"elementor-spacer\">\n\t\t\t<div class=\"elementor-spacer-inner\"><\/div>\n\t\t<\/div>\n\t\t\t\t<\/div>\n\t\t\t\t<\/div>\n\t\t\t\t\t\t<\/div>\n\t\t\t\t\t<\/div>\n\t\t<\/div>\n\t\t\t\t\t\t\t\t<\/div>\n\t\t\t\t\t<\/div>\n\t\t<\/section>\n\t\t\t\t\t\t\t\t\t<\/div>\n\t\t\t<\/div>\n\t\t\t\t\t<\/div>","protected":false},"excerpt":{"rendered":"<p>Considerada una de las rutas xacobeas m\u00e1s antiguas junto con el Camino Franc\u00e9s, este trazado entra en Galicia cruzando el mar Cant\u00e1brico a trav\u00e9s de la magn\u00edfica r\u00eda de Ribadeo. Un punto en el que el tambi\u00e9n conocido como \u2018Camino de la Costa\u2019, abandona los pueblos marineros y los litorales asturianos para discurrir por el &#8230; <a title=\"Historia del Camino del Norte por Ribadeo\" class=\"read-more\" href=\"https:\/\/hastalavista.es\/eng\/caminos\/el-camino-del-norte-por-ribadeo\/historia-del-camino-del-norte-por-ribadeo\/\">Read more<\/a><\/p>","protected":false},"author":1,"featured_media":6714,"parent":330,"menu_order":0,"comment_status":"closed","ping_status":"closed","template":"","meta":[],"yoast_head":"<!-- This site is optimized with the Yoast SEO plugin v17.6 - https:\/\/yoast.com\/wordpress\/plugins\/seo\/ -->\n<title>Historia del Camino del Norte por Ribadeo - Hasta la vista<\/title>\n<meta name=\"robots\" content=\"index, follow, max-snippet:-1, max-image-preview:large, max-video-preview:-1\" \/>\n<link rel=\"canonical\" href=\"https:\/\/hastalavista.es\/eng\/caminos\/el-camino-del-norte-por-ribadeo\/historia-del-camino-del-norte-por-ribadeo\/\" \/>\n<meta property=\"og:locale\" content=\"en_US\" \/>\n<meta property=\"og:type\" content=\"article\" \/>\n<meta property=\"og:title\" content=\"Historia del Camino del Norte por Ribadeo - Hasta la vista\" \/>\n<meta property=\"og:description\" content=\"Considerada una de las rutas xacobeas m\u00e1s antiguas junto con el Camino Franc\u00e9s, este trazado entra en Galicia cruzando el mar Cant\u00e1brico a trav\u00e9s de la magn\u00edfica r\u00eda de Ribadeo. Un punto en el que el tambi\u00e9n conocido como \u2018Camino de la Costa\u2019, abandona los pueblos marineros y los litorales asturianos para discurrir por el ... Read more\" \/>\n<meta property=\"og:url\" content=\"https:\/\/hastalavista.es\/eng\/caminos\/el-camino-del-norte-por-ribadeo\/historia-del-camino-del-norte-por-ribadeo\/\" \/>\n<meta property=\"og:site_name\" content=\"Hasta la vista\" \/>\n<meta property=\"article:modified_time\" content=\"2020-08-24T12:25:25+00:00\" \/>\n<meta property=\"og:image\" content=\"https:\/\/hastalavista.es\/wp-content\/uploads\/2020\/08\/Olalla-Lojo_441-scaled.jpg\" \/>\n\t<meta property=\"og:image:width\" content=\"2560\" \/>\n\t<meta property=\"og:image:height\" content=\"1706\" \/>\n<meta name=\"twitter:card\" content=\"summary_large_image\" \/>\n<meta name=\"twitter:label1\" content=\"Est. reading time\" \/>\n\t<meta name=\"twitter:data1\" content=\"2 minutes\" \/>\n<script type=\"application\/ld+json\" class=\"yoast-schema-graph\">{\"@context\":\"https:\/\/schema.org\",\"@graph\":[{\"@type\":\"WebSite\",\"@id\":\"https:\/\/hastalavista.es\/gal\/#website\",\"url\":\"https:\/\/hastalavista.es\/gal\/\",\"name\":\"Hasta la vista\",\"description\":\"\",\"potentialAction\":[{\"@type\":\"SearchAction\",\"target\":{\"@type\":\"EntryPoint\",\"urlTemplate\":\"https:\/\/hastalavista.es\/gal\/?s={search_term_string}\"},\"query-input\":\"required name=search_term_string\"}],\"inLanguage\":\"en-US\"},{\"@type\":\"ImageObject\",\"@id\":\"https:\/\/hastalavista.es\/caminos\/el-camino-del-norte-por-ribadeo\/historia-del-camino-del-norte-por-ribadeo\/#primaryimage\",\"inLanguage\":\"en-US\",\"url\":\"https:\/\/hastalavista.es\/wp-content\/uploads\/2020\/08\/Olalla-Lojo_441-scaled.jpg\",\"contentUrl\":\"https:\/\/hastalavista.es\/wp-content\/uploads\/2020\/08\/Olalla-Lojo_441-scaled.jpg\",\"width\":2560,\"height\":1706},{\"@type\":\"WebPage\",\"@id\":\"https:\/\/hastalavista.es\/caminos\/el-camino-del-norte-por-ribadeo\/historia-del-camino-del-norte-por-ribadeo\/#webpage\",\"url\":\"https:\/\/hastalavista.es\/caminos\/el-camino-del-norte-por-ribadeo\/historia-del-camino-del-norte-por-ribadeo\/\",\"name\":\"Historia del Camino del Norte por Ribadeo - Hasta la vista\",\"isPartOf\":{\"@id\":\"https:\/\/hastalavista.es\/gal\/#website\"},\"primaryImageOfPage\":{\"@id\":\"https:\/\/hastalavista.es\/caminos\/el-camino-del-norte-por-ribadeo\/historia-del-camino-del-norte-por-ribadeo\/#primaryimage\"},\"datePublished\":\"2020-02-24T11:52:31+00:00\",\"dateModified\":\"2020-08-24T12:25:25+00:00\",\"breadcrumb\":{\"@id\":\"https:\/\/hastalavista.es\/caminos\/el-camino-del-norte-por-ribadeo\/historia-del-camino-del-norte-por-ribadeo\/#breadcrumb\"},\"inLanguage\":\"en-US\",\"potentialAction\":[{\"@type\":\"ReadAction\",\"target\":[\"https:\/\/hastalavista.es\/caminos\/el-camino-del-norte-por-ribadeo\/historia-del-camino-del-norte-por-ribadeo\/\"]}]},{\"@type\":\"BreadcrumbList\",\"@id\":\"https:\/\/hastalavista.es\/caminos\/el-camino-del-norte-por-ribadeo\/historia-del-camino-del-norte-por-ribadeo\/#breadcrumb\",\"itemListElement\":[{\"@type\":\"ListItem\",\"position\":1,\"name\":\"Inicio\",\"item\":\"https:\/\/hastalavista.es\/\"},{\"@type\":\"ListItem\",\"position\":2,\"name\":\"Caminos\",\"item\":\"https:\/\/hastalavista.es\/?page_id=284\"},{\"@type\":\"ListItem\",\"position\":3,\"name\":\"El Camino del Norte por Ribadeo\",\"item\":\"https:\/\/hastalavista.es\/caminos\/el-camino-del-norte-por-ribadeo\/\"},{\"@type\":\"ListItem\",\"position\":4,\"name\":\"Historia del Camino del Norte por Ribadeo\"}]}]}<\/script>\n<!-- \/ Yoast SEO plugin. -->","yoast_head_json":{"title":"Historia del Camino del Norte por Ribadeo - Hasta la vista","robots":{"index":"index","follow":"follow","max-snippet":"max-snippet:-1","max-image-preview":"max-image-preview:large","max-video-preview":"max-video-preview:-1"},"canonical":"https:\/\/hastalavista.es\/eng\/caminos\/el-camino-del-norte-por-ribadeo\/historia-del-camino-del-norte-por-ribadeo\/","og_locale":"en_US","og_type":"article","og_title":"Historia del Camino del Norte por Ribadeo - Hasta la vista","og_description":"Considerada una de las rutas xacobeas m\u00e1s antiguas junto con el Camino Franc\u00e9s, este trazado entra en Galicia cruzando el mar Cant\u00e1brico a trav\u00e9s de la magn\u00edfica r\u00eda de Ribadeo. Un punto en el que el tambi\u00e9n conocido como \u2018Camino de la Costa\u2019, abandona los pueblos marineros y los litorales asturianos para discurrir por el ... Read more","og_url":"https:\/\/hastalavista.es\/eng\/caminos\/el-camino-del-norte-por-ribadeo\/historia-del-camino-del-norte-por-ribadeo\/","og_site_name":"Hasta la vista","article_modified_time":"2020-08-24T12:25:25+00:00","og_image":[{"width":2560,"height":1706,"url":"https:\/\/hastalavista.es\/wp-content\/uploads\/2020\/08\/Olalla-Lojo_441-scaled.jpg","type":"image\/jpeg"}],"twitter_card":"summary_large_image","twitter_misc":{"Est. reading time":"2 minutes"},"schema":{"@context":"https:\/\/schema.org","@graph":[{"@type":"WebSite","@id":"https:\/\/hastalavista.es\/gal\/#website","url":"https:\/\/hastalavista.es\/gal\/","name":"Hasta la vista","description":"","potentialAction":[{"@type":"SearchAction","target":{"@type":"EntryPoint","urlTemplate":"https:\/\/hastalavista.es\/gal\/?s={search_term_string}"},"query-input":"required name=search_term_string"}],"inLanguage":"en-US"},{"@type":"ImageObject","@id":"https:\/\/hastalavista.es\/caminos\/el-camino-del-norte-por-ribadeo\/historia-del-camino-del-norte-por-ribadeo\/#primaryimage","inLanguage":"en-US","url":"https:\/\/hastalavista.es\/wp-content\/uploads\/2020\/08\/Olalla-Lojo_441-scaled.jpg","contentUrl":"https:\/\/hastalavista.es\/wp-content\/uploads\/2020\/08\/Olalla-Lojo_441-scaled.jpg","width":2560,"height":1706},{"@type":"WebPage","@id":"https:\/\/hastalavista.es\/caminos\/el-camino-del-norte-por-ribadeo\/historia-del-camino-del-norte-por-ribadeo\/#webpage","url":"https:\/\/hastalavista.es\/caminos\/el-camino-del-norte-por-ribadeo\/historia-del-camino-del-norte-por-ribadeo\/","name":"Historia del Camino del Norte por Ribadeo - Hasta la vista","isPartOf":{"@id":"https:\/\/hastalavista.es\/gal\/#website"},"primaryImageOfPage":{"@id":"https:\/\/hastalavista.es\/caminos\/el-camino-del-norte-por-ribadeo\/historia-del-camino-del-norte-por-ribadeo\/#primaryimage"},"datePublished":"2020-02-24T11:52:31+00:00","dateModified":"2020-08-24T12:25:25+00:00","breadcrumb":{"@id":"https:\/\/hastalavista.es\/caminos\/el-camino-del-norte-por-ribadeo\/historia-del-camino-del-norte-por-ribadeo\/#breadcrumb"},"inLanguage":"en-US","potentialAction":[{"@type":"ReadAction","target":["https:\/\/hastalavista.es\/caminos\/el-camino-del-norte-por-ribadeo\/historia-del-camino-del-norte-por-ribadeo\/"]}]},{"@type":"BreadcrumbList","@id":"https:\/\/hastalavista.es\/caminos\/el-camino-del-norte-por-ribadeo\/historia-del-camino-del-norte-por-ribadeo\/#breadcrumb","itemListElement":[{"@type":"ListItem","position":1,"name":"Inicio","item":"https:\/\/hastalavista.es\/"},{"@type":"ListItem","position":2,"name":"Caminos","item":"https:\/\/hastalavista.es\/?page_id=284"},{"@type":"ListItem","position":3,"name":"El Camino del Norte por Ribadeo","item":"https:\/\/hastalavista.es\/caminos\/el-camino-del-norte-por-ribadeo\/"},{"@type":"ListItem","position":4,"name":"Historia del Camino del Norte por Ribadeo"}]}]}},"_links":{"self":[{"href":"https:\/\/hastalavista.es\/eng\/wp-json\/wp\/v2\/pages\/4598"}],"collection":[{"href":"https:\/\/hastalavista.es\/eng\/wp-json\/wp\/v2\/pages"}],"about":[{"href":"https:\/\/hastalavista.es\/eng\/wp-json\/wp\/v2\/types\/page"}],"author":[{"embeddable":true,"href":"https:\/\/hastalavista.es\/eng\/wp-json\/wp\/v2\/users\/1"}],"replies":[{"embeddable":true,"href":"https:\/\/hastalavista.es\/eng\/wp-json\/wp\/v2\/comments?post=4598"}],"version-history":[{"count":6,"href":"https:\/\/hastalavista.es\/eng\/wp-json\/wp\/v2\/pages\/4598\/revisions"}],"predecessor-version":[{"id":6715,"href":"https:\/\/hastalavista.es\/eng\/wp-json\/wp\/v2\/pages\/4598\/revisions\/6715"}],"up":[{"embeddable":true,"href":"https:\/\/hastalavista.es\/eng\/wp-json\/wp\/v2\/pages\/330"}],"wp:featuredmedia":[{"embeddable":true,"href":"https:\/\/hastalavista.es\/eng\/wp-json\/wp\/v2\/media\/6714"}],"wp:attachment":[{"href":"https:\/\/hastalavista.es\/eng\/wp-json\/wp\/v2\/media?parent=4598"}],"curies":[{"name":"wp","href":"https:\/\/api.w.org\/{rel}","templated":true}]}}