{"id":4605,"date":"2020-02-24T12:07:55","date_gmt":"2020-02-24T12:07:55","guid":{"rendered":"https:\/\/hastalavista.es\/?page_id=4605"},"modified":"2020-02-26T22:17:22","modified_gmt":"2020-02-26T22:17:22","slug":"etapas-del-camino-del-norte-por-ribadeo","status":"publish","type":"page","link":"https:\/\/hastalavista.es\/eng\/caminos\/el-camino-del-norte-por-ribadeo\/etapas-del-camino-del-norte-por-ribadeo\/","title":{"rendered":"Etapas del Camino del Norte Por Ribadeo"},"content":{"rendered":"<div data-elementor-type=\"wp-page\" data-elementor-id=\"4605\" class=\"elementor elementor-4605\">\n\t\t\t\t\t\t<div class=\"elementor-inner\">\n\t\t\t\t<div class=\"elementor-section-wrap\">\n\t\t\t\t\t\t\t\t\t<section class=\"elementor-section elementor-top-section elementor-element elementor-element-f557e85 elementor-section-height-min-height elementor-section-boxed elementor-section-height-default elementor-section-items-middle\" data-id=\"f557e85\" data-element_type=\"section\" data-settings=\"{&quot;background_background&quot;:&quot;classic&quot;,&quot;shape_divider_bottom&quot;:&quot;waves&quot;}\">\n\t\t\t\t\t\t\t<div class=\"elementor-background-overlay\"><\/div>\n\t\t\t\t\t\t<div class=\"elementor-shape elementor-shape-bottom\" data-negative=\"false\">\n\t\t\t<svg xmlns=\"http:\/\/www.w3.org\/2000\/svg\" viewbox=\"0 0 1000 100\" preserveaspectratio=\"none\">\n\t<path class=\"elementor-shape-fill\" d=\"M421.9,6.5c22.6-2.5,51.5,0.4,75.5,5.3c23.6,4.9,70.9,23.5,100.5,35.7c75.8,32.2,133.7,44.5,192.6,49.7\tc23.6,2.1,48.7,3.5,103.4-2.5c54.7-6,106.2-25.6,106.2-25.6V0H0v30.3c0,0,72,32.6,158.4,30.5c39.2-0.7,92.8-6.7,134-22.4\tc21.2-8.1,52.2-18.2,79.7-24.2C399.3,7.9,411.6,7.5,421.9,6.5z\"\/>\n<\/svg>\t\t<\/div>\n\t\t\t\t\t<div class=\"elementor-container elementor-column-gap-default\">\n\t\t\t\t\t\t\t<div class=\"elementor-row\">\n\t\t\t\t\t<div class=\"elementor-column elementor-col-100 elementor-top-column elementor-element elementor-element-81a8c9a\" data-id=\"81a8c9a\" data-element_type=\"column\">\n\t\t\t<div class=\"elementor-column-wrap elementor-element-populated\">\n\t\t\t\t\t\t\t<div class=\"elementor-widget-wrap\">\n\t\t\t\t\t\t<div class=\"elementor-element elementor-element-8ad499f elementor-align-center elementor-hidden-phone elementor-widget elementor-widget-breadcrumbs\" data-id=\"8ad499f\" data-element_type=\"widget\" data-widget_type=\"breadcrumbs.default\">\n\t\t\t\t<div class=\"elementor-widget-container\">\n\t\t\t<p id=\"breadcrumbs\"><span><span><a href=\"https:\/\/hastalavista.es\/\">Inicio<\/a><\/span><\/p>\t\t<\/div>\n\t\t\t\t<\/div>\n\t\t\t\t<div class=\"elementor-element elementor-element-2a0aeab elementor-nav-menu__align-center elementor-nav-menu--dropdown-tablet elementor-nav-menu__text-align-aside elementor-nav-menu--toggle elementor-nav-menu--burger elementor-widget elementor-widget-nav-menu\" data-id=\"2a0aeab\" data-element_type=\"widget\" data-settings=\"{&quot;layout&quot;:&quot;horizontal&quot;,&quot;submenu_icon&quot;:{&quot;value&quot;:&quot;&lt;i class=\\&quot;fas fa-caret-down\\&quot;&gt;&lt;\\\/i&gt;&quot;,&quot;library&quot;:&quot;fa-solid&quot;},&quot;toggle&quot;:&quot;burger&quot;}\" data-widget_type=\"nav-menu.default\">\n\t\t\t\t<div class=\"elementor-widget-container\">\n\t\t\t\t\t\t<nav migration_allowed=\"1\" migrated=\"0\" role=\"navigation\" class=\"elementor-nav-menu--main elementor-nav-menu__container elementor-nav-menu--layout-horizontal e--pointer-background e--animation-fade\">\n\t\t\t\t<ul id=\"menu-1-2a0aeab\" class=\"elementor-nav-menu\"><li class=\"menu-item menu-item-type-post_type menu-item-object-page menu-item-4616\"><a href=\"https:\/\/hastalavista.es\/eng\/caminos\/el-camino-del-norte-por-ribadeo\/historia-del-camino-del-norte-por-ribadeo\/\" class=\"elementor-item\">History<\/a><\/li>\n<li class=\"menu-item menu-item-type-post_type menu-item-object-page menu-item-4615\"><a href=\"https:\/\/hastalavista.es\/eng\/caminos\/el-camino-del-norte-por-ribadeo\/etapas-del-camino-del-norte-por-ribadeo\/\" class=\"elementor-item\">Stages<\/a><\/li>\n<li class=\"menu-item menu-item-type-post_type menu-item-object-page menu-item-4861\"><a href=\"https:\/\/hastalavista.es\/eng\/caminos\/el-camino-del-norte-por-ribadeo\/donde-dormir-en-ribadeo\/\" class=\"elementor-item\">Spend the night<\/a><\/li>\n<li class=\"menu-item menu-item-type-post_type menu-item-object-page menu-item-6014\"><a href=\"https:\/\/hastalavista.es\/eng\/caminos\/el-camino-del-norte-por-ribadeo\/donde-comer-en-ribadeo\/\" class=\"elementor-item\">Places to eat<\/a><\/li>\n<li class=\"menu-item menu-item-type-post_type menu-item-object-page menu-item-5834\"><a href=\"https:\/\/hastalavista.es\/eng\/caminos\/el-camino-del-norte-por-ribadeo\/que-hacer-en-el-camino-del-norte-por-ribadeo\/\" class=\"elementor-item\">Idle Pilgrim<\/a><\/li>\n<li class=\"menu-item menu-item-type-custom menu-item-object-custom menu-item-4029\"><a href=\"#\" class=\"elementor-item elementor-item-anchor\">\u00a1Atention Pilgrim!<\/a><\/li>\n<li class=\"menu-item menu-item-type-post_type menu-item-object-page menu-item-4614\"><a href=\"https:\/\/hastalavista.es\/eng\/caminos\/el-camino-del-norte-por-ribadeo\/galeria-del-camino-del-norte-por-ribadeo\/\" class=\"elementor-item\">Gallery<\/a><\/li>\n<\/ul>\t\t\t<\/nav>\n\t\t\t\t\t<div class=\"elementor-menu-toggle\" role=\"button\" tabindex=\"0\" aria-label=\"Menu Toggle\" aria-expanded=\"false\">\n\t\t\t<i aria-hidden=\"true\" role=\"presentation\" class=\"eicon-menu-bar\"><\/i>\t\t\t<span class=\"elementor-screen-only\">Menu<\/span>\n\t\t<\/div>\n\t\t\t<nav class=\"elementor-nav-menu--dropdown elementor-nav-menu__container\" role=\"navigation\" aria-hidden=\"true\">\n\t\t\t\t<ul id=\"menu-2-2a0aeab\" class=\"elementor-nav-menu\"><li class=\"menu-item menu-item-type-post_type menu-item-object-page menu-item-4616\"><a href=\"https:\/\/hastalavista.es\/eng\/caminos\/el-camino-del-norte-por-ribadeo\/historia-del-camino-del-norte-por-ribadeo\/\" class=\"elementor-item\" tabindex=\"-1\">History<\/a><\/li>\n<li class=\"menu-item menu-item-type-post_type menu-item-object-page menu-item-4615\"><a href=\"https:\/\/hastalavista.es\/eng\/caminos\/el-camino-del-norte-por-ribadeo\/etapas-del-camino-del-norte-por-ribadeo\/\" class=\"elementor-item\" tabindex=\"-1\">Stages<\/a><\/li>\n<li class=\"menu-item menu-item-type-post_type menu-item-object-page menu-item-4861\"><a href=\"https:\/\/hastalavista.es\/eng\/caminos\/el-camino-del-norte-por-ribadeo\/donde-dormir-en-ribadeo\/\" class=\"elementor-item\" tabindex=\"-1\">Spend the night<\/a><\/li>\n<li class=\"menu-item menu-item-type-post_type menu-item-object-page menu-item-6014\"><a href=\"https:\/\/hastalavista.es\/eng\/caminos\/el-camino-del-norte-por-ribadeo\/donde-comer-en-ribadeo\/\" class=\"elementor-item\" tabindex=\"-1\">Places to eat<\/a><\/li>\n<li class=\"menu-item menu-item-type-post_type menu-item-object-page menu-item-5834\"><a href=\"https:\/\/hastalavista.es\/eng\/caminos\/el-camino-del-norte-por-ribadeo\/que-hacer-en-el-camino-del-norte-por-ribadeo\/\" class=\"elementor-item\" tabindex=\"-1\">Idle Pilgrim<\/a><\/li>\n<li class=\"menu-item menu-item-type-custom menu-item-object-custom menu-item-4029\"><a href=\"#\" class=\"elementor-item elementor-item-anchor\" tabindex=\"-1\">\u00a1Atention Pilgrim!<\/a><\/li>\n<li class=\"menu-item menu-item-type-post_type menu-item-object-page menu-item-4614\"><a href=\"https:\/\/hastalavista.es\/eng\/caminos\/el-camino-del-norte-por-ribadeo\/galeria-del-camino-del-norte-por-ribadeo\/\" class=\"elementor-item\" tabindex=\"-1\">Gallery<\/a><\/li>\n<\/ul>\t\t\t<\/nav>\n\t\t\t\t<\/div>\n\t\t\t\t<\/div>\n\t\t\t\t\t\t<\/div>\n\t\t\t\t\t<\/div>\n\t\t<\/div>\n\t\t\t\t\t\t\t\t<\/div>\n\t\t\t\t\t<\/div>\n\t\t<\/section>\n\t\t\t\t<section class=\"elementor-section elementor-top-section elementor-element elementor-element-3d4ff3a elementor-section-boxed elementor-section-height-default elementor-section-height-default\" data-id=\"3d4ff3a\" data-element_type=\"section\" data-settings=\"{&quot;background_background&quot;:&quot;classic&quot;}\">\n\t\t\t\t\t\t\t<div class=\"elementor-background-overlay\"><\/div>\n\t\t\t\t\t\t\t<div class=\"elementor-container elementor-column-gap-default\">\n\t\t\t\t\t\t\t<div class=\"elementor-row\">\n\t\t\t\t\t<div class=\"elementor-column elementor-col-100 elementor-top-column elementor-element elementor-element-ee460d9\" data-id=\"ee460d9\" data-element_type=\"column\">\n\t\t\t<div class=\"elementor-column-wrap elementor-element-populated\">\n\t\t\t\t\t\t\t<div class=\"elementor-widget-wrap\">\n\t\t\t\t\t\t<div class=\"elementor-element elementor-element-7a3cff5 elementor-widget elementor-widget-text-editor\" data-id=\"7a3cff5\" data-element_type=\"widget\" data-widget_type=\"text-editor.default\">\n\t\t\t\t<div class=\"elementor-widget-container\">\n\t\t\t\t\t\t\t\t<div class=\"elementor-text-editor elementor-clearfix\">\n\t\t\t\t<b>1\u00aa Etapa: Ribadeo- Lourenz\u00e1: 30km<\/b><br><br>\nComenzar el Camino desde Ribadeo significa hacerlo desde una villa de gran tradici\u00f3n xacobea, con uno de los puertos m\u00e1s hist\u00f3ricos de Galicia. Sobre una fortificaci\u00f3n natural que corona la r\u00eda, esta localidad puede presumir de tener un paisaje maravilloso, junto con construcciones tan sobresalientes como el mirador de la Atalaya o la iglesia de Santa Mar\u00eda do Campo, perteneciente a uno de los conventos fundados por Francisco de As\u00eds durante su peregrinaci\u00f3n. Tambi\u00e9n las conchas incrustadas en sus suelos nos recuerdan el Camino, en una villa marinera que ha visto desembarcar a muchos peregrinos a lo largo de la historia.<br><br>\nEn esta etapa nuestros pasos nos guiar\u00e1n por una antigua v\u00eda romana, cruzando entra\u00f1ables pueblos que desembocar\u00e1n en Vilanova de Lourenz\u00e1, parroquia medieval de gran patrimonio hist\u00f3rico, cuyo principal atractivo es su monasterio benedictino de San Salvador, considerado precedente de la fachada de la Catedral de Santiago.<br><br>\n<b>2\u00aa Etapa: Lourenz\u00e1- Abad\u00edn: 24,8km<\/b><br><br>\nAcometemos la segunda etapa a trav\u00e9s del hermoso valle de Lourenz\u00e1 hasta la hist\u00f3rica villa de Mondo\u00f1edo. Capital de una de las siete provincias del antiguo Reino de Galicia, sorprende su solemne catedral del siglo XIII, tambi\u00e9n llamada \u2018catedral arrodillada\u2019 por su escasa altura. Junto al templo, casas se\u00f1oriales y calles empedradas dotan de cierta distinci\u00f3n a este municipio declarado conjunto hist\u00f3rico- art\u00edstico y cuna de escritores de la talla de \u00c1lvaro Cunqueiro.<br><br>\nContinuamos nuestro periplo hasta el \u2018Ponte do Pasatempo\u2019, cuyo nombre se debe a que all\u00ed, dice la leyenda, se detuvo a la esposa del Mariscal Pardo de Cela cuando llevaba un indulto que perdonaba la muerte de este, sin poder evitar su decapitaci\u00f3n.<br><br>\nOtro lugar de gran relevancia es la \u2018Cova do Rei Cintolo\u2019, en Argomoso. Se dice que all\u00ed un malvado brujo exigi\u00f3 la mano de Xila, hija del rey Cintolo, bajo amenaza de destruir su reino si esta se negaba. El prometido de Xila logr\u00f3 matarlo, pero el brujo ya hab\u00eda acabado con el reino, por lo que, a su regreso, \u00e9ste solamente se encontr\u00f3 con la boca de la cueva. <br><br>\nDesde los dominios del rey Cintolo y despu\u00e9s de un duro ascenso, llegamos a Abad\u00edn, situado a las puertas de la Terra Ch\u00e1.<br><br>\n<b>3\u00aa Etapa: Abad\u00edn- Vilalba: 20,3km<\/b><br><br>\nComenzamos la ruta por la Terra Ch\u00e1, atravesando tramos de asfalto, prados y aldeas. En el camino nos recibe un moderno mensaje en spray sobre una torreta que sirve de aliento a los peregrinos: \u2018Go peregrino, less tan 200 Km\u2019. Poco despu\u00e9s atravesaremos un frondoso bosque que conduce a Castromaior para cruzar, m\u00e1s adelante, la \u2018Ponte Vella\u2019 sobre el r\u00edo Bat\u00e1n, una obra de ingenier\u00eda civil del siglo XVII.<br><br>\nLa lluvia puede ser una complicada compa\u00f1era de viaje en la segunda mitad de esta etapa que nos llevar\u00e1 por el Camino Real hasta la localidad de Goiriz, cuya iglesia del siglo XVI est\u00e1 dedicada a Santiago.<br><br>\nPoco despu\u00e9s alcanzamos el final de la etapa, Vilalba, centro de la Terra Ch\u00e1 cuyo principal reclamo es la torre de la antigua fortaleza de los Andrade, hoy convertida en Parador Nacional de Turismo. <br><br>\n<b>4\u00aa Etapa: Vilalba- Baamonde: 19km<\/b><br><br>\nEtapa corta que transcurre entre vestigios medievales, trazados reales y arquitectura tradicional. Es un tramo sencillo con poco asfalto en el que nos toparemos con multitud de peque\u00f1as aldeas y varios puentes, siendo el puente medieval de Sa que cruza el r\u00edo Labrada, el m\u00e1s sobresaliente. Tambi\u00e9n llama la atenci\u00f3n la parroquia de P\u00edgara donde nos espera la \u2018Fonte das Verrugas\u2019 que, seg\u00fan la creencia popular, tiene poderes curativos para acabar con este mal.<br><br>\nUna vez en Baamonde, vale la pena visitar la iglesia de Santiago del siglo XIV, donde destaca su atrio con un calvario formado por tres cruceiros y un antiguo casta\u00f1o en cuyo tronco se encuentra tallada una capilla en honor a la Virgen realizada por el escultor local, V\u00edctor Corral.<br><br>\n<b>5\u00aa Etapa: Baamonde- Sobrado dos Monxes: 40km<\/b><br><br>\nEste es, quiz\u00e1s, uno de los tramos m\u00e1s duros del Camino tanto por su longitud como por sus trazados irregulares, pero en \u00e9l se puede disfrutar de la tranquilidad de una zona bastante despoblada, de genuinos pueblos y de bellas construcciones como la iglesia de Santiago de Miraz o la fortaleza de San Paio de Narla.<br><br>\nLa segunda parte del trayecto es la m\u00e1s complicada, con un duro ascenso en el que se debe estar atento a las se\u00f1ales xacobeas para no perderse, aunque anteriores peregrinos nos ayudan con peque\u00f1os mont\u00edculos de piedra dejados como gu\u00eda en la ruta. Despu\u00e9s de este tramo, m\u00e1s aldeas nos saludan en una etapa en la que pasamos de la provincia de Lugo a la de A Coru\u00f1a, hasta llegar a Sobrado dos Monxes. All\u00ed nos espera el imponente monasterio cisterciense de Santa Mar\u00eda de Sobrado, un espectacular monumento renacentista y barroco fundado en el a\u00f1o 952.<br><br>\n<b>6\u00aa Etapa: Sobrado dos Monxes- Arz\u00faa: 22km<\/b><br><br>\nNos despedimos del solemne monasterio de Sobrado para acometer un tramo en el que, aunque pasaremos por peque\u00f1as localidades de arquitectura popular y disfrutaremos de algunos paisajes gallegos, abunda, sobre todo, el asfalto.<br><br>\nEstos casi 22 Km de ruta son para muchos, la \u00faltima etapa del Camino del Norte, puesto que en Arz\u00faa se junta con el Camino Primitivo y el Franc\u00e9s. En cualquier caso, es el \u00faltimo tramo de tranquilidad antes de que el viaje se vea corrompido por miles de peregrinos que confluyen en esa comarca.<br><br>\nC\u00e9lebre por su producto estrella, el queso Arz\u00faa Ulloa Denominaci\u00f3n de Origen, esta villa, centrada en la agricultura y ganader\u00eda vacuna, ha crecido alrededor del fen\u00f3meno xacobeo, siendo un importante punto de encuentro para los peregrinos.<br><br>\n<b>7\u00aa Etapa: Arz\u00faa- Arca (O Pino): 18,5km<\/b><br><br>\nEsta etapa se acomete con bastantes ganas por ser la antesala del \u00faltimo tramo para alcanzar Santiago y por la ilusi\u00f3n de comprobar que cada vez son m\u00e1s los pueblos con nombres xacobeos. Adem\u00e1s, es una ruta que se pierde entre prados, bosques y peque\u00f1as aldeas, aunque tambi\u00e9n tendremos que cruzar algunos tramos de carretera.<br><br>\nUna vez alcanzada la villa de A R\u00faa, ya estaremos en el comienzo de Arca (O Pino), cuyo centro se sit\u00faa en O Pedrouzo. Esta es la \u00faltima localidad antes de llegar al tan esperado Santiago, por lo que ya se puede sentir el entusiasmo de los peregrinos. <br><br>\n<b>8\u00aa Etapa: Arca (O Pino)- Santiago de Compostela: 20,2km<\/b><br><br>\n\u00daltimo tramo del Camino en el que son dos las zonas m\u00e1s sobresalientes de la tradici\u00f3n xacobea. Una es A Lavacolla, cuyo nombre deriva del t\u00e9rmino \u2018lava colea\u2019, referido a la costumbre de los peregrinos de lavar su cuerpo antes de alcanzar Santiago. El otro es el Monte do Gozo, primer lugar desde el que se atisba la Catedral. Dicen que los caminantes franceses que divisaban este mont\u00edculo, gritaban \u2018\u00a1Mon joie! (mi alegr\u00eda) y que este podr\u00eda ser el origen de su nombre.<br><br>\nDesde aqu\u00ed tan s\u00f3lo 5 Km nos separan de Santiago al que entraremos por sus tradicionales calles empedradas hasta llegar a la tan esperada catedral.\t\t\t\t\t<\/div>\n\t\t\t\t\t\t<\/div>\n\t\t\t\t<\/div>\n\t\t\t\t\t\t<\/div>\n\t\t\t\t\t<\/div>\n\t\t<\/div>\n\t\t\t\t\t\t\t\t<\/div>\n\t\t\t\t\t<\/div>\n\t\t<\/section>\n\t\t\t\t\t\t\t\t\t<\/div>\n\t\t\t<\/div>\n\t\t\t\t\t<\/div>","protected":false},"excerpt":{"rendered":"<p>1\u00aa Etapa: Ribadeo- Lourenz\u00e1: 30km Comenzar el Camino desde Ribadeo significa hacerlo desde una villa de gran tradici\u00f3n xacobea, con uno de los puertos m\u00e1s hist\u00f3ricos de Galicia. Sobre una fortificaci\u00f3n natural que corona la r\u00eda, esta localidad puede presumir de tener un paisaje maravilloso, junto con construcciones tan sobresalientes como el mirador de la &#8230; <a title=\"Etapas del Camino del Norte Por Ribadeo\" class=\"read-more\" href=\"https:\/\/hastalavista.es\/eng\/caminos\/el-camino-del-norte-por-ribadeo\/etapas-del-camino-del-norte-por-ribadeo\/\">Read more<\/a><\/p>","protected":false},"author":1,"featured_media":0,"parent":330,"menu_order":0,"comment_status":"closed","ping_status":"closed","template":"","meta":[],"yoast_head":"<!-- This site is optimized with the Yoast SEO plugin v17.6 - https:\/\/yoast.com\/wordpress\/plugins\/seo\/ -->\n<title>Etapas del Camino del Norte Por Ribadeo - Hasta la vista<\/title>\n<meta name=\"robots\" content=\"index, follow, max-snippet:-1, max-image-preview:large, max-video-preview:-1\" \/>\n<link rel=\"canonical\" href=\"https:\/\/hastalavista.es\/eng\/caminos\/el-camino-del-norte-por-ribadeo\/etapas-del-camino-del-norte-por-ribadeo\/\" \/>\n<meta property=\"og:locale\" content=\"en_US\" \/>\n<meta property=\"og:type\" content=\"article\" \/>\n<meta property=\"og:title\" content=\"Etapas del Camino del Norte Por Ribadeo - Hasta la vista\" \/>\n<meta property=\"og:description\" content=\"1\u00aa Etapa: Ribadeo- Lourenz\u00e1: 30km Comenzar el Camino desde Ribadeo significa hacerlo desde una villa de gran tradici\u00f3n xacobea, con uno de los puertos m\u00e1s hist\u00f3ricos de Galicia. Sobre una fortificaci\u00f3n natural que corona la r\u00eda, esta localidad puede presumir de tener un paisaje maravilloso, junto con construcciones tan sobresalientes como el mirador de la ... Read more\" \/>\n<meta property=\"og:url\" content=\"https:\/\/hastalavista.es\/eng\/caminos\/el-camino-del-norte-por-ribadeo\/etapas-del-camino-del-norte-por-ribadeo\/\" \/>\n<meta property=\"og:site_name\" content=\"Hasta la vista\" \/>\n<meta property=\"article:modified_time\" content=\"2020-02-26T22:17:22+00:00\" \/>\n<meta name=\"twitter:card\" content=\"summary_large_image\" \/>\n<meta name=\"twitter:label1\" content=\"Est. reading time\" \/>\n\t<meta name=\"twitter:data1\" content=\"6 minutes\" \/>\n<script type=\"application\/ld+json\" class=\"yoast-schema-graph\">{\"@context\":\"https:\/\/schema.org\",\"@graph\":[{\"@type\":\"WebSite\",\"@id\":\"https:\/\/hastalavista.es\/gal\/#website\",\"url\":\"https:\/\/hastalavista.es\/gal\/\",\"name\":\"Hasta la vista\",\"description\":\"\",\"potentialAction\":[{\"@type\":\"SearchAction\",\"target\":{\"@type\":\"EntryPoint\",\"urlTemplate\":\"https:\/\/hastalavista.es\/gal\/?s={search_term_string}\"},\"query-input\":\"required name=search_term_string\"}],\"inLanguage\":\"en-US\"},{\"@type\":\"WebPage\",\"@id\":\"https:\/\/hastalavista.es\/caminos\/el-camino-del-norte-por-ribadeo\/etapas-del-camino-del-norte-por-ribadeo\/#webpage\",\"url\":\"https:\/\/hastalavista.es\/caminos\/el-camino-del-norte-por-ribadeo\/etapas-del-camino-del-norte-por-ribadeo\/\",\"name\":\"Etapas del Camino del Norte Por Ribadeo - Hasta la vista\",\"isPartOf\":{\"@id\":\"https:\/\/hastalavista.es\/gal\/#website\"},\"datePublished\":\"2020-02-24T12:07:55+00:00\",\"dateModified\":\"2020-02-26T22:17:22+00:00\",\"breadcrumb\":{\"@id\":\"https:\/\/hastalavista.es\/caminos\/el-camino-del-norte-por-ribadeo\/etapas-del-camino-del-norte-por-ribadeo\/#breadcrumb\"},\"inLanguage\":\"en-US\",\"potentialAction\":[{\"@type\":\"ReadAction\",\"target\":[\"https:\/\/hastalavista.es\/caminos\/el-camino-del-norte-por-ribadeo\/etapas-del-camino-del-norte-por-ribadeo\/\"]}]},{\"@type\":\"BreadcrumbList\",\"@id\":\"https:\/\/hastalavista.es\/caminos\/el-camino-del-norte-por-ribadeo\/etapas-del-camino-del-norte-por-ribadeo\/#breadcrumb\",\"itemListElement\":[{\"@type\":\"ListItem\",\"position\":1,\"name\":\"Inicio\",\"item\":\"https:\/\/hastalavista.es\/\"},{\"@type\":\"ListItem\",\"position\":2,\"name\":\"Caminos\",\"item\":\"https:\/\/hastalavista.es\/?page_id=284\"},{\"@type\":\"ListItem\",\"position\":3,\"name\":\"El Camino del Norte por Ribadeo\",\"item\":\"https:\/\/hastalavista.es\/caminos\/el-camino-del-norte-por-ribadeo\/\"},{\"@type\":\"ListItem\",\"position\":4,\"name\":\"Etapas del Camino del Norte Por Ribadeo\"}]}]}<\/script>\n<!-- \/ Yoast SEO plugin. -->","yoast_head_json":{"title":"Etapas del Camino del Norte Por Ribadeo - Hasta la vista","robots":{"index":"index","follow":"follow","max-snippet":"max-snippet:-1","max-image-preview":"max-image-preview:large","max-video-preview":"max-video-preview:-1"},"canonical":"https:\/\/hastalavista.es\/eng\/caminos\/el-camino-del-norte-por-ribadeo\/etapas-del-camino-del-norte-por-ribadeo\/","og_locale":"en_US","og_type":"article","og_title":"Etapas del Camino del Norte Por Ribadeo - Hasta la vista","og_description":"1\u00aa Etapa: Ribadeo- Lourenz\u00e1: 30km Comenzar el Camino desde Ribadeo significa hacerlo desde una villa de gran tradici\u00f3n xacobea, con uno de los puertos m\u00e1s hist\u00f3ricos de Galicia. Sobre una fortificaci\u00f3n natural que corona la r\u00eda, esta localidad puede presumir de tener un paisaje maravilloso, junto con construcciones tan sobresalientes como el mirador de la ... Read more","og_url":"https:\/\/hastalavista.es\/eng\/caminos\/el-camino-del-norte-por-ribadeo\/etapas-del-camino-del-norte-por-ribadeo\/","og_site_name":"Hasta la vista","article_modified_time":"2020-02-26T22:17:22+00:00","twitter_card":"summary_large_image","twitter_misc":{"Est. reading time":"6 minutes"},"schema":{"@context":"https:\/\/schema.org","@graph":[{"@type":"WebSite","@id":"https:\/\/hastalavista.es\/gal\/#website","url":"https:\/\/hastalavista.es\/gal\/","name":"Hasta la vista","description":"","potentialAction":[{"@type":"SearchAction","target":{"@type":"EntryPoint","urlTemplate":"https:\/\/hastalavista.es\/gal\/?s={search_term_string}"},"query-input":"required name=search_term_string"}],"inLanguage":"en-US"},{"@type":"WebPage","@id":"https:\/\/hastalavista.es\/caminos\/el-camino-del-norte-por-ribadeo\/etapas-del-camino-del-norte-por-ribadeo\/#webpage","url":"https:\/\/hastalavista.es\/caminos\/el-camino-del-norte-por-ribadeo\/etapas-del-camino-del-norte-por-ribadeo\/","name":"Etapas del Camino del Norte Por Ribadeo - Hasta la vista","isPartOf":{"@id":"https:\/\/hastalavista.es\/gal\/#website"},"datePublished":"2020-02-24T12:07:55+00:00","dateModified":"2020-02-26T22:17:22+00:00","breadcrumb":{"@id":"https:\/\/hastalavista.es\/caminos\/el-camino-del-norte-por-ribadeo\/etapas-del-camino-del-norte-por-ribadeo\/#breadcrumb"},"inLanguage":"en-US","potentialAction":[{"@type":"ReadAction","target":["https:\/\/hastalavista.es\/caminos\/el-camino-del-norte-por-ribadeo\/etapas-del-camino-del-norte-por-ribadeo\/"]}]},{"@type":"BreadcrumbList","@id":"https:\/\/hastalavista.es\/caminos\/el-camino-del-norte-por-ribadeo\/etapas-del-camino-del-norte-por-ribadeo\/#breadcrumb","itemListElement":[{"@type":"ListItem","position":1,"name":"Inicio","item":"https:\/\/hastalavista.es\/"},{"@type":"ListItem","position":2,"name":"Caminos","item":"https:\/\/hastalavista.es\/?page_id=284"},{"@type":"ListItem","position":3,"name":"El Camino del Norte por Ribadeo","item":"https:\/\/hastalavista.es\/caminos\/el-camino-del-norte-por-ribadeo\/"},{"@type":"ListItem","position":4,"name":"Etapas del Camino del Norte Por Ribadeo"}]}]}},"_links":{"self":[{"href":"https:\/\/hastalavista.es\/eng\/wp-json\/wp\/v2\/pages\/4605"}],"collection":[{"href":"https:\/\/hastalavista.es\/eng\/wp-json\/wp\/v2\/pages"}],"about":[{"href":"https:\/\/hastalavista.es\/eng\/wp-json\/wp\/v2\/types\/page"}],"author":[{"embeddable":true,"href":"https:\/\/hastalavista.es\/eng\/wp-json\/wp\/v2\/users\/1"}],"replies":[{"embeddable":true,"href":"https:\/\/hastalavista.es\/eng\/wp-json\/wp\/v2\/comments?post=4605"}],"version-history":[{"count":2,"href":"https:\/\/hastalavista.es\/eng\/wp-json\/wp\/v2\/pages\/4605\/revisions"}],"predecessor-version":[{"id":4609,"href":"https:\/\/hastalavista.es\/eng\/wp-json\/wp\/v2\/pages\/4605\/revisions\/4609"}],"up":[{"embeddable":true,"href":"https:\/\/hastalavista.es\/eng\/wp-json\/wp\/v2\/pages\/330"}],"wp:attachment":[{"href":"https:\/\/hastalavista.es\/eng\/wp-json\/wp\/v2\/media?parent=4605"}],"curies":[{"name":"wp","href":"https:\/\/api.w.org\/{rel}","templated":true}]}}