{"id":4665,"date":"2020-02-26T20:56:22","date_gmt":"2020-02-26T20:56:22","guid":{"rendered":"https:\/\/hastalavista.es\/?page_id=4665"},"modified":"2020-02-26T22:18:44","modified_gmt":"2020-02-26T22:18:44","slug":"historia-del-camino-frances-desde-o-cebreiro","status":"publish","type":"page","link":"https:\/\/hastalavista.es\/eng\/caminos\/el-camino-frances\/historia-del-camino-frances-desde-o-cebreiro\/","title":{"rendered":"Historia del Camino Franc\u00e9s desde O Cebreiro"},"content":{"rendered":"<div data-elementor-type=\"wp-page\" data-elementor-id=\"4665\" class=\"elementor elementor-4665\">\n\t\t\t\t\t\t<div class=\"elementor-inner\">\n\t\t\t\t<div class=\"elementor-section-wrap\">\n\t\t\t\t\t\t\t\t\t<section class=\"elementor-section elementor-top-section elementor-element elementor-element-42fa70a elementor-section-height-min-height elementor-section-boxed elementor-section-height-default elementor-section-items-middle\" data-id=\"42fa70a\" data-element_type=\"section\" data-settings=\"{&quot;background_background&quot;:&quot;classic&quot;,&quot;shape_divider_bottom&quot;:&quot;waves&quot;}\">\n\t\t\t\t\t\t\t<div class=\"elementor-background-overlay\"><\/div>\n\t\t\t\t\t\t<div class=\"elementor-shape elementor-shape-bottom\" data-negative=\"false\">\n\t\t\t<svg xmlns=\"http:\/\/www.w3.org\/2000\/svg\" viewbox=\"0 0 1000 100\" preserveaspectratio=\"none\">\n\t<path class=\"elementor-shape-fill\" d=\"M421.9,6.5c22.6-2.5,51.5,0.4,75.5,5.3c23.6,4.9,70.9,23.5,100.5,35.7c75.8,32.2,133.7,44.5,192.6,49.7\tc23.6,2.1,48.7,3.5,103.4-2.5c54.7-6,106.2-25.6,106.2-25.6V0H0v30.3c0,0,72,32.6,158.4,30.5c39.2-0.7,92.8-6.7,134-22.4\tc21.2-8.1,52.2-18.2,79.7-24.2C399.3,7.9,411.6,7.5,421.9,6.5z\"\/>\n<\/svg>\t\t<\/div>\n\t\t\t\t\t<div class=\"elementor-container elementor-column-gap-default\">\n\t\t\t\t\t\t\t<div class=\"elementor-row\">\n\t\t\t\t\t<div class=\"elementor-column elementor-col-100 elementor-top-column elementor-element elementor-element-a2f76f5\" data-id=\"a2f76f5\" data-element_type=\"column\">\n\t\t\t<div class=\"elementor-column-wrap elementor-element-populated\">\n\t\t\t\t\t\t\t<div class=\"elementor-widget-wrap\">\n\t\t\t\t\t\t<div class=\"elementor-element elementor-element-71f5212 elementor-align-center elementor-hidden-phone elementor-widget elementor-widget-breadcrumbs\" data-id=\"71f5212\" data-element_type=\"widget\" data-widget_type=\"breadcrumbs.default\">\n\t\t\t\t<div class=\"elementor-widget-container\">\n\t\t\t<p id=\"breadcrumbs\"><span><span><a href=\"https:\/\/hastalavista.es\/\">Inicio<\/a><\/span><\/p>\t\t<\/div>\n\t\t\t\t<\/div>\n\t\t\t\t<div class=\"elementor-element elementor-element-9a7d4d6 elementor-nav-menu__align-center elementor-nav-menu--dropdown-tablet elementor-nav-menu__text-align-aside elementor-nav-menu--toggle elementor-nav-menu--burger elementor-widget elementor-widget-nav-menu\" data-id=\"9a7d4d6\" data-element_type=\"widget\" data-settings=\"{&quot;layout&quot;:&quot;horizontal&quot;,&quot;submenu_icon&quot;:{&quot;value&quot;:&quot;&lt;i class=\\&quot;fas fa-caret-down\\&quot;&gt;&lt;\\\/i&gt;&quot;,&quot;library&quot;:&quot;fa-solid&quot;},&quot;toggle&quot;:&quot;burger&quot;}\" data-widget_type=\"nav-menu.default\">\n\t\t\t\t<div class=\"elementor-widget-container\">\n\t\t\t\t\t\t<nav migration_allowed=\"1\" migrated=\"0\" role=\"navigation\" class=\"elementor-nav-menu--main elementor-nav-menu__container elementor-nav-menu--layout-horizontal e--pointer-background e--animation-fade\">\n\t\t\t\t<ul id=\"menu-1-9a7d4d6\" class=\"elementor-nav-menu\"><li class=\"menu-item menu-item-type-post_type menu-item-object-page menu-item-4697\"><a href=\"https:\/\/hastalavista.es\/eng\/caminos\/el-camino-frances\/historia-del-camino-frances-desde-o-cebreiro\/\" class=\"elementor-item\">History<\/a><\/li>\n<li class=\"menu-item menu-item-type-post_type menu-item-object-page menu-item-4698\"><a href=\"https:\/\/hastalavista.es\/eng\/caminos\/el-camino-frances\/etapas-del-camino-frances-desde-o-cebreiro\/\" class=\"elementor-item\">Stages<\/a><\/li>\n<li class=\"menu-item menu-item-type-post_type menu-item-object-page menu-item-4917\"><a href=\"https:\/\/hastalavista.es\/eng\/caminos\/el-camino-frances\/donde-dormir-en-o-cebreiro\/\" class=\"elementor-item\">Spend the night<\/a><\/li>\n<li class=\"menu-item menu-item-type-post_type menu-item-object-page menu-item-4957\"><a href=\"https:\/\/hastalavista.es\/eng\/caminos\/el-camino-frances\/donde-comer-en-o-cebreiro\/\" class=\"elementor-item\">Places to eat<\/a><\/li>\n<li class=\"menu-item menu-item-type-post_type menu-item-object-page menu-item-4699\"><a href=\"https:\/\/hastalavista.es\/eng\/caminos\/el-camino-frances\/galeria-del-camino-frances-desde-o-cebreiro\/\" class=\"elementor-item\">Gallery<\/a><\/li>\n<li class=\"menu-item menu-item-type-post_type menu-item-object-page menu-item-5564\"><a href=\"https:\/\/hastalavista.es\/eng\/caminos\/el-camino-frances\/que-hacer-en-el-camino-frances-desde-o-cebreiro\/\" class=\"elementor-item\">Idle Pilgrim<\/a><\/li>\n<li class=\"menu-item menu-item-type-custom menu-item-object-custom menu-item-4673\"><a href=\"#\" class=\"elementor-item elementor-item-anchor\">\u00a1Atention Pilgrim!<\/a><\/li>\n<\/ul>\t\t\t<\/nav>\n\t\t\t\t\t<div class=\"elementor-menu-toggle\" role=\"button\" tabindex=\"0\" aria-label=\"Menu Toggle\" aria-expanded=\"false\">\n\t\t\t<i aria-hidden=\"true\" role=\"presentation\" class=\"eicon-menu-bar\"><\/i>\t\t\t<span class=\"elementor-screen-only\">Menu<\/span>\n\t\t<\/div>\n\t\t\t<nav class=\"elementor-nav-menu--dropdown elementor-nav-menu__container\" role=\"navigation\" aria-hidden=\"true\">\n\t\t\t\t<ul id=\"menu-2-9a7d4d6\" class=\"elementor-nav-menu\"><li class=\"menu-item menu-item-type-post_type menu-item-object-page menu-item-4697\"><a href=\"https:\/\/hastalavista.es\/eng\/caminos\/el-camino-frances\/historia-del-camino-frances-desde-o-cebreiro\/\" class=\"elementor-item\" tabindex=\"-1\">History<\/a><\/li>\n<li class=\"menu-item menu-item-type-post_type menu-item-object-page menu-item-4698\"><a href=\"https:\/\/hastalavista.es\/eng\/caminos\/el-camino-frances\/etapas-del-camino-frances-desde-o-cebreiro\/\" class=\"elementor-item\" tabindex=\"-1\">Stages<\/a><\/li>\n<li class=\"menu-item menu-item-type-post_type menu-item-object-page menu-item-4917\"><a href=\"https:\/\/hastalavista.es\/eng\/caminos\/el-camino-frances\/donde-dormir-en-o-cebreiro\/\" class=\"elementor-item\" tabindex=\"-1\">Spend the night<\/a><\/li>\n<li class=\"menu-item menu-item-type-post_type menu-item-object-page menu-item-4957\"><a href=\"https:\/\/hastalavista.es\/eng\/caminos\/el-camino-frances\/donde-comer-en-o-cebreiro\/\" class=\"elementor-item\" tabindex=\"-1\">Places to eat<\/a><\/li>\n<li class=\"menu-item menu-item-type-post_type menu-item-object-page menu-item-4699\"><a href=\"https:\/\/hastalavista.es\/eng\/caminos\/el-camino-frances\/galeria-del-camino-frances-desde-o-cebreiro\/\" class=\"elementor-item\" tabindex=\"-1\">Gallery<\/a><\/li>\n<li class=\"menu-item menu-item-type-post_type menu-item-object-page menu-item-5564\"><a href=\"https:\/\/hastalavista.es\/eng\/caminos\/el-camino-frances\/que-hacer-en-el-camino-frances-desde-o-cebreiro\/\" class=\"elementor-item\" tabindex=\"-1\">Idle Pilgrim<\/a><\/li>\n<li class=\"menu-item menu-item-type-custom menu-item-object-custom menu-item-4673\"><a href=\"#\" class=\"elementor-item elementor-item-anchor\" tabindex=\"-1\">\u00a1Atention Pilgrim!<\/a><\/li>\n<\/ul>\t\t\t<\/nav>\n\t\t\t\t<\/div>\n\t\t\t\t<\/div>\n\t\t\t\t\t\t<\/div>\n\t\t\t\t\t<\/div>\n\t\t<\/div>\n\t\t\t\t\t\t\t\t<\/div>\n\t\t\t\t\t<\/div>\n\t\t<\/section>\n\t\t\t\t<section class=\"elementor-section elementor-top-section elementor-element elementor-element-dae85be elementor-section-boxed elementor-section-height-default elementor-section-height-default\" data-id=\"dae85be\" data-element_type=\"section\" data-settings=\"{&quot;background_background&quot;:&quot;classic&quot;}\">\n\t\t\t\t\t\t\t<div class=\"elementor-background-overlay\"><\/div>\n\t\t\t\t\t\t\t<div class=\"elementor-container elementor-column-gap-default\">\n\t\t\t\t\t\t\t<div class=\"elementor-row\">\n\t\t\t\t\t<div class=\"elementor-column elementor-col-100 elementor-top-column elementor-element elementor-element-d78759f\" data-id=\"d78759f\" data-element_type=\"column\">\n\t\t\t<div class=\"elementor-column-wrap elementor-element-populated\">\n\t\t\t\t\t\t\t<div class=\"elementor-widget-wrap\">\n\t\t\t\t\t\t<div class=\"elementor-element elementor-element-16b10c3 elementor-widget elementor-widget-spacer\" data-id=\"16b10c3\" data-element_type=\"widget\" data-widget_type=\"spacer.default\">\n\t\t\t\t<div class=\"elementor-widget-container\">\n\t\t\t\t\t<div class=\"elementor-spacer\">\n\t\t\t<div class=\"elementor-spacer-inner\"><\/div>\n\t\t<\/div>\n\t\t\t\t<\/div>\n\t\t\t\t<\/div>\n\t\t\t\t<div class=\"elementor-element elementor-element-50ab892 elementor-widget elementor-widget-text-editor\" data-id=\"50ab892\" data-element_type=\"widget\" data-widget_type=\"text-editor.default\">\n\t\t\t\t<div class=\"elementor-widget-container\">\n\t\t\t\t\t\t\t\t<div class=\"elementor-text-editor elementor-clearfix\">\n\t\t\t\tEl Camino Franc\u00e9s es, sin ninguna duda, la ruta xacobea m\u00e1s conocida y con m\u00e1s tradici\u00f3n. Aunque data del siglo IX, cuando se realiza el descubrimiento del sepulcro del Ap\u00f3stol, ser\u00e1 en el siglo X cuando se convierta en la red que unir\u00e1 los reinos cristianos frente a la dominaci\u00f3n musulmana. Y ya en el siglo XI se fijar\u00e1 su trazado definitivo.<br><br>\nComenzar el viaje en la etapa de O Cebreiro tiene un significado especial, ya que es el primer pueblo del Camino franc\u00e9s en Galicia y, a su vez, uno de los lugares m\u00e1s reconocidos y bellos de todas las Rutas Xacobeas.<br><br>\nCon una situaci\u00f3n privilegiada, en la cordillera de Los Ancares (provincia de Lugo) y a alrededor de 1300 metros de altura, este peque\u00f1o pueblo alberga uno de los paisajes naturales m\u00e1s hermosos del camino, as\u00ed como la famosa leyenda del Milagro del Santo Grial, que ha contribuido indiscutiblemente a la fama de esta villa. En ella se relata como, en un d\u00eda de nieve y tormenta, el monje encargado de oficiar la Eucarist\u00eda en la iglesia de Santa Mar\u00eda de O Cebreiro se burl\u00f3 de un vecino que acudi\u00f3 a misa, acus\u00e1ndole de hacer el sacrificio solamente por un trozo de pan y un poco de vino. Una burla que provoc\u00f3 que la hostia se transformara en carne y el vino en sangre.<br><br>\nTal fue el peso de esta historia que el pueblo comenz\u00f3 a conocerse en toda Europa, hasta el punto de que incluso los Reyes Cat\u00f3licos, maravillados por tal milagro, se desplazaron hasta all\u00ed en 1486 para donar el relicario al Santuario.<br><br>\nEsta Iglesia, que se perfila como uno de los principales atractivos de la villa, es la m\u00e1s antigua en funcionamiento de la ruta Xacobea y en su capilla se conserva el Santo Grial que hizo posible el milagro y que es el s\u00edmbolo her\u00e1ldico de Galicia. Tambi\u00e9n en el Santuario reposan los restos del p\u00e1rroco de la capilla, El\u00edas Vali\u00f1a Sampedro, considerado uno de los grandes impulsores del Camino Franc\u00e9s y al que se le atribuye la realizaci\u00f3n de las primeras flechas amarillas indicativas de la ruta a seguir.<br><br>\nAdem\u00e1s del Santuario, en la puerta de entrada a Galicia nos encontramos con sus famosas pallozas, peque\u00f1as construcciones prerrom\u00e1nicas de piedra, de forma ovalada y con su caracter\u00edstico tejado de paja.<br><br>\nDesde este punto, nos quedar\u00e1n siete etapas para alcanzar la ciudad del Ap\u00f3stol, donde nos encontraremos con rutas de diferente dificultad, bellos paisajes, leyendas incre\u00edbles y huellas del tiempo que nos cuentan la historia de estos lugares.\n\t\t\t\t\t<\/div>\n\t\t\t\t\t\t<\/div>\n\t\t\t\t<\/div>\n\t\t\t\t<div class=\"elementor-element elementor-element-04ace08 elementor-widget elementor-widget-spacer\" data-id=\"04ace08\" data-element_type=\"widget\" data-widget_type=\"spacer.default\">\n\t\t\t\t<div class=\"elementor-widget-container\">\n\t\t\t\t\t<div class=\"elementor-spacer\">\n\t\t\t<div class=\"elementor-spacer-inner\"><\/div>\n\t\t<\/div>\n\t\t\t\t<\/div>\n\t\t\t\t<\/div>\n\t\t\t\t\t\t<\/div>\n\t\t\t\t\t<\/div>\n\t\t<\/div>\n\t\t\t\t\t\t\t\t<\/div>\n\t\t\t\t\t<\/div>\n\t\t<\/section>\n\t\t\t\t\t\t\t\t\t<\/div>\n\t\t\t<\/div>\n\t\t\t\t\t<\/div>","protected":false},"excerpt":{"rendered":"<p>El Camino Franc\u00e9s es, sin ninguna duda, la ruta xacobea m\u00e1s conocida y con m\u00e1s tradici\u00f3n. Aunque data del siglo IX, cuando se realiza el descubrimiento del sepulcro del Ap\u00f3stol, ser\u00e1 en el siglo X cuando se convierta en la red que unir\u00e1 los reinos cristianos frente a la dominaci\u00f3n musulmana. Y ya en el &#8230; <a title=\"Historia del Camino Franc\u00e9s desde O Cebreiro\" class=\"read-more\" href=\"https:\/\/hastalavista.es\/eng\/caminos\/el-camino-frances\/historia-del-camino-frances-desde-o-cebreiro\/\">Read more<\/a><\/p>","protected":false},"author":1,"featured_media":0,"parent":484,"menu_order":0,"comment_status":"closed","ping_status":"closed","template":"","meta":[],"yoast_head":"<!-- This site is optimized with the Yoast SEO plugin v17.6 - https:\/\/yoast.com\/wordpress\/plugins\/seo\/ -->\n<title>Historia del Camino Franc\u00e9s desde O Cebreiro - Hasta la vista<\/title>\n<meta name=\"robots\" content=\"index, follow, max-snippet:-1, max-image-preview:large, max-video-preview:-1\" \/>\n<link rel=\"canonical\" href=\"https:\/\/hastalavista.es\/eng\/caminos\/el-camino-frances\/historia-del-camino-frances-desde-o-cebreiro\/\" \/>\n<meta property=\"og:locale\" content=\"en_US\" \/>\n<meta property=\"og:type\" content=\"article\" \/>\n<meta property=\"og:title\" content=\"Historia del Camino Franc\u00e9s desde O Cebreiro - Hasta la vista\" \/>\n<meta property=\"og:description\" content=\"El Camino Franc\u00e9s es, sin ninguna duda, la ruta xacobea m\u00e1s conocida y con m\u00e1s tradici\u00f3n. Aunque data del siglo IX, cuando se realiza el descubrimiento del sepulcro del Ap\u00f3stol, ser\u00e1 en el siglo X cuando se convierta en la red que unir\u00e1 los reinos cristianos frente a la dominaci\u00f3n musulmana. Y ya en el ... Read more\" \/>\n<meta property=\"og:url\" content=\"https:\/\/hastalavista.es\/eng\/caminos\/el-camino-frances\/historia-del-camino-frances-desde-o-cebreiro\/\" \/>\n<meta property=\"og:site_name\" content=\"Hasta la vista\" \/>\n<meta property=\"article:modified_time\" content=\"2020-02-26T22:18:44+00:00\" \/>\n<meta name=\"twitter:card\" content=\"summary_large_image\" \/>\n<meta name=\"twitter:label1\" content=\"Est. reading time\" \/>\n\t<meta name=\"twitter:data1\" content=\"2 minutes\" \/>\n<script type=\"application\/ld+json\" class=\"yoast-schema-graph\">{\"@context\":\"https:\/\/schema.org\",\"@graph\":[{\"@type\":\"WebSite\",\"@id\":\"https:\/\/hastalavista.es\/gal\/#website\",\"url\":\"https:\/\/hastalavista.es\/gal\/\",\"name\":\"Hasta la vista\",\"description\":\"\",\"potentialAction\":[{\"@type\":\"SearchAction\",\"target\":{\"@type\":\"EntryPoint\",\"urlTemplate\":\"https:\/\/hastalavista.es\/gal\/?s={search_term_string}\"},\"query-input\":\"required name=search_term_string\"}],\"inLanguage\":\"en-US\"},{\"@type\":\"WebPage\",\"@id\":\"https:\/\/hastalavista.es\/caminos\/el-camino-frances\/historia-del-camino-frances-desde-o-cebreiro\/#webpage\",\"url\":\"https:\/\/hastalavista.es\/caminos\/el-camino-frances\/historia-del-camino-frances-desde-o-cebreiro\/\",\"name\":\"Historia del Camino Franc\\u00e9s desde O Cebreiro - Hasta la vista\",\"isPartOf\":{\"@id\":\"https:\/\/hastalavista.es\/gal\/#website\"},\"datePublished\":\"2020-02-26T20:56:22+00:00\",\"dateModified\":\"2020-02-26T22:18:44+00:00\",\"breadcrumb\":{\"@id\":\"https:\/\/hastalavista.es\/caminos\/el-camino-frances\/historia-del-camino-frances-desde-o-cebreiro\/#breadcrumb\"},\"inLanguage\":\"en-US\",\"potentialAction\":[{\"@type\":\"ReadAction\",\"target\":[\"https:\/\/hastalavista.es\/caminos\/el-camino-frances\/historia-del-camino-frances-desde-o-cebreiro\/\"]}]},{\"@type\":\"BreadcrumbList\",\"@id\":\"https:\/\/hastalavista.es\/caminos\/el-camino-frances\/historia-del-camino-frances-desde-o-cebreiro\/#breadcrumb\",\"itemListElement\":[{\"@type\":\"ListItem\",\"position\":1,\"name\":\"Inicio\",\"item\":\"https:\/\/hastalavista.es\/\"},{\"@type\":\"ListItem\",\"position\":2,\"name\":\"Caminos\",\"item\":\"https:\/\/hastalavista.es\/?page_id=284\"},{\"@type\":\"ListItem\",\"position\":3,\"name\":\"El Camino Franc\\u00e9s desde O Cebreiro\",\"item\":\"https:\/\/hastalavista.es\/caminos\/el-camino-frances\/\"},{\"@type\":\"ListItem\",\"position\":4,\"name\":\"Historia del Camino Franc\\u00e9s desde O Cebreiro\"}]}]}<\/script>\n<!-- \/ Yoast SEO plugin. -->","yoast_head_json":{"title":"Historia del Camino Franc\u00e9s desde O Cebreiro - Hasta la vista","robots":{"index":"index","follow":"follow","max-snippet":"max-snippet:-1","max-image-preview":"max-image-preview:large","max-video-preview":"max-video-preview:-1"},"canonical":"https:\/\/hastalavista.es\/eng\/caminos\/el-camino-frances\/historia-del-camino-frances-desde-o-cebreiro\/","og_locale":"en_US","og_type":"article","og_title":"Historia del Camino Franc\u00e9s desde O Cebreiro - Hasta la vista","og_description":"El Camino Franc\u00e9s es, sin ninguna duda, la ruta xacobea m\u00e1s conocida y con m\u00e1s tradici\u00f3n. Aunque data del siglo IX, cuando se realiza el descubrimiento del sepulcro del Ap\u00f3stol, ser\u00e1 en el siglo X cuando se convierta en la red que unir\u00e1 los reinos cristianos frente a la dominaci\u00f3n musulmana. Y ya en el ... Read more","og_url":"https:\/\/hastalavista.es\/eng\/caminos\/el-camino-frances\/historia-del-camino-frances-desde-o-cebreiro\/","og_site_name":"Hasta la vista","article_modified_time":"2020-02-26T22:18:44+00:00","twitter_card":"summary_large_image","twitter_misc":{"Est. reading time":"2 minutes"},"schema":{"@context":"https:\/\/schema.org","@graph":[{"@type":"WebSite","@id":"https:\/\/hastalavista.es\/gal\/#website","url":"https:\/\/hastalavista.es\/gal\/","name":"Hasta la vista","description":"","potentialAction":[{"@type":"SearchAction","target":{"@type":"EntryPoint","urlTemplate":"https:\/\/hastalavista.es\/gal\/?s={search_term_string}"},"query-input":"required name=search_term_string"}],"inLanguage":"en-US"},{"@type":"WebPage","@id":"https:\/\/hastalavista.es\/caminos\/el-camino-frances\/historia-del-camino-frances-desde-o-cebreiro\/#webpage","url":"https:\/\/hastalavista.es\/caminos\/el-camino-frances\/historia-del-camino-frances-desde-o-cebreiro\/","name":"Historia del Camino Franc\u00e9s desde O Cebreiro - Hasta la vista","isPartOf":{"@id":"https:\/\/hastalavista.es\/gal\/#website"},"datePublished":"2020-02-26T20:56:22+00:00","dateModified":"2020-02-26T22:18:44+00:00","breadcrumb":{"@id":"https:\/\/hastalavista.es\/caminos\/el-camino-frances\/historia-del-camino-frances-desde-o-cebreiro\/#breadcrumb"},"inLanguage":"en-US","potentialAction":[{"@type":"ReadAction","target":["https:\/\/hastalavista.es\/caminos\/el-camino-frances\/historia-del-camino-frances-desde-o-cebreiro\/"]}]},{"@type":"BreadcrumbList","@id":"https:\/\/hastalavista.es\/caminos\/el-camino-frances\/historia-del-camino-frances-desde-o-cebreiro\/#breadcrumb","itemListElement":[{"@type":"ListItem","position":1,"name":"Inicio","item":"https:\/\/hastalavista.es\/"},{"@type":"ListItem","position":2,"name":"Caminos","item":"https:\/\/hastalavista.es\/?page_id=284"},{"@type":"ListItem","position":3,"name":"El Camino Franc\u00e9s desde O Cebreiro","item":"https:\/\/hastalavista.es\/caminos\/el-camino-frances\/"},{"@type":"ListItem","position":4,"name":"Historia del Camino Franc\u00e9s desde O Cebreiro"}]}]}},"_links":{"self":[{"href":"https:\/\/hastalavista.es\/eng\/wp-json\/wp\/v2\/pages\/4665"}],"collection":[{"href":"https:\/\/hastalavista.es\/eng\/wp-json\/wp\/v2\/pages"}],"about":[{"href":"https:\/\/hastalavista.es\/eng\/wp-json\/wp\/v2\/types\/page"}],"author":[{"embeddable":true,"href":"https:\/\/hastalavista.es\/eng\/wp-json\/wp\/v2\/users\/1"}],"replies":[{"embeddable":true,"href":"https:\/\/hastalavista.es\/eng\/wp-json\/wp\/v2\/comments?post=4665"}],"version-history":[{"count":2,"href":"https:\/\/hastalavista.es\/eng\/wp-json\/wp\/v2\/pages\/4665\/revisions"}],"predecessor-version":[{"id":4676,"href":"https:\/\/hastalavista.es\/eng\/wp-json\/wp\/v2\/pages\/4665\/revisions\/4676"}],"up":[{"embeddable":true,"href":"https:\/\/hastalavista.es\/eng\/wp-json\/wp\/v2\/pages\/484"}],"wp:attachment":[{"href":"https:\/\/hastalavista.es\/eng\/wp-json\/wp\/v2\/media?parent=4665"}],"curies":[{"name":"wp","href":"https:\/\/api.w.org\/{rel}","templated":true}]}}