{"id":5819,"date":"2020-03-18T13:23:33","date_gmt":"2020-03-18T13:23:33","guid":{"rendered":"https:\/\/hastalavista.es\/?page_id=5819"},"modified":"2020-04-01T17:55:17","modified_gmt":"2020-04-01T17:55:17","slug":"que-hacer-en-el-camino-ingles","status":"publish","type":"page","link":"https:\/\/hastalavista.es\/eng\/caminos\/el-camino-ingles\/que-hacer-en-el-camino-ingles\/","title":{"rendered":"Qu\u00e9 hacer en El Camino Ingl\u00e9s"},"content":{"rendered":"<div data-elementor-type=\"wp-page\" data-elementor-id=\"5819\" class=\"elementor elementor-5819\">\n\t\t\t\t\t\t<div class=\"elementor-inner\">\n\t\t\t\t<div class=\"elementor-section-wrap\">\n\t\t\t\t\t\t\t\t\t<section class=\"elementor-section elementor-top-section elementor-element elementor-element-1d686181 elementor-section-height-min-height elementor-section-boxed elementor-section-height-default elementor-section-items-middle\" data-id=\"1d686181\" data-element_type=\"section\" data-settings=\"{&quot;background_background&quot;:&quot;classic&quot;,&quot;shape_divider_bottom&quot;:&quot;waves&quot;}\">\n\t\t\t\t\t\t\t<div class=\"elementor-background-overlay\"><\/div>\n\t\t\t\t\t\t<div class=\"elementor-shape elementor-shape-bottom\" data-negative=\"false\">\n\t\t\t<svg xmlns=\"http:\/\/www.w3.org\/2000\/svg\" viewbox=\"0 0 1000 100\" preserveaspectratio=\"none\">\n\t<path class=\"elementor-shape-fill\" d=\"M421.9,6.5c22.6-2.5,51.5,0.4,75.5,5.3c23.6,4.9,70.9,23.5,100.5,35.7c75.8,32.2,133.7,44.5,192.6,49.7\tc23.6,2.1,48.7,3.5,103.4-2.5c54.7-6,106.2-25.6,106.2-25.6V0H0v30.3c0,0,72,32.6,158.4,30.5c39.2-0.7,92.8-6.7,134-22.4\tc21.2-8.1,52.2-18.2,79.7-24.2C399.3,7.9,411.6,7.5,421.9,6.5z\"\/>\n<\/svg>\t\t<\/div>\n\t\t\t\t\t<div class=\"elementor-container elementor-column-gap-default\">\n\t\t\t\t\t\t\t<div class=\"elementor-row\">\n\t\t\t\t\t<div class=\"elementor-column elementor-col-100 elementor-top-column elementor-element elementor-element-4e044a38\" data-id=\"4e044a38\" data-element_type=\"column\">\n\t\t\t<div class=\"elementor-column-wrap elementor-element-populated\">\n\t\t\t\t\t\t\t<div class=\"elementor-widget-wrap\">\n\t\t\t\t\t\t<div class=\"elementor-element elementor-element-1f50ae0f elementor-align-center elementor-hidden-phone elementor-widget elementor-widget-breadcrumbs\" data-id=\"1f50ae0f\" data-element_type=\"widget\" data-widget_type=\"breadcrumbs.default\">\n\t\t\t\t<div class=\"elementor-widget-container\">\n\t\t\t<p id=\"breadcrumbs\"><span><span><a href=\"https:\/\/hastalavista.es\/\">Inicio<\/a><\/span><\/p>\t\t<\/div>\n\t\t\t\t<\/div>\n\t\t\t\t<div class=\"elementor-element elementor-element-283a21a0 elementor-nav-menu__align-center elementor-nav-menu--dropdown-tablet elementor-nav-menu__text-align-aside elementor-nav-menu--toggle elementor-nav-menu--burger elementor-widget elementor-widget-nav-menu\" data-id=\"283a21a0\" data-element_type=\"widget\" data-settings=\"{&quot;layout&quot;:&quot;horizontal&quot;,&quot;submenu_icon&quot;:{&quot;value&quot;:&quot;&lt;i class=\\&quot;fas fa-caret-down\\&quot;&gt;&lt;\\\/i&gt;&quot;,&quot;library&quot;:&quot;fa-solid&quot;},&quot;toggle&quot;:&quot;burger&quot;}\" data-widget_type=\"nav-menu.default\">\n\t\t\t\t<div class=\"elementor-widget-container\">\n\t\t\t\t\t\t<nav migration_allowed=\"1\" migrated=\"0\" role=\"navigation\" class=\"elementor-nav-menu--main elementor-nav-menu__container elementor-nav-menu--layout-horizontal e--pointer-background e--animation-fade\">\n\t\t\t\t<ul id=\"menu-1-283a21a0\" class=\"elementor-nav-menu\"><li class=\"menu-item menu-item-type-post_type menu-item-object-page menu-item-4384\"><a href=\"https:\/\/hastalavista.es\/eng\/caminos\/el-camino-ingles\/historia-del-camino-ingles\/\" class=\"elementor-item\">History<\/a><\/li>\n<li class=\"menu-item menu-item-type-post_type menu-item-object-page menu-item-4383\"><a href=\"https:\/\/hastalavista.es\/eng\/caminos\/el-camino-ingles\/etapas-del-camino-ingles\/\" class=\"elementor-item\">Stages<\/a><\/li>\n<li class=\"menu-item menu-item-type-post_type menu-item-object-page menu-item-4463\"><a href=\"https:\/\/hastalavista.es\/eng\/caminos\/el-camino-ingles\/donde-dormir-en-ferrol\/\" class=\"elementor-item\">Spend the night<\/a><\/li>\n<li class=\"menu-item menu-item-type-post_type menu-item-object-page menu-item-4399\"><a href=\"https:\/\/hastalavista.es\/eng\/caminos\/el-camino-ingles\/donde-comer-en-ferrol\/\" class=\"elementor-item\">Places to eat<\/a><\/li>\n<li class=\"menu-item menu-item-type-post_type menu-item-object-page menu-item-4467\"><a href=\"https:\/\/hastalavista.es\/eng\/caminos\/el-camino-ingles\/galeria-del-camino-ingles\/\" class=\"elementor-item\">Gallery<\/a><\/li>\n<li class=\"menu-item menu-item-type-post_type menu-item-object-page menu-item-5823\"><a href=\"https:\/\/hastalavista.es\/eng\/caminos\/el-camino-ingles\/que-hacer-en-el-camino-ingles\/\" class=\"elementor-item\">Idle Pilgrim<\/a><\/li>\n<li class=\"menu-item menu-item-type-custom menu-item-object-custom menu-item-4469\"><a href=\"#\" class=\"elementor-item elementor-item-anchor\">\u00a1Atention Pilgrim!<\/a><\/li>\n<\/ul>\t\t\t<\/nav>\n\t\t\t\t\t<div class=\"elementor-menu-toggle\" role=\"button\" tabindex=\"0\" aria-label=\"Menu Toggle\" aria-expanded=\"false\">\n\t\t\t<i aria-hidden=\"true\" role=\"presentation\" class=\"eicon-menu-bar\"><\/i>\t\t\t<span class=\"elementor-screen-only\">Menu<\/span>\n\t\t<\/div>\n\t\t\t<nav class=\"elementor-nav-menu--dropdown elementor-nav-menu__container\" role=\"navigation\" aria-hidden=\"true\">\n\t\t\t\t<ul id=\"menu-2-283a21a0\" class=\"elementor-nav-menu\"><li class=\"menu-item menu-item-type-post_type menu-item-object-page menu-item-4384\"><a href=\"https:\/\/hastalavista.es\/eng\/caminos\/el-camino-ingles\/historia-del-camino-ingles\/\" class=\"elementor-item\" tabindex=\"-1\">History<\/a><\/li>\n<li class=\"menu-item menu-item-type-post_type menu-item-object-page menu-item-4383\"><a href=\"https:\/\/hastalavista.es\/eng\/caminos\/el-camino-ingles\/etapas-del-camino-ingles\/\" class=\"elementor-item\" tabindex=\"-1\">Stages<\/a><\/li>\n<li class=\"menu-item menu-item-type-post_type menu-item-object-page menu-item-4463\"><a href=\"https:\/\/hastalavista.es\/eng\/caminos\/el-camino-ingles\/donde-dormir-en-ferrol\/\" class=\"elementor-item\" tabindex=\"-1\">Spend the night<\/a><\/li>\n<li class=\"menu-item menu-item-type-post_type menu-item-object-page menu-item-4399\"><a href=\"https:\/\/hastalavista.es\/eng\/caminos\/el-camino-ingles\/donde-comer-en-ferrol\/\" class=\"elementor-item\" tabindex=\"-1\">Places to eat<\/a><\/li>\n<li class=\"menu-item menu-item-type-post_type menu-item-object-page menu-item-4467\"><a href=\"https:\/\/hastalavista.es\/eng\/caminos\/el-camino-ingles\/galeria-del-camino-ingles\/\" class=\"elementor-item\" tabindex=\"-1\">Gallery<\/a><\/li>\n<li class=\"menu-item menu-item-type-post_type menu-item-object-page menu-item-5823\"><a href=\"https:\/\/hastalavista.es\/eng\/caminos\/el-camino-ingles\/que-hacer-en-el-camino-ingles\/\" class=\"elementor-item\" tabindex=\"-1\">Idle Pilgrim<\/a><\/li>\n<li class=\"menu-item menu-item-type-custom menu-item-object-custom menu-item-4469\"><a href=\"#\" class=\"elementor-item elementor-item-anchor\" tabindex=\"-1\">\u00a1Atention Pilgrim!<\/a><\/li>\n<\/ul>\t\t\t<\/nav>\n\t\t\t\t<\/div>\n\t\t\t\t<\/div>\n\t\t\t\t\t\t<\/div>\n\t\t\t\t\t<\/div>\n\t\t<\/div>\n\t\t\t\t\t\t\t\t<\/div>\n\t\t\t\t\t<\/div>\n\t\t<\/section>\n\t\t\t\t<section class=\"elementor-section elementor-top-section elementor-element elementor-element-6c104f68 elementor-section-boxed elementor-section-height-default elementor-section-height-default\" data-id=\"6c104f68\" data-element_type=\"section\">\n\t\t\t\t\t\t<div class=\"elementor-container elementor-column-gap-default\">\n\t\t\t\t\t\t\t<div class=\"elementor-row\">\n\t\t\t\t\t<div class=\"elementor-column elementor-col-25 elementor-top-column elementor-element elementor-element-1d1caa24\" data-id=\"1d1caa24\" data-element_type=\"column\">\n\t\t\t<div class=\"elementor-column-wrap elementor-element-populated\">\n\t\t\t\t\t\t\t<div class=\"elementor-widget-wrap\">\n\t\t\t\t\t\t<div class=\"elementor-element elementor-element-7d96d5d2 elementor-position-top elementor-vertical-align-top elementor-widget elementor-widget-image-box\" data-id=\"7d96d5d2\" data-element_type=\"widget\" data-widget_type=\"image-box.default\">\n\t\t\t\t<div class=\"elementor-widget-container\">\n\t\t\t<div class=\"elementor-image-box-wrapper\"><figure class=\"elementor-image-box-img\"><a href=\"https:\/\/www.ferrol.gal\/arquivos\/documentos\/turismo\/AFdiptico_meninas.pdf\" target=\"_blank\" rel=\"nofollow\"><img width=\"2560\" height=\"2560\" src=\"https:\/\/hastalavista.es\/wp-content\/uploads\/2020\/03\/meninas_de_canido_que_hacer_en_ferrol-scaled.jpg\" class=\"attachment-full size-full\" alt=\"\" loading=\"lazy\" \/><\/a><\/figure><div class=\"elementor-image-box-content\"><h3 class=\"elementor-image-box-title\"><a href=\"https:\/\/www.ferrol.gal\/arquivos\/documentos\/turismo\/AFdiptico_meninas.pdf\" target=\"_blank\" rel=\"nofollow\">FERROL - Meninas de canido<\/a><\/h3><p class=\"elementor-image-box-description\">Las Meninas de Canido son una muestra de\ncomo el arte puede cambiar la morfolog\u00eda de un \u00e1rea urbana olvidada.<\/p><\/div><\/div>\t\t<\/div>\n\t\t\t\t<\/div>\n\t\t\t\t\t\t<\/div>\n\t\t\t\t\t<\/div>\n\t\t<\/div>\n\t\t\t\t<div class=\"elementor-column elementor-col-25 elementor-top-column elementor-element elementor-element-4cac566a\" data-id=\"4cac566a\" data-element_type=\"column\">\n\t\t\t<div class=\"elementor-column-wrap elementor-element-populated\">\n\t\t\t\t\t\t\t<div class=\"elementor-widget-wrap\">\n\t\t\t\t\t\t<div class=\"elementor-element elementor-element-d609cbb elementor-position-top elementor-vertical-align-top elementor-widget elementor-widget-image-box\" data-id=\"d609cbb\" data-element_type=\"widget\" data-widget_type=\"image-box.default\">\n\t\t\t\t<div class=\"elementor-widget-container\">\n\t\t\t<div class=\"elementor-image-box-wrapper\"><figure class=\"elementor-image-box-img\"><a href=\"http:\/\/www.ferrol.es\/arquivos\/documentos\/turismo\/Castelo%20San%20Felipe%20-%20GAL.pdf\" target=\"_blank\" rel=\"nofollow\"><img width=\"2560\" height=\"2560\" src=\"https:\/\/hastalavista.es\/wp-content\/uploads\/2020\/03\/castillo_san_felipe_que_hacer_en_ferrol-scaled.jpg\" class=\"attachment-full size-full\" alt=\"\" loading=\"lazy\" \/><\/a><\/figure><div class=\"elementor-image-box-content\"><h3 class=\"elementor-image-box-title\"><a href=\"http:\/\/www.ferrol.es\/arquivos\/documentos\/turismo\/Castelo%20San%20Felipe%20-%20GAL.pdf\" target=\"_blank\" rel=\"nofollow\">FERROL - Castillo de San Felipe<\/a><\/h3><p class=\"elementor-image-box-description\">Castillo que serv\u00eda para la defensa de la r\u00eda de Ferrol y los ataques por tierra. <\/p><\/div><\/div>\t\t<\/div>\n\t\t\t\t<\/div>\n\t\t\t\t\t\t<\/div>\n\t\t\t\t\t<\/div>\n\t\t<\/div>\n\t\t\t\t<div class=\"elementor-column elementor-col-25 elementor-top-column elementor-element elementor-element-7d00c48a\" data-id=\"7d00c48a\" data-element_type=\"column\">\n\t\t\t<div class=\"elementor-column-wrap elementor-element-populated\">\n\t\t\t\t\t\t\t<div class=\"elementor-widget-wrap\">\n\t\t\t\t\t\t<div class=\"elementor-element elementor-element-5ec7a512 elementor-position-top elementor-vertical-align-top elementor-widget elementor-widget-image-box\" data-id=\"5ec7a512\" data-element_type=\"widget\" data-widget_type=\"image-box.default\">\n\t\t\t\t<div class=\"elementor-widget-container\">\n\t\t\t<div class=\"elementor-image-box-wrapper\"><figure class=\"elementor-image-box-img\"><a href=\"http:\/\/www.turismocoruna.com\/web\/corTurServer.php?idSecweb=222&#038;idInfo=47&#038;id_secPadre=217&#038;idCategoria=136&#038;idSecDescendencia=218&#038;scrollear\" target=\"_blank\" rel=\"nofollow\"><img width=\"300\" height=\"300\" src=\"https:\/\/hastalavista.es\/wp-content\/uploads\/2020\/03\/plaza_maria_pita_que_hacer_en_coruna.gif\" class=\"attachment-full size-full\" alt=\"\" loading=\"lazy\" \/><\/a><\/figure><div class=\"elementor-image-box-content\"><h3 class=\"elementor-image-box-title\"><a href=\"http:\/\/www.turismocoruna.com\/web\/corTurServer.php?idSecweb=222&#038;idInfo=47&#038;id_secPadre=217&#038;idCategoria=136&#038;idSecDescendencia=218&#038;scrollear\" target=\"_blank\" rel=\"nofollow\">A CORU\u00d1A - Plaza de Mar\u00eda Pita<\/a><\/h3><p class=\"elementor-image-box-description\">Mayor Fern\u00e1ndez de la C\u00e1mara y Pita, popularmente conocida como Mar\u00eda Pita, es la protagonista indiscutible de la historia coru\u00f1esa.<\/p><\/div><\/div>\t\t<\/div>\n\t\t\t\t<\/div>\n\t\t\t\t\t\t<\/div>\n\t\t\t\t\t<\/div>\n\t\t<\/div>\n\t\t\t\t<div class=\"elementor-column elementor-col-25 elementor-top-column elementor-element elementor-element-1b39d9e5\" data-id=\"1b39d9e5\" data-element_type=\"column\">\n\t\t\t<div class=\"elementor-column-wrap elementor-element-populated\">\n\t\t\t\t\t\t\t<div class=\"elementor-widget-wrap\">\n\t\t\t\t\t\t<div class=\"elementor-element elementor-element-5551972b elementor-position-top elementor-vertical-align-top elementor-widget elementor-widget-image-box\" data-id=\"5551972b\" data-element_type=\"widget\" data-widget_type=\"image-box.default\">\n\t\t\t\t<div class=\"elementor-widget-container\">\n\t\t\t<div class=\"elementor-image-box-wrapper\"><figure class=\"elementor-image-box-img\"><img width=\"300\" height=\"300\" src=\"https:\/\/hastalavista.es\/wp-content\/uploads\/2020\/03\/torre_hercules_que_hacer_en_coruna.gif\" class=\"attachment-full size-full\" alt=\"\" loading=\"lazy\" \/><\/figure><div class=\"elementor-image-box-content\"><h3 class=\"elementor-image-box-title\">A CORU\u00d1A - la torre de h\u00e9rcules<\/h3><p class=\"elementor-image-box-description\">Declarada Bien de Inter\u00e9s Cultural en 1931 y monumento Patrimonio de la Humanidad en 2009.<\/p><\/div><\/div>\t\t<\/div>\n\t\t\t\t<\/div>\n\t\t\t\t\t\t<\/div>\n\t\t\t\t\t<\/div>\n\t\t<\/div>\n\t\t\t\t\t\t\t\t<\/div>\n\t\t\t\t\t<\/div>\n\t\t<\/section>\n\t\t\t\t\t\t\t\t\t<\/div>\n\t\t\t<\/div>\n\t\t\t\t\t<\/div>","protected":false},"excerpt":{"rendered":"<p>FERROL &#8211; Meninas de canido Las Meninas de Canido son una muestra de como el arte puede cambiar la morfolog\u00eda de un \u00e1rea urbana olvidada. FERROL &#8211; Castillo de San Felipe Castillo que serv\u00eda para la defensa de la r\u00eda de Ferrol y los ataques por tierra. A CORU\u00d1A &#8211; Plaza de Mar\u00eda Pita Mayor &#8230; <a title=\"Qu\u00e9 hacer en El Camino Ingl\u00e9s\" class=\"read-more\" href=\"https:\/\/hastalavista.es\/eng\/caminos\/el-camino-ingles\/que-hacer-en-el-camino-ingles\/\">Read more<\/a><\/p>","protected":false},"author":1,"featured_media":0,"parent":457,"menu_order":0,"comment_status":"closed","ping_status":"closed","template":"","meta":[],"yoast_head":"<!-- This site is optimized with the Yoast SEO plugin v17.6 - https:\/\/yoast.com\/wordpress\/plugins\/seo\/ -->\n<title>Qu\u00e9 hacer en El Camino Ingl\u00e9s - Hasta la vista<\/title>\n<meta name=\"robots\" content=\"index, follow, max-snippet:-1, max-image-preview:large, max-video-preview:-1\" \/>\n<link rel=\"canonical\" href=\"https:\/\/hastalavista.es\/eng\/caminos\/el-camino-ingles\/que-hacer-en-el-camino-ingles\/\" \/>\n<meta property=\"og:locale\" content=\"en_US\" \/>\n<meta property=\"og:type\" content=\"article\" \/>\n<meta property=\"og:title\" content=\"Qu\u00e9 hacer en El Camino Ingl\u00e9s - Hasta la vista\" \/>\n<meta property=\"og:description\" content=\"FERROL &#8211; Meninas de canido Las Meninas de Canido son una muestra de como el arte puede cambiar la morfolog\u00eda de un \u00e1rea urbana olvidada. FERROL &#8211; Castillo de San Felipe Castillo que serv\u00eda para la defensa de la r\u00eda de Ferrol y los ataques por tierra. A CORU\u00d1A &#8211; Plaza de Mar\u00eda Pita Mayor ... Read more\" \/>\n<meta property=\"og:url\" content=\"https:\/\/hastalavista.es\/eng\/caminos\/el-camino-ingles\/que-hacer-en-el-camino-ingles\/\" \/>\n<meta property=\"og:site_name\" content=\"Hasta la vista\" \/>\n<meta property=\"article:modified_time\" content=\"2020-04-01T17:55:17+00:00\" \/>\n<meta property=\"og:image\" content=\"https:\/\/hastalavista.es\/wp-content\/uploads\/2020\/03\/meninas_de_canido_que_hacer_en_ferrol-scaled.jpg\" \/>\n<meta name=\"twitter:card\" content=\"summary_large_image\" \/>\n<meta name=\"twitter:label1\" content=\"Est. reading time\" \/>\n\t<meta name=\"twitter:data1\" content=\"1 minute\" \/>\n<script type=\"application\/ld+json\" class=\"yoast-schema-graph\">{\"@context\":\"https:\/\/schema.org\",\"@graph\":[{\"@type\":\"WebSite\",\"@id\":\"https:\/\/hastalavista.es\/gal\/#website\",\"url\":\"https:\/\/hastalavista.es\/gal\/\",\"name\":\"Hasta la vista\",\"description\":\"\",\"potentialAction\":[{\"@type\":\"SearchAction\",\"target\":{\"@type\":\"EntryPoint\",\"urlTemplate\":\"https:\/\/hastalavista.es\/gal\/?s={search_term_string}\"},\"query-input\":\"required name=search_term_string\"}],\"inLanguage\":\"en-US\"},{\"@type\":\"ImageObject\",\"@id\":\"https:\/\/hastalavista.es\/caminos\/el-camino-ingles\/que-hacer-en-el-camino-ingles\/#primaryimage\",\"inLanguage\":\"en-US\",\"url\":\"https:\/\/hastalavista.es\/wp-content\/uploads\/2020\/03\/meninas_de_canido_que_hacer_en_ferrol-scaled.jpg\",\"contentUrl\":\"https:\/\/hastalavista.es\/wp-content\/uploads\/2020\/03\/meninas_de_canido_que_hacer_en_ferrol-scaled.jpg\",\"width\":2560,\"height\":2560},{\"@type\":\"WebPage\",\"@id\":\"https:\/\/hastalavista.es\/caminos\/el-camino-ingles\/que-hacer-en-el-camino-ingles\/#webpage\",\"url\":\"https:\/\/hastalavista.es\/caminos\/el-camino-ingles\/que-hacer-en-el-camino-ingles\/\",\"name\":\"Qu\\u00e9 hacer en El Camino Ingl\\u00e9s - Hasta la vista\",\"isPartOf\":{\"@id\":\"https:\/\/hastalavista.es\/gal\/#website\"},\"primaryImageOfPage\":{\"@id\":\"https:\/\/hastalavista.es\/caminos\/el-camino-ingles\/que-hacer-en-el-camino-ingles\/#primaryimage\"},\"datePublished\":\"2020-03-18T13:23:33+00:00\",\"dateModified\":\"2020-04-01T17:55:17+00:00\",\"breadcrumb\":{\"@id\":\"https:\/\/hastalavista.es\/caminos\/el-camino-ingles\/que-hacer-en-el-camino-ingles\/#breadcrumb\"},\"inLanguage\":\"en-US\",\"potentialAction\":[{\"@type\":\"ReadAction\",\"target\":[\"https:\/\/hastalavista.es\/caminos\/el-camino-ingles\/que-hacer-en-el-camino-ingles\/\"]}]},{\"@type\":\"BreadcrumbList\",\"@id\":\"https:\/\/hastalavista.es\/caminos\/el-camino-ingles\/que-hacer-en-el-camino-ingles\/#breadcrumb\",\"itemListElement\":[{\"@type\":\"ListItem\",\"position\":1,\"name\":\"Inicio\",\"item\":\"https:\/\/hastalavista.es\/\"},{\"@type\":\"ListItem\",\"position\":2,\"name\":\"Caminos\",\"item\":\"https:\/\/hastalavista.es\/?page_id=284\"},{\"@type\":\"ListItem\",\"position\":3,\"name\":\"El Camino Ingl\\u00e9s\",\"item\":\"https:\/\/hastalavista.es\/caminos\/el-camino-ingles\/\"},{\"@type\":\"ListItem\",\"position\":4,\"name\":\"Qu\\u00e9 hacer en El Camino Ingl\\u00e9s\"}]}]}<\/script>\n<!-- \/ Yoast SEO plugin. -->","yoast_head_json":{"title":"Qu\u00e9 hacer en El Camino Ingl\u00e9s - Hasta la vista","robots":{"index":"index","follow":"follow","max-snippet":"max-snippet:-1","max-image-preview":"max-image-preview:large","max-video-preview":"max-video-preview:-1"},"canonical":"https:\/\/hastalavista.es\/eng\/caminos\/el-camino-ingles\/que-hacer-en-el-camino-ingles\/","og_locale":"en_US","og_type":"article","og_title":"Qu\u00e9 hacer en El Camino Ingl\u00e9s - Hasta la vista","og_description":"FERROL &#8211; Meninas de canido Las Meninas de Canido son una muestra de como el arte puede cambiar la morfolog\u00eda de un \u00e1rea urbana olvidada. FERROL &#8211; Castillo de San Felipe Castillo que serv\u00eda para la defensa de la r\u00eda de Ferrol y los ataques por tierra. A CORU\u00d1A &#8211; Plaza de Mar\u00eda Pita Mayor ... Read more","og_url":"https:\/\/hastalavista.es\/eng\/caminos\/el-camino-ingles\/que-hacer-en-el-camino-ingles\/","og_site_name":"Hasta la vista","article_modified_time":"2020-04-01T17:55:17+00:00","og_image":[{"url":"https:\/\/hastalavista.es\/wp-content\/uploads\/2020\/03\/meninas_de_canido_que_hacer_en_ferrol-scaled.jpg"}],"twitter_card":"summary_large_image","twitter_misc":{"Est. reading time":"1 minute"},"schema":{"@context":"https:\/\/schema.org","@graph":[{"@type":"WebSite","@id":"https:\/\/hastalavista.es\/gal\/#website","url":"https:\/\/hastalavista.es\/gal\/","name":"Hasta la vista","description":"","potentialAction":[{"@type":"SearchAction","target":{"@type":"EntryPoint","urlTemplate":"https:\/\/hastalavista.es\/gal\/?s={search_term_string}"},"query-input":"required name=search_term_string"}],"inLanguage":"en-US"},{"@type":"ImageObject","@id":"https:\/\/hastalavista.es\/caminos\/el-camino-ingles\/que-hacer-en-el-camino-ingles\/#primaryimage","inLanguage":"en-US","url":"https:\/\/hastalavista.es\/wp-content\/uploads\/2020\/03\/meninas_de_canido_que_hacer_en_ferrol-scaled.jpg","contentUrl":"https:\/\/hastalavista.es\/wp-content\/uploads\/2020\/03\/meninas_de_canido_que_hacer_en_ferrol-scaled.jpg","width":2560,"height":2560},{"@type":"WebPage","@id":"https:\/\/hastalavista.es\/caminos\/el-camino-ingles\/que-hacer-en-el-camino-ingles\/#webpage","url":"https:\/\/hastalavista.es\/caminos\/el-camino-ingles\/que-hacer-en-el-camino-ingles\/","name":"Qu\u00e9 hacer en El Camino Ingl\u00e9s - Hasta la vista","isPartOf":{"@id":"https:\/\/hastalavista.es\/gal\/#website"},"primaryImageOfPage":{"@id":"https:\/\/hastalavista.es\/caminos\/el-camino-ingles\/que-hacer-en-el-camino-ingles\/#primaryimage"},"datePublished":"2020-03-18T13:23:33+00:00","dateModified":"2020-04-01T17:55:17+00:00","breadcrumb":{"@id":"https:\/\/hastalavista.es\/caminos\/el-camino-ingles\/que-hacer-en-el-camino-ingles\/#breadcrumb"},"inLanguage":"en-US","potentialAction":[{"@type":"ReadAction","target":["https:\/\/hastalavista.es\/caminos\/el-camino-ingles\/que-hacer-en-el-camino-ingles\/"]}]},{"@type":"BreadcrumbList","@id":"https:\/\/hastalavista.es\/caminos\/el-camino-ingles\/que-hacer-en-el-camino-ingles\/#breadcrumb","itemListElement":[{"@type":"ListItem","position":1,"name":"Inicio","item":"https:\/\/hastalavista.es\/"},{"@type":"ListItem","position":2,"name":"Caminos","item":"https:\/\/hastalavista.es\/?page_id=284"},{"@type":"ListItem","position":3,"name":"El Camino Ingl\u00e9s","item":"https:\/\/hastalavista.es\/caminos\/el-camino-ingles\/"},{"@type":"ListItem","position":4,"name":"Qu\u00e9 hacer en El Camino Ingl\u00e9s"}]}]}},"_links":{"self":[{"href":"https:\/\/hastalavista.es\/eng\/wp-json\/wp\/v2\/pages\/5819"}],"collection":[{"href":"https:\/\/hastalavista.es\/eng\/wp-json\/wp\/v2\/pages"}],"about":[{"href":"https:\/\/hastalavista.es\/eng\/wp-json\/wp\/v2\/types\/page"}],"author":[{"embeddable":true,"href":"https:\/\/hastalavista.es\/eng\/wp-json\/wp\/v2\/users\/1"}],"replies":[{"embeddable":true,"href":"https:\/\/hastalavista.es\/eng\/wp-json\/wp\/v2\/comments?post=5819"}],"version-history":[{"count":4,"href":"https:\/\/hastalavista.es\/eng\/wp-json\/wp\/v2\/pages\/5819\/revisions"}],"predecessor-version":[{"id":6025,"href":"https:\/\/hastalavista.es\/eng\/wp-json\/wp\/v2\/pages\/5819\/revisions\/6025"}],"up":[{"embeddable":true,"href":"https:\/\/hastalavista.es\/eng\/wp-json\/wp\/v2\/pages\/457"}],"wp:attachment":[{"href":"https:\/\/hastalavista.es\/eng\/wp-json\/wp\/v2\/media?parent=5819"}],"curies":[{"name":"wp","href":"https:\/\/api.w.org\/{rel}","templated":true}]}}