{"id":4748,"date":"2020-02-29T13:19:06","date_gmt":"2020-02-29T13:19:06","guid":{"rendered":"https:\/\/hastalavista.es\/?page_id=4748"},"modified":"2020-03-26T12:28:36","modified_gmt":"2020-03-26T12:28:36","slug":"etapas-del-camino-primitivo-desde-o-alto-do-acevedo","status":"publish","type":"page","link":"https:\/\/hastalavista.es\/gal\/caminos\/el-camino-primitivo-desde-alto-de-acevedo\/etapas-del-camino-primitivo-desde-o-alto-do-acevedo\/","title":{"rendered":"Etapas del Camino Primitivo desde O Alto do Acevedo"},"content":{"rendered":"<div data-elementor-type=\"wp-page\" data-elementor-id=\"4748\" class=\"elementor elementor-4748\">\n\t\t\t\t\t\t<div class=\"elementor-inner\">\n\t\t\t\t<div class=\"elementor-section-wrap\">\n\t\t\t\t\t\t\t\t\t<section class=\"elementor-section elementor-top-section elementor-element elementor-element-df2053e elementor-section-height-min-height elementor-section-boxed elementor-section-height-default elementor-section-items-middle\" data-id=\"df2053e\" data-element_type=\"section\" data-settings=\"{&quot;background_background&quot;:&quot;classic&quot;,&quot;shape_divider_bottom&quot;:&quot;waves&quot;}\">\n\t\t\t\t\t\t\t<div class=\"elementor-background-overlay\"><\/div>\n\t\t\t\t\t\t<div class=\"elementor-shape elementor-shape-bottom\" data-negative=\"false\">\n\t\t\t<svg xmlns=\"http:\/\/www.w3.org\/2000\/svg\" viewbox=\"0 0 1000 100\" preserveaspectratio=\"none\">\n\t<path class=\"elementor-shape-fill\" d=\"M421.9,6.5c22.6-2.5,51.5,0.4,75.5,5.3c23.6,4.9,70.9,23.5,100.5,35.7c75.8,32.2,133.7,44.5,192.6,49.7\tc23.6,2.1,48.7,3.5,103.4-2.5c54.7-6,106.2-25.6,106.2-25.6V0H0v30.3c0,0,72,32.6,158.4,30.5c39.2-0.7,92.8-6.7,134-22.4\tc21.2-8.1,52.2-18.2,79.7-24.2C399.3,7.9,411.6,7.5,421.9,6.5z\"\/>\n<\/svg>\t\t<\/div>\n\t\t\t\t\t<div class=\"elementor-container elementor-column-gap-default\">\n\t\t\t\t\t\t\t<div class=\"elementor-row\">\n\t\t\t\t\t<div class=\"elementor-column elementor-col-100 elementor-top-column elementor-element elementor-element-4a06f57\" data-id=\"4a06f57\" data-element_type=\"column\">\n\t\t\t<div class=\"elementor-column-wrap elementor-element-populated\">\n\t\t\t\t\t\t\t<div class=\"elementor-widget-wrap\">\n\t\t\t\t\t\t<div class=\"elementor-element elementor-element-84230c2 elementor-align-center elementor-hidden-phone elementor-widget elementor-widget-breadcrumbs\" data-id=\"84230c2\" data-element_type=\"widget\" data-widget_type=\"breadcrumbs.default\">\n\t\t\t\t<div class=\"elementor-widget-container\">\n\t\t\t<p id=\"breadcrumbs\"><span><span><a href=\"https:\/\/hastalavista.es\/\">Inicio<\/a><\/span><\/p>\t\t<\/div>\n\t\t\t\t<\/div>\n\t\t\t\t<div class=\"elementor-element elementor-element-3718480 elementor-nav-menu__align-center elementor-nav-menu--dropdown-tablet elementor-nav-menu__text-align-aside elementor-nav-menu--toggle elementor-nav-menu--burger elementor-widget elementor-widget-nav-menu\" data-id=\"3718480\" data-element_type=\"widget\" data-settings=\"{&quot;layout&quot;:&quot;horizontal&quot;,&quot;submenu_icon&quot;:{&quot;value&quot;:&quot;&lt;i class=\\&quot;fas fa-caret-down\\&quot;&gt;&lt;\\\/i&gt;&quot;,&quot;library&quot;:&quot;fa-solid&quot;},&quot;toggle&quot;:&quot;burger&quot;}\" data-widget_type=\"nav-menu.default\">\n\t\t\t\t<div class=\"elementor-widget-container\">\n\t\t\t\t\t\t<nav migration_allowed=\"1\" migrated=\"0\" role=\"navigation\" class=\"elementor-nav-menu--main elementor-nav-menu__container elementor-nav-menu--layout-horizontal e--pointer-background e--animation-fade\">\n\t\t\t\t<ul id=\"menu-1-3718480\" class=\"elementor-nav-menu\"><li class=\"menu-item menu-item-type-post_type menu-item-object-page menu-item-4760\"><a href=\"https:\/\/hastalavista.es\/gal\/caminos\/el-camino-primitivo-desde-alto-de-acevedo\/historia-del-camino-primitivo-desde-o-alto-do-acevo\/\" class=\"elementor-item\">Historia<\/a><\/li>\n<li class=\"menu-item menu-item-type-post_type menu-item-object-page menu-item-4759\"><a href=\"https:\/\/hastalavista.es\/gal\/caminos\/el-camino-primitivo-desde-alto-de-acevedo\/etapas-del-camino-primitivo-desde-o-alto-do-acevedo\/\" class=\"elementor-item\">Etapas<\/a><\/li>\n<li class=\"menu-item menu-item-type-post_type menu-item-object-page menu-item-5032\"><a href=\"https:\/\/hastalavista.es\/gal\/caminos\/el-camino-primitivo-desde-alto-de-acevedo\/donde-dormir-en-castroverde\/\" class=\"elementor-item\">Durmir<\/a><\/li>\n<li class=\"menu-item menu-item-type-post_type menu-item-object-page menu-item-5031\"><a href=\"https:\/\/hastalavista.es\/gal\/caminos\/el-camino-primitivo-desde-alto-de-acevedo\/donde-comer-en-castroverde\/\" class=\"elementor-item\">Comer<\/a><\/li>\n<li class=\"menu-item menu-item-type-post_type menu-item-object-page menu-item-4758\"><a href=\"https:\/\/hastalavista.es\/gal\/caminos\/el-camino-primitivo-desde-alto-de-acevedo\/galeria-del-camino-primitivo-desde-o-alto-do-acevo\/\" class=\"elementor-item\">Galer\u00eda<\/a><\/li>\n<li class=\"menu-item menu-item-type-post_type menu-item-object-page menu-item-5828\"><a href=\"https:\/\/hastalavista.es\/gal\/caminos\/el-camino-primitivo-desde-alto-de-acevedo\/que-hacer-en-el-camino-primitivo-desde-o-alto-do-acevo\/\" class=\"elementor-item\">O Peregrino ocioso<\/a><\/li>\n<li class=\"menu-item menu-item-type-custom menu-item-object-custom menu-item-4744\"><a href=\"#\" class=\"elementor-item elementor-item-anchor\">\u00a1Atenci\u00f3n Peregrino!<\/a><\/li>\n<\/ul>\t\t\t<\/nav>\n\t\t\t\t\t<div class=\"elementor-menu-toggle\" role=\"button\" tabindex=\"0\" aria-label=\"Menu Toggle\" aria-expanded=\"false\">\n\t\t\t<i aria-hidden=\"true\" role=\"presentation\" class=\"eicon-menu-bar\"><\/i>\t\t\t<span class=\"elementor-screen-only\">Menu<\/span>\n\t\t<\/div>\n\t\t\t<nav class=\"elementor-nav-menu--dropdown elementor-nav-menu__container\" role=\"navigation\" aria-hidden=\"true\">\n\t\t\t\t<ul id=\"menu-2-3718480\" class=\"elementor-nav-menu\"><li class=\"menu-item menu-item-type-post_type menu-item-object-page menu-item-4760\"><a href=\"https:\/\/hastalavista.es\/gal\/caminos\/el-camino-primitivo-desde-alto-de-acevedo\/historia-del-camino-primitivo-desde-o-alto-do-acevo\/\" class=\"elementor-item\" tabindex=\"-1\">Historia<\/a><\/li>\n<li class=\"menu-item menu-item-type-post_type menu-item-object-page menu-item-4759\"><a href=\"https:\/\/hastalavista.es\/gal\/caminos\/el-camino-primitivo-desde-alto-de-acevedo\/etapas-del-camino-primitivo-desde-o-alto-do-acevedo\/\" class=\"elementor-item\" tabindex=\"-1\">Etapas<\/a><\/li>\n<li class=\"menu-item menu-item-type-post_type menu-item-object-page menu-item-5032\"><a href=\"https:\/\/hastalavista.es\/gal\/caminos\/el-camino-primitivo-desde-alto-de-acevedo\/donde-dormir-en-castroverde\/\" class=\"elementor-item\" tabindex=\"-1\">Durmir<\/a><\/li>\n<li class=\"menu-item menu-item-type-post_type menu-item-object-page menu-item-5031\"><a href=\"https:\/\/hastalavista.es\/gal\/caminos\/el-camino-primitivo-desde-alto-de-acevedo\/donde-comer-en-castroverde\/\" class=\"elementor-item\" tabindex=\"-1\">Comer<\/a><\/li>\n<li class=\"menu-item menu-item-type-post_type menu-item-object-page menu-item-4758\"><a href=\"https:\/\/hastalavista.es\/gal\/caminos\/el-camino-primitivo-desde-alto-de-acevedo\/galeria-del-camino-primitivo-desde-o-alto-do-acevo\/\" class=\"elementor-item\" tabindex=\"-1\">Galer\u00eda<\/a><\/li>\n<li class=\"menu-item menu-item-type-post_type menu-item-object-page menu-item-5828\"><a href=\"https:\/\/hastalavista.es\/gal\/caminos\/el-camino-primitivo-desde-alto-de-acevedo\/que-hacer-en-el-camino-primitivo-desde-o-alto-do-acevo\/\" class=\"elementor-item\" tabindex=\"-1\">O Peregrino ocioso<\/a><\/li>\n<li class=\"menu-item menu-item-type-custom menu-item-object-custom menu-item-4744\"><a href=\"#\" class=\"elementor-item elementor-item-anchor\" tabindex=\"-1\">\u00a1Atenci\u00f3n Peregrino!<\/a><\/li>\n<\/ul>\t\t\t<\/nav>\n\t\t\t\t<\/div>\n\t\t\t\t<\/div>\n\t\t\t\t\t\t<\/div>\n\t\t\t\t\t<\/div>\n\t\t<\/div>\n\t\t\t\t\t\t\t\t<\/div>\n\t\t\t\t\t<\/div>\n\t\t<\/section>\n\t\t\t\t<section class=\"elementor-section elementor-top-section elementor-element elementor-element-6652446 elementor-section-boxed elementor-section-height-default elementor-section-height-default\" data-id=\"6652446\" data-element_type=\"section\" data-settings=\"{&quot;background_background&quot;:&quot;classic&quot;}\">\n\t\t\t\t\t\t\t<div class=\"elementor-background-overlay\"><\/div>\n\t\t\t\t\t\t\t<div class=\"elementor-container elementor-column-gap-default\">\n\t\t\t\t\t\t\t<div class=\"elementor-row\">\n\t\t\t\t\t<div class=\"elementor-column elementor-col-100 elementor-top-column elementor-element elementor-element-7b847af\" data-id=\"7b847af\" data-element_type=\"column\">\n\t\t\t<div class=\"elementor-column-wrap elementor-element-populated\">\n\t\t\t\t\t\t\t<div class=\"elementor-widget-wrap\">\n\t\t\t\t\t\t<div class=\"elementor-element elementor-element-37933e5 elementor-widget elementor-widget-text-editor\" data-id=\"37933e5\" data-element_type=\"widget\" data-widget_type=\"text-editor.default\">\n\t\t\t\t<div class=\"elementor-widget-container\">\n\t\t\t\t\t\t\t\t<div class=\"elementor-text-editor elementor-clearfix\">\n\t\t\t\t<p><b>1\u00aa Etapa: Alto do Acevo- Paravella: 24,5km<\/b><br \/><br \/>A ruta comeza cun denso pi\u00f1eiral, un amplo val e a vila de Fonfr\u00eda, onde descansa o primeiro manancial de auga doce para o peregrino.<br \/>S\u00f3 13 Km separan o comezo da viaxe do primeiro pobo galego que recolle este Cami\u00f1o, A Fonsagrada. Neste municipio, que \u00e9 o m\u00e1is grande de Galicia, atopamos a fonte sagrada, co\u00f1ecida como tal porque se lle atrib\u00fae un milagre do Ap\u00f3stolo. Conta a lenda que, despois de que unha vi\u00fava axudoulle, el, en agradecemento, converteu a auga desa fonte en leite para a s\u00faa familia, polo que tam\u00e9n se especula que deu o seu nome \u00e1 propia vila.<br \/><br \/>Deixamos atr\u00e1s A Fonsagrada para chegar, pouco despois, \u00e1 parroquia de Montouto, onde a\u00ednda se conservan as ru\u00ednas do que se di, foi o \u00faltimo hospital de peregrinos de Galicia, que estivo activo ata boa parte do s\u00e9culo XX.<br \/>Dende o alto de Montouto, descendemos cara ao noso primeiro destino, a \u00fanica vila de Paradavella, na que destacan moitas palmeiras e construci\u00f3ns campesi\u00f1as que sobreviviron ao tempo.<br \/><br \/><b>2\u00aa Etapa: Paradavella- Castroverde: 22km<\/b><br \/><br \/>A etapa que nos levar\u00e1 ata Castroverde comeza con outro frondoso bosque onde as subidas po\u00f1en a proba \u00f3 peregrino, especialmente a chamada Costa do Sapo que desemboca no pobo da Lastra.<br \/><br \/>Dende aqu\u00ed accedese \u00e1 localidade da Fontaneira, onde h\u00f3rreos, palleiros e pallozas dan fe da historia castrexa do lugar. Pero \u00e9 a s\u00faa igrexa do s\u00e9culo XVIII a que far\u00e1 as delicias dos m\u00e1is devotos, pois est\u00e1 dedicada a Santiago.<br \/><br \/>Continuando a viaxe, pasaremos polo C\u00e1davo e Vilabade, onde a s\u00faa igrexa g\u00f3tica do s\u00e9culo XV, que foi declarada  Monumento Nacional, garda un retablo barroco do galego Francisco Lens.<br \/><br \/>Finalmente chegamos  a Castroverde, onde ademais de repo\u00f1er forzas, poderemos visitar a torre que rende homenaxe ao seu castelo, primeiro propiedade de Lemos e, despois, de Altamira.<br \/><br \/><b>3\u00aa Etapa: Castroverde- Lugo: 22,3km<\/b><\/p><p>Esta etapa concentra o seu interese no incalculable valor patrimonial que nos agarda ao final dos 20 km que nos separan da \u00b4Lucus Augusti\u00b4 romana, a cidade m\u00e1is antiga de Galicia.<br \/><br \/>Unha vez pasadas as aldeas de Santa Mar\u00eda de Gondar e O Carballido, cruzaremos a ponte A Chanca, para ascender cara \u00e1 famosa muralla romana de Lugo, patrimonio da Humanidade dende o ano 2000 e a \u00fanica no mundo que se conserva completa. Malia que conta con 10 accesos, a entrada debe facerse pola porta de San Pedro e, seguindo a r\u00faa do mesmo nome, chegaremos \u00e1 catedral de Santa Mar\u00eda, onde os peregrinos lle rezaban ao Sant\u00edsimo Sacramento, exposto permanentemente na bas\u00edlica dende o s\u00e9culo XII.<br \/><br \/>Gozar das pegadas romanas de Lugo \u00e9 tan agradable como perderse entre o seu patrimonio relixioso, os seus edificios barrocos ou os seus bosques densos. Por iso, a visita a esta cidade galega deixa a s\u00faa pegada nos peregrinos do Cami\u00f1o Primitivo.<br \/><br \/><b>4\u00aa Etapa: Lugo- San Romao da Retorta: 18,8km<\/b><br \/><br \/>Para a decepci\u00f3n do romeu, a etapa que nos espera, a\u00ednda que salpicada de cami\u00f1os de terra e bosques de casti\u00f1eiros, cont\u00e9n moitos tramos de asfalto.<br \/>Pero a sa\u00edda de Lugo \u00e9 digna do Cami\u00f1o, xa que se fai a trav\u00e9s da porta m\u00e1is antiga da muralla, a Porta Mi\u00f1\u00e1, para cruzar unha v\u00eda romana agochada e cruzar o r\u00edo Mi\u00f1o por \"A Ponte Vella\", Unha ponte tam\u00e9n romana.<br \/><br \/>No noso percorrido por varios barrios, San L\u00e1zaro chama a atenci\u00f3n, tanto polas s\u00faas pintorescas casas de pedra, como porque alberga un mapa do Cami\u00f1o Primitivo. Unha mostra m\u00e1is da nosa peregrinaci\u00f3n que se complementa cos nomes xacobeos das seguintes vilas, a aldea de O Franc\u00e9s ou a aldea do Hospital.<br \/><br \/>Tras estas evidencias, chegamos a San Romao da Retorta. Un lugar ao p\u00e9 de cuxa igrexa se atopaba un miliario romano que demostra que o Cami\u00f1o Primitivo foi trazado seguindo un antigo cami\u00f1o romano.<br \/><br \/><b>5\u00aa Etapa: San Romao da Retorta- Melide: 28,5km<\/b><br \/><br \/>Deixamos San Romao pola s\u00faa ruta romana en direcci\u00f3n a Melide, unha cidade onde a tranquilidade da ruta remata cando o Cami\u00f1o Primitivo at\u00f3pase co Cami\u00f1o Franc\u00e9s.<br \/>Nesta etapa, que ten lugar entre estradas, antigos hospitais para peregrinos e bosques de cabalos e bidueiros, destaca a parroquia de San Xurxo de Augas Santas, onde descansa nunha fonte, a talla de pedra do Ap\u00f3stolo. Tam\u00e9n o seu cemiterio \u00e9 \u00fanico e ten algunhas tumbas orientadas cara ao propio Cami\u00f1o.<br \/><br \/>Desde Augas Santas teremos que visitar As Seixas e Casacami\u00f1o (nome completamente xacobeo), a beleza natural sen precedentes da Sierra de Care\u00f3n, os pintorescos h\u00f3rreos de Vilouriz e a pegada medieval de Vilamor, para chegar a Melide.<br \/><br \/>En canto o peregrino percorre esta vila, d\u00e1se conta da gran tradici\u00f3n xacobea que a rodea, xa que moitos elementos recordan ao Ap\u00f3stolo, sendo unha das s\u00faas r\u00faas m\u00e1is famosas o Cami\u00f1o de Ovedo, nome tradicional do Cami\u00f1o Primitivo.<br \/><br \/><b>6\u00aa Melide- Arz\u00faa: 14,3km<\/b><br \/><br \/>Desped\u00edmonos de Melide para chegar ao noso seguinte destino, Arz\u00faa, onde non s\u00f3 descubriremos os praceres da denominaci\u00f3n de orixe do queixo Arz\u00faa-Ulloa, sen\u00f3n que coincidiremos cun gran n\u00famero de peregrinos que se unen a n\u00f3s e aos peregrinos do Cami\u00f1o Franc\u00e9s, que proceden do Estrada do Norte.<br \/><br \/>Nesta etapa cruzaremos Boente e Casta\u00f1eda, esta \u00faltima de gran tradici\u00f3n xacobea, xa que era o lugar onde os peregrinos depositaron as pedras que cargaban de Triacastela para contribu\u00edr \u00e1 construci\u00f3n da catedral de Santiago.<br \/><br \/>Pouco despois chegamos a Ribadiso para chegar finalmente a Arz\u00faa, onde finalmente podemos degustar o seu excelente queixo, tam\u00e9n chamado \"delicadeza dos reis\", xa que se di que foron poucos os monarcas que o consum\u00edan regularmente.<br \/><br \/><b>7\u00aa Arz\u00faa- Santiago de Compostela: 36,5km<\/b><br \/><br \/>O peregrino emprender\u00e1 esta etapa con especial entusiasmo porque \u00e9 o \u00faltimo esforzo para chegar \u00e1 cidade do Ap\u00f3stolo.<br \/><br \/>Entre vales e bosques de eucalipto, atoparedes en aldeas cuxa toponimia rende homenaxe ao Cami\u00f1o (A Calzada, A r\u00faa ou A R\u00faa), para facer a t\u00faa primeira parada en Lavacolla, onde segundo a tradici\u00f3n, purificar\u00e1s o teu corpo nas augas do lugar. , costume que d\u00e1 nome a esta vila.<br \/><br \/>Finalmente, ascender\u00e1 ao Monte do Gozo, onde, segundo a lenda, o primeiro en chegar \u00e1 cima, converteuse no \"Rei da Peregrinaci\u00f3n\" e os seus compa\u00f1eiros certific\u00e1rono asinando a s\u00faa compostelana cando chegou \u00e1 cidade.<br \/><br \/>En calquera caso, chegar a Santiago \u00e9 sempre un orgullo para o peregrino que sufriu e gozou das etapas do primeiro cami\u00f1o que se rexistra.<\/p>\t\t\t\t\t<\/div>\n\t\t\t\t\t\t<\/div>\n\t\t\t\t<\/div>\n\t\t\t\t\t\t<\/div>\n\t\t\t\t\t<\/div>\n\t\t<\/div>\n\t\t\t\t\t\t\t\t<\/div>\n\t\t\t\t\t<\/div>\n\t\t<\/section>\n\t\t\t\t\t\t\t\t\t<\/div>\n\t\t\t<\/div>\n\t\t\t\t\t<\/div>","protected":false},"excerpt":{"rendered":"<p>1\u00aa Etapa: Alto do Acevo- Paravella: 24,5km La ruta comienza con un tupido bosque de pinos, un amplio valle y la aldea de Fonfr\u00eda, donde descansa el primer manantial de agua fresca para el peregrino.Tan s\u00f3lo 13 Km separan el inicio del viaje del primer pueblo gallego que recoge este Camino, A Fonsagrada. En este &#8230; <a title=\"Etapas del Camino Primitivo desde O Alto do Acevedo\" class=\"read-more\" href=\"https:\/\/hastalavista.es\/gal\/caminos\/el-camino-primitivo-desde-alto-de-acevedo\/etapas-del-camino-primitivo-desde-o-alto-do-acevedo\/\">Read more<\/a><\/p>","protected":false},"author":1,"featured_media":0,"parent":467,"menu_order":0,"comment_status":"closed","ping_status":"closed","template":"","meta":[],"yoast_head":"<!-- This site is optimized with the Yoast SEO plugin v17.6 - https:\/\/yoast.com\/wordpress\/plugins\/seo\/ -->\n<title>Etapas del Camino Primitivo desde O Alto do Acevedo - Hasta la vista<\/title>\n<meta name=\"robots\" content=\"index, follow, max-snippet:-1, max-image-preview:large, max-video-preview:-1\" \/>\n<link rel=\"canonical\" href=\"https:\/\/hastalavista.es\/gal\/caminos\/el-camino-primitivo-desde-alto-de-acevedo\/etapas-del-camino-primitivo-desde-o-alto-do-acevedo\/\" \/>\n<meta property=\"og:locale\" content=\"gl_ES\" \/>\n<meta property=\"og:type\" content=\"article\" \/>\n<meta property=\"og:title\" content=\"Etapas del Camino Primitivo desde O Alto do Acevedo - Hasta la vista\" \/>\n<meta property=\"og:description\" content=\"1\u00aa Etapa: Alto do Acevo- Paravella: 24,5km La ruta comienza con un tupido bosque de pinos, un amplio valle y la aldea de Fonfr\u00eda, donde descansa el primer manantial de agua fresca para el peregrino.Tan s\u00f3lo 13 Km separan el inicio del viaje del primer pueblo gallego que recoge este Camino, A Fonsagrada. En este ... Read more\" \/>\n<meta property=\"og:url\" content=\"https:\/\/hastalavista.es\/gal\/caminos\/el-camino-primitivo-desde-alto-de-acevedo\/etapas-del-camino-primitivo-desde-o-alto-do-acevedo\/\" \/>\n<meta property=\"og:site_name\" content=\"Hasta la vista\" \/>\n<meta property=\"article:modified_time\" content=\"2020-03-26T12:28:36+00:00\" \/>\n<meta name=\"twitter:card\" content=\"summary_large_image\" \/>\n<meta name=\"twitter:label1\" content=\"Tempo de lectura\" \/>\n\t<meta name=\"twitter:data1\" content=\"6 minutos\" \/>\n<script type=\"application\/ld+json\" class=\"yoast-schema-graph\">{\"@context\":\"https:\/\/schema.org\",\"@graph\":[{\"@type\":\"WebSite\",\"@id\":\"https:\/\/hastalavista.es\/gal\/#website\",\"url\":\"https:\/\/hastalavista.es\/gal\/\",\"name\":\"Hasta la vista\",\"description\":\"\",\"potentialAction\":[{\"@type\":\"SearchAction\",\"target\":{\"@type\":\"EntryPoint\",\"urlTemplate\":\"https:\/\/hastalavista.es\/gal\/?s={search_term_string}\"},\"query-input\":\"required name=search_term_string\"}],\"inLanguage\":\"gl-ES\"},{\"@type\":\"WebPage\",\"@id\":\"https:\/\/hastalavista.es\/caminos\/el-camino-primitivo-desde-alto-de-acevedo\/etapas-del-camino-primitivo-desde-o-alto-do-acevedo\/#webpage\",\"url\":\"https:\/\/hastalavista.es\/caminos\/el-camino-primitivo-desde-alto-de-acevedo\/etapas-del-camino-primitivo-desde-o-alto-do-acevedo\/\",\"name\":\"Etapas del Camino Primitivo desde O Alto do Acevedo - Hasta la vista\",\"isPartOf\":{\"@id\":\"https:\/\/hastalavista.es\/gal\/#website\"},\"datePublished\":\"2020-02-29T13:19:06+00:00\",\"dateModified\":\"2020-03-26T12:28:36+00:00\",\"breadcrumb\":{\"@id\":\"https:\/\/hastalavista.es\/caminos\/el-camino-primitivo-desde-alto-de-acevedo\/etapas-del-camino-primitivo-desde-o-alto-do-acevedo\/#breadcrumb\"},\"inLanguage\":\"gl-ES\",\"potentialAction\":[{\"@type\":\"ReadAction\",\"target\":[\"https:\/\/hastalavista.es\/caminos\/el-camino-primitivo-desde-alto-de-acevedo\/etapas-del-camino-primitivo-desde-o-alto-do-acevedo\/\"]}]},{\"@type\":\"BreadcrumbList\",\"@id\":\"https:\/\/hastalavista.es\/caminos\/el-camino-primitivo-desde-alto-de-acevedo\/etapas-del-camino-primitivo-desde-o-alto-do-acevedo\/#breadcrumb\",\"itemListElement\":[{\"@type\":\"ListItem\",\"position\":1,\"name\":\"Inicio\",\"item\":\"https:\/\/hastalavista.es\/\"},{\"@type\":\"ListItem\",\"position\":2,\"name\":\"Caminos\",\"item\":\"https:\/\/hastalavista.es\/?page_id=284\"},{\"@type\":\"ListItem\",\"position\":3,\"name\":\"El Camino Primitivo Desde Alto De Acevedo\",\"item\":\"https:\/\/hastalavista.es\/caminos\/el-camino-primitivo-desde-alto-de-acevedo\/\"},{\"@type\":\"ListItem\",\"position\":4,\"name\":\"Etapas del Camino Primitivo desde O Alto do Acevedo\"}]}]}<\/script>\n<!-- \/ Yoast SEO plugin. -->","yoast_head_json":{"title":"Etapas del Camino Primitivo desde O Alto do Acevedo - Hasta la vista","robots":{"index":"index","follow":"follow","max-snippet":"max-snippet:-1","max-image-preview":"max-image-preview:large","max-video-preview":"max-video-preview:-1"},"canonical":"https:\/\/hastalavista.es\/gal\/caminos\/el-camino-primitivo-desde-alto-de-acevedo\/etapas-del-camino-primitivo-desde-o-alto-do-acevedo\/","og_locale":"gl_ES","og_type":"article","og_title":"Etapas del Camino Primitivo desde O Alto do Acevedo - Hasta la vista","og_description":"1\u00aa Etapa: Alto do Acevo- Paravella: 24,5km La ruta comienza con un tupido bosque de pinos, un amplio valle y la aldea de Fonfr\u00eda, donde descansa el primer manantial de agua fresca para el peregrino.Tan s\u00f3lo 13 Km separan el inicio del viaje del primer pueblo gallego que recoge este Camino, A Fonsagrada. En este ... Read more","og_url":"https:\/\/hastalavista.es\/gal\/caminos\/el-camino-primitivo-desde-alto-de-acevedo\/etapas-del-camino-primitivo-desde-o-alto-do-acevedo\/","og_site_name":"Hasta la vista","article_modified_time":"2020-03-26T12:28:36+00:00","twitter_card":"summary_large_image","twitter_misc":{"Tempo de lectura":"6 minutos"},"schema":{"@context":"https:\/\/schema.org","@graph":[{"@type":"WebSite","@id":"https:\/\/hastalavista.es\/gal\/#website","url":"https:\/\/hastalavista.es\/gal\/","name":"Hasta la vista","description":"","potentialAction":[{"@type":"SearchAction","target":{"@type":"EntryPoint","urlTemplate":"https:\/\/hastalavista.es\/gal\/?s={search_term_string}"},"query-input":"required name=search_term_string"}],"inLanguage":"gl-ES"},{"@type":"WebPage","@id":"https:\/\/hastalavista.es\/caminos\/el-camino-primitivo-desde-alto-de-acevedo\/etapas-del-camino-primitivo-desde-o-alto-do-acevedo\/#webpage","url":"https:\/\/hastalavista.es\/caminos\/el-camino-primitivo-desde-alto-de-acevedo\/etapas-del-camino-primitivo-desde-o-alto-do-acevedo\/","name":"Etapas del Camino Primitivo desde O Alto do Acevedo - Hasta la vista","isPartOf":{"@id":"https:\/\/hastalavista.es\/gal\/#website"},"datePublished":"2020-02-29T13:19:06+00:00","dateModified":"2020-03-26T12:28:36+00:00","breadcrumb":{"@id":"https:\/\/hastalavista.es\/caminos\/el-camino-primitivo-desde-alto-de-acevedo\/etapas-del-camino-primitivo-desde-o-alto-do-acevedo\/#breadcrumb"},"inLanguage":"gl-ES","potentialAction":[{"@type":"ReadAction","target":["https:\/\/hastalavista.es\/caminos\/el-camino-primitivo-desde-alto-de-acevedo\/etapas-del-camino-primitivo-desde-o-alto-do-acevedo\/"]}]},{"@type":"BreadcrumbList","@id":"https:\/\/hastalavista.es\/caminos\/el-camino-primitivo-desde-alto-de-acevedo\/etapas-del-camino-primitivo-desde-o-alto-do-acevedo\/#breadcrumb","itemListElement":[{"@type":"ListItem","position":1,"name":"Inicio","item":"https:\/\/hastalavista.es\/"},{"@type":"ListItem","position":2,"name":"Caminos","item":"https:\/\/hastalavista.es\/?page_id=284"},{"@type":"ListItem","position":3,"name":"El Camino Primitivo Desde Alto De Acevedo","item":"https:\/\/hastalavista.es\/caminos\/el-camino-primitivo-desde-alto-de-acevedo\/"},{"@type":"ListItem","position":4,"name":"Etapas del Camino Primitivo desde O Alto do Acevedo"}]}]}},"_links":{"self":[{"href":"https:\/\/hastalavista.es\/gal\/wp-json\/wp\/v2\/pages\/4748"}],"collection":[{"href":"https:\/\/hastalavista.es\/gal\/wp-json\/wp\/v2\/pages"}],"about":[{"href":"https:\/\/hastalavista.es\/gal\/wp-json\/wp\/v2\/types\/page"}],"author":[{"embeddable":true,"href":"https:\/\/hastalavista.es\/gal\/wp-json\/wp\/v2\/users\/1"}],"replies":[{"embeddable":true,"href":"https:\/\/hastalavista.es\/gal\/wp-json\/wp\/v2\/comments?post=4748"}],"version-history":[{"count":3,"href":"https:\/\/hastalavista.es\/gal\/wp-json\/wp\/v2\/pages\/4748\/revisions"}],"predecessor-version":[{"id":5892,"href":"https:\/\/hastalavista.es\/gal\/wp-json\/wp\/v2\/pages\/4748\/revisions\/5892"}],"up":[{"embeddable":true,"href":"https:\/\/hastalavista.es\/gal\/wp-json\/wp\/v2\/pages\/467"}],"wp:attachment":[{"href":"https:\/\/hastalavista.es\/gal\/wp-json\/wp\/v2\/media?parent=4748"}],"curies":[{"name":"wp","href":"https:\/\/api.w.org\/{rel}","templated":true}]}}