{"id":492,"date":"2019-12-18T10:43:10","date_gmt":"2019-12-18T10:43:10","guid":{"rendered":"http:\/\/hastalavista.es\/?page_id=492"},"modified":"2020-04-28T17:23:01","modified_gmt":"2020-04-28T17:23:01","slug":"el-camino-portugues","status":"publish","type":"page","link":"https:\/\/hastalavista.es\/gal\/caminos\/el-camino-portugues\/","title":{"rendered":"Cami\u00f1o Portugu\u00e9s"},"content":{"rendered":"<div data-elementor-type=\"wp-page\" data-elementor-id=\"492\" class=\"elementor elementor-492\">\n\t\t\t\t\t\t<div class=\"elementor-inner\">\n\t\t\t\t<div class=\"elementor-section-wrap\">\n\t\t\t\t\t\t\t\t\t<section class=\"elementor-section elementor-top-section elementor-element elementor-element-c35b3bb elementor-section-height-min-height elementor-section-boxed elementor-section-height-default elementor-section-items-middle\" data-id=\"c35b3bb\" data-element_type=\"section\" data-settings=\"{&quot;background_background&quot;:&quot;classic&quot;,&quot;shape_divider_bottom&quot;:&quot;waves&quot;}\">\n\t\t\t\t\t\t\t<div class=\"elementor-background-overlay\"><\/div>\n\t\t\t\t\t\t<div class=\"elementor-shape elementor-shape-bottom\" data-negative=\"false\">\n\t\t\t<svg xmlns=\"http:\/\/www.w3.org\/2000\/svg\" viewbox=\"0 0 1000 100\" preserveaspectratio=\"none\">\n\t<path class=\"elementor-shape-fill\" d=\"M421.9,6.5c22.6-2.5,51.5,0.4,75.5,5.3c23.6,4.9,70.9,23.5,100.5,35.7c75.8,32.2,133.7,44.5,192.6,49.7\tc23.6,2.1,48.7,3.5,103.4-2.5c54.7-6,106.2-25.6,106.2-25.6V0H0v30.3c0,0,72,32.6,158.4,30.5c39.2-0.7,92.8-6.7,134-22.4\tc21.2-8.1,52.2-18.2,79.7-24.2C399.3,7.9,411.6,7.5,421.9,6.5z\"\/>\n<\/svg>\t\t<\/div>\n\t\t\t\t\t<div class=\"elementor-container elementor-column-gap-default\">\n\t\t\t\t\t\t\t<div class=\"elementor-row\">\n\t\t\t\t\t<div class=\"elementor-column elementor-col-100 elementor-top-column elementor-element elementor-element-df1690d\" data-id=\"df1690d\" data-element_type=\"column\">\n\t\t\t<div class=\"elementor-column-wrap elementor-element-populated\">\n\t\t\t\t\t\t\t<div class=\"elementor-widget-wrap\">\n\t\t\t\t\t\t<div class=\"elementor-element elementor-element-d784d79 elementor-align-center elementor-hidden-phone elementor-widget elementor-widget-breadcrumbs\" data-id=\"d784d79\" data-element_type=\"widget\" data-widget_type=\"breadcrumbs.default\">\n\t\t\t\t<div class=\"elementor-widget-container\">\n\t\t\t<p id=\"breadcrumbs\"><span><span><a href=\"https:\/\/hastalavista.es\/\">Inicio<\/a><\/span><\/p>\t\t<\/div>\n\t\t\t\t<\/div>\n\t\t\t\t<div class=\"elementor-element elementor-element-23a9f98 elementor-nav-menu__align-center elementor-nav-menu--dropdown-tablet elementor-nav-menu__text-align-aside elementor-nav-menu--toggle elementor-nav-menu--burger elementor-widget elementor-widget-nav-menu\" data-id=\"23a9f98\" data-element_type=\"widget\" data-settings=\"{&quot;layout&quot;:&quot;horizontal&quot;,&quot;submenu_icon&quot;:{&quot;value&quot;:&quot;&lt;i class=\\&quot;fas fa-caret-down\\&quot;&gt;&lt;\\\/i&gt;&quot;,&quot;library&quot;:&quot;fa-solid&quot;},&quot;toggle&quot;:&quot;burger&quot;}\" data-widget_type=\"nav-menu.default\">\n\t\t\t\t<div class=\"elementor-widget-container\">\n\t\t\t\t\t\t<nav migration_allowed=\"1\" migrated=\"0\" role=\"navigation\" class=\"elementor-nav-menu--main elementor-nav-menu__container elementor-nav-menu--layout-horizontal e--pointer-background e--animation-fade\">\n\t\t\t\t<ul id=\"menu-1-23a9f98\" class=\"elementor-nav-menu\"><li class=\"menu-item menu-item-type-post_type menu-item-object-page menu-item-4733\"><a href=\"https:\/\/hastalavista.es\/gal\/caminos\/el-camino-portugues\/historia-del-camino-portugues\/\" class=\"elementor-item\">Historia<\/a><\/li>\n<li class=\"menu-item menu-item-type-post_type menu-item-object-page menu-item-4732\"><a href=\"https:\/\/hastalavista.es\/gal\/caminos\/el-camino-portugues\/etapas-del-camino-portugues\/\" class=\"elementor-item\">Etapas<\/a><\/li>\n<li class=\"menu-item menu-item-type-custom menu-item-object-custom menu-item-has-children menu-item-4712\"><a href=\"#\" class=\"elementor-item elementor-item-anchor\">Durmir<\/a>\n<ul class=\"sub-menu elementor-nav-menu--dropdown\">\n\t<li class=\"menu-item menu-item-type-post_type menu-item-object-page menu-item-5670\"><a href=\"https:\/\/hastalavista.es\/gal\/caminos\/el-camino-portugues\/donde-dormir-en-tui\/\" class=\"elementor-sub-item\">Por el interior<\/a><\/li>\n\t<li class=\"menu-item menu-item-type-post_type menu-item-object-page menu-item-5704\"><a href=\"https:\/\/hastalavista.es\/gal\/caminos\/el-camino-portugues\/donde-dormir-en-a-guarda\/\" class=\"elementor-sub-item\">Por la costa<\/a><\/li>\n<\/ul>\n<\/li>\n<li class=\"menu-item menu-item-type-custom menu-item-object-custom menu-item-has-children menu-item-4713\"><a href=\"#\" class=\"elementor-item elementor-item-anchor\">Comer<\/a>\n<ul class=\"sub-menu elementor-nav-menu--dropdown\">\n\t<li class=\"menu-item menu-item-type-post_type menu-item-object-page menu-item-5757\"><a href=\"https:\/\/hastalavista.es\/gal\/caminos\/el-camino-portugues\/donde-comer-en-tui\/\" class=\"elementor-sub-item\">Por el interior<\/a><\/li>\n\t<li class=\"menu-item menu-item-type-post_type menu-item-object-page menu-item-5758\"><a href=\"https:\/\/hastalavista.es\/gal\/caminos\/el-camino-portugues\/donde-comer-en-a-guarda\/\" class=\"elementor-sub-item\">Por la costa<\/a><\/li>\n<\/ul>\n<\/li>\n<li class=\"menu-item menu-item-type-post_type menu-item-object-page menu-item-4731\"><a href=\"https:\/\/hastalavista.es\/gal\/caminos\/el-camino-portugues\/galeria-del-camino-portugues\/\" class=\"elementor-item\">Galer\u00eda<\/a><\/li>\n<li class=\"menu-item menu-item-type-post_type menu-item-object-page menu-item-5560\"><a href=\"https:\/\/hastalavista.es\/gal\/caminos\/el-camino-portugues\/que-hacer-en-el-camino-portugues\/\" class=\"elementor-item\">O Peregrino ocioso<\/a><\/li>\n<li class=\"menu-item menu-item-type-custom menu-item-object-custom menu-item-4716\"><a href=\"#\" class=\"elementor-item elementor-item-anchor\">\u00a1Atenci\u00f3n Peregrino!<\/a><\/li>\n<\/ul>\t\t\t<\/nav>\n\t\t\t\t\t<div class=\"elementor-menu-toggle\" role=\"button\" tabindex=\"0\" aria-label=\"Menu Toggle\" aria-expanded=\"false\">\n\t\t\t<i aria-hidden=\"true\" role=\"presentation\" class=\"eicon-menu-bar\"><\/i>\t\t\t<span class=\"elementor-screen-only\">Menu<\/span>\n\t\t<\/div>\n\t\t\t<nav class=\"elementor-nav-menu--dropdown elementor-nav-menu__container\" role=\"navigation\" aria-hidden=\"true\">\n\t\t\t\t<ul id=\"menu-2-23a9f98\" class=\"elementor-nav-menu\"><li class=\"menu-item menu-item-type-post_type menu-item-object-page menu-item-4733\"><a href=\"https:\/\/hastalavista.es\/gal\/caminos\/el-camino-portugues\/historia-del-camino-portugues\/\" class=\"elementor-item\" tabindex=\"-1\">Historia<\/a><\/li>\n<li class=\"menu-item menu-item-type-post_type menu-item-object-page menu-item-4732\"><a href=\"https:\/\/hastalavista.es\/gal\/caminos\/el-camino-portugues\/etapas-del-camino-portugues\/\" class=\"elementor-item\" tabindex=\"-1\">Etapas<\/a><\/li>\n<li class=\"menu-item menu-item-type-custom menu-item-object-custom menu-item-has-children menu-item-4712\"><a href=\"#\" class=\"elementor-item elementor-item-anchor\" tabindex=\"-1\">Durmir<\/a>\n<ul class=\"sub-menu elementor-nav-menu--dropdown\">\n\t<li class=\"menu-item menu-item-type-post_type menu-item-object-page menu-item-5670\"><a href=\"https:\/\/hastalavista.es\/gal\/caminos\/el-camino-portugues\/donde-dormir-en-tui\/\" class=\"elementor-sub-item\" tabindex=\"-1\">Por el interior<\/a><\/li>\n\t<li class=\"menu-item menu-item-type-post_type menu-item-object-page menu-item-5704\"><a href=\"https:\/\/hastalavista.es\/gal\/caminos\/el-camino-portugues\/donde-dormir-en-a-guarda\/\" class=\"elementor-sub-item\" tabindex=\"-1\">Por la costa<\/a><\/li>\n<\/ul>\n<\/li>\n<li class=\"menu-item menu-item-type-custom menu-item-object-custom menu-item-has-children menu-item-4713\"><a href=\"#\" class=\"elementor-item elementor-item-anchor\" tabindex=\"-1\">Comer<\/a>\n<ul class=\"sub-menu elementor-nav-menu--dropdown\">\n\t<li class=\"menu-item menu-item-type-post_type menu-item-object-page menu-item-5757\"><a href=\"https:\/\/hastalavista.es\/gal\/caminos\/el-camino-portugues\/donde-comer-en-tui\/\" class=\"elementor-sub-item\" tabindex=\"-1\">Por el interior<\/a><\/li>\n\t<li class=\"menu-item menu-item-type-post_type menu-item-object-page menu-item-5758\"><a href=\"https:\/\/hastalavista.es\/gal\/caminos\/el-camino-portugues\/donde-comer-en-a-guarda\/\" class=\"elementor-sub-item\" tabindex=\"-1\">Por la costa<\/a><\/li>\n<\/ul>\n<\/li>\n<li class=\"menu-item menu-item-type-post_type menu-item-object-page menu-item-4731\"><a href=\"https:\/\/hastalavista.es\/gal\/caminos\/el-camino-portugues\/galeria-del-camino-portugues\/\" class=\"elementor-item\" tabindex=\"-1\">Galer\u00eda<\/a><\/li>\n<li class=\"menu-item menu-item-type-post_type menu-item-object-page menu-item-5560\"><a href=\"https:\/\/hastalavista.es\/gal\/caminos\/el-camino-portugues\/que-hacer-en-el-camino-portugues\/\" class=\"elementor-item\" tabindex=\"-1\">O Peregrino ocioso<\/a><\/li>\n<li class=\"menu-item menu-item-type-custom menu-item-object-custom menu-item-4716\"><a href=\"#\" class=\"elementor-item elementor-item-anchor\" tabindex=\"-1\">\u00a1Atenci\u00f3n Peregrino!<\/a><\/li>\n<\/ul>\t\t\t<\/nav>\n\t\t\t\t<\/div>\n\t\t\t\t<\/div>\n\t\t\t\t\t\t<\/div>\n\t\t\t\t\t<\/div>\n\t\t<\/div>\n\t\t\t\t\t\t\t\t<\/div>\n\t\t\t\t\t<\/div>\n\t\t<\/section>\n\t\t\t\t<section class=\"elementor-section elementor-top-section elementor-element elementor-element-71c57970 elementor-section-boxed elementor-section-height-default elementor-section-height-default\" data-id=\"71c57970\" data-element_type=\"section\" data-settings=\"{&quot;background_background&quot;:&quot;classic&quot;}\">\n\t\t\t\t\t\t\t<div class=\"elementor-background-overlay\"><\/div>\n\t\t\t\t\t\t\t<div class=\"elementor-container elementor-column-gap-default\">\n\t\t\t\t\t\t\t<div class=\"elementor-row\">\n\t\t\t\t\t<div class=\"elementor-column elementor-col-50 elementor-top-column elementor-element elementor-element-6907ab44\" data-id=\"6907ab44\" data-element_type=\"column\">\n\t\t\t<div class=\"elementor-column-wrap elementor-element-populated\">\n\t\t\t\t\t\t\t<div class=\"elementor-widget-wrap\">\n\t\t\t\t\t\t<div class=\"elementor-element elementor-element-5154a44e elementor-widget elementor-widget-spacer\" data-id=\"5154a44e\" data-element_type=\"widget\" data-widget_type=\"spacer.default\">\n\t\t\t\t<div class=\"elementor-widget-container\">\n\t\t\t\t\t<div class=\"elementor-spacer\">\n\t\t\t<div class=\"elementor-spacer-inner\"><\/div>\n\t\t<\/div>\n\t\t\t\t<\/div>\n\t\t\t\t<\/div>\n\t\t\t\t<div class=\"elementor-element elementor-element-4e11e568 elementor-widget elementor-widget-heading\" data-id=\"4e11e568\" data-element_type=\"widget\" data-widget_type=\"heading.default\">\n\t\t\t\t<div class=\"elementor-widget-container\">\n\t\t\t<h3 class=\"elementor-heading-title elementor-size-default\"><b>Polo Interior: 6 Etapas, 117 Km<\/b><br><br>Tui - O Porri\u00f1o - Redondela - Pontevedra - Caldas de Reis - Padr\u00f3n - Santiago de Compostela\n<br><br><b>Pola costa: 8 Etapas, 156 Km<\/b>\n<br>A Guarda - Oia - Baiona - Vigo - Redondela - Pontevedra - Caldas de Reis - Padr\u00f3n - Santiago de Compostela<\/h3>\t\t<\/div>\n\t\t\t\t<\/div>\n\t\t\t\t<div class=\"elementor-element elementor-element-7ba3bf80 elementor-widget elementor-widget-spacer\" data-id=\"7ba3bf80\" data-element_type=\"widget\" data-widget_type=\"spacer.default\">\n\t\t\t\t<div class=\"elementor-widget-container\">\n\t\t\t\t\t<div class=\"elementor-spacer\">\n\t\t\t<div class=\"elementor-spacer-inner\"><\/div>\n\t\t<\/div>\n\t\t\t\t<\/div>\n\t\t\t\t<\/div>\n\t\t\t\t\t\t<\/div>\n\t\t\t\t\t<\/div>\n\t\t<\/div>\n\t\t\t\t<div class=\"elementor-column elementor-col-50 elementor-top-column elementor-element elementor-element-e9212be\" data-id=\"e9212be\" data-element_type=\"column\">\n\t\t\t<div class=\"elementor-column-wrap elementor-element-populated\">\n\t\t\t\t\t\t\t<div class=\"elementor-widget-wrap\">\n\t\t\t\t\t\t<div class=\"elementor-element elementor-element-e4bd1a0 elementor-widget elementor-widget-spacer\" data-id=\"e4bd1a0\" data-element_type=\"widget\" data-widget_type=\"spacer.default\">\n\t\t\t\t<div class=\"elementor-widget-container\">\n\t\t\t\t\t<div class=\"elementor-spacer\">\n\t\t\t<div class=\"elementor-spacer-inner\"><\/div>\n\t\t<\/div>\n\t\t\t\t<\/div>\n\t\t\t\t<\/div>\n\t\t\t\t<div class=\"elementor-element elementor-element-3790de8 elementor-widget elementor-widget-image\" data-id=\"3790de8\" data-element_type=\"widget\" data-widget_type=\"image.default\">\n\t\t\t\t<div class=\"elementor-widget-container\">\n\t\t\t\t\t\t\t\t<div class=\"elementor-image\">\n\t\t\t\t\t\t\t\t\t\t\t\t<img width=\"289\" height=\"300\" src=\"https:\/\/hastalavista.es\/wp-content\/uploads\/2020\/01\/mapa.portugues-289x300.jpg\" class=\"attachment-medium size-medium\" alt=\"\" loading=\"lazy\" srcset=\"https:\/\/hastalavista.es\/wp-content\/uploads\/2020\/01\/mapa.portugues-289x300.jpg 289w, https:\/\/hastalavista.es\/wp-content\/uploads\/2020\/01\/mapa.portugues.jpg 416w\" sizes=\"(max-width: 289px) 100vw, 289px\" \/>\t\t\t\t\t\t\t\t\t\t\t\t\t\t<\/div>\n\t\t\t\t\t\t<\/div>\n\t\t\t\t<\/div>\n\t\t\t\t<div class=\"elementor-element elementor-element-6a192d2 elementor-widget elementor-widget-spacer\" data-id=\"6a192d2\" data-element_type=\"widget\" data-widget_type=\"spacer.default\">\n\t\t\t\t<div class=\"elementor-widget-container\">\n\t\t\t\t\t<div class=\"elementor-spacer\">\n\t\t\t<div class=\"elementor-spacer-inner\"><\/div>\n\t\t<\/div>\n\t\t\t\t<\/div>\n\t\t\t\t<\/div>\n\t\t\t\t\t\t<\/div>\n\t\t\t\t\t<\/div>\n\t\t<\/div>\n\t\t\t\t\t\t\t\t<\/div>\n\t\t\t\t\t<\/div>\n\t\t<\/section>\n\t\t\t\t\t\t\t\t\t<\/div>\n\t\t\t<\/div>\n\t\t\t\t\t<\/div>","protected":false},"excerpt":{"rendered":"<p>Por el interior: 6 Etapas, 117 Km Tui &#8211; O Porri\u00f1o &#8211; Redondela &#8211; Pontevedra &#8211; Caldas de Reis &#8211; Padr\u00f3n &#8211; Santiago de Compostela Por la costa: 8 Etapas, 156 Km A Guarda &#8211; Oia &#8211; Baiona &#8211; Vigo &#8211; Redondela &#8211; Pontevedra &#8211; Caldas de Reis &#8211; Padr\u00f3n &#8211; Santiago de Compostela<\/p>","protected":false},"author":1,"featured_media":0,"parent":284,"menu_order":0,"comment_status":"closed","ping_status":"closed","template":"","meta":[],"yoast_head":"<!-- This site is optimized with the Yoast SEO plugin v17.6 - https:\/\/yoast.com\/wordpress\/plugins\/seo\/ -->\n<title>El Camino Portugu\u00e9s - Hasta la vista<\/title>\n<meta name=\"robots\" content=\"index, follow, max-snippet:-1, max-image-preview:large, max-video-preview:-1\" \/>\n<link rel=\"canonical\" href=\"https:\/\/hastalavista.es\/gal\/caminos\/el-camino-portugues\/\" \/>\n<meta property=\"og:locale\" content=\"gl_ES\" \/>\n<meta property=\"og:type\" content=\"article\" \/>\n<meta property=\"og:title\" content=\"El Camino Portugu\u00e9s - Hasta la vista\" \/>\n<meta property=\"og:description\" content=\"Por el interior: 6 Etapas, 117 Km Tui &#8211; O Porri\u00f1o &#8211; Redondela &#8211; Pontevedra &#8211; Caldas de Reis &#8211; Padr\u00f3n &#8211; Santiago de Compostela Por la costa: 8 Etapas, 156 Km A Guarda &#8211; Oia &#8211; Baiona &#8211; Vigo &#8211; Redondela &#8211; Pontevedra &#8211; Caldas de Reis &#8211; Padr\u00f3n &#8211; Santiago de Compostela\" \/>\n<meta property=\"og:url\" content=\"https:\/\/hastalavista.es\/gal\/caminos\/el-camino-portugues\/\" \/>\n<meta property=\"og:site_name\" content=\"Hasta la vista\" \/>\n<meta property=\"article:modified_time\" content=\"2020-04-28T17:23:01+00:00\" \/>\n<meta property=\"og:image\" content=\"https:\/\/hastalavista.es\/wp-content\/uploads\/2020\/01\/mapa.portugues-289x300.jpg\" \/>\n<meta name=\"twitter:card\" content=\"summary_large_image\" \/>\n<script type=\"application\/ld+json\" class=\"yoast-schema-graph\">{\"@context\":\"https:\/\/schema.org\",\"@graph\":[{\"@type\":\"WebSite\",\"@id\":\"https:\/\/hastalavista.es\/gal\/#website\",\"url\":\"https:\/\/hastalavista.es\/gal\/\",\"name\":\"Hasta la vista\",\"description\":\"\",\"potentialAction\":[{\"@type\":\"SearchAction\",\"target\":{\"@type\":\"EntryPoint\",\"urlTemplate\":\"https:\/\/hastalavista.es\/gal\/?s={search_term_string}\"},\"query-input\":\"required name=search_term_string\"}],\"inLanguage\":\"gl-ES\"},{\"@type\":\"ImageObject\",\"@id\":\"https:\/\/hastalavista.es\/caminos\/el-camino-portugues\/#primaryimage\",\"inLanguage\":\"gl-ES\",\"url\":\"https:\/\/hastalavista.es\/wp-content\/uploads\/2020\/01\/mapa.portugues.jpg\",\"contentUrl\":\"https:\/\/hastalavista.es\/wp-content\/uploads\/2020\/01\/mapa.portugues.jpg\",\"width\":416,\"height\":432},{\"@type\":\"WebPage\",\"@id\":\"https:\/\/hastalavista.es\/caminos\/el-camino-portugues\/#webpage\",\"url\":\"https:\/\/hastalavista.es\/caminos\/el-camino-portugues\/\",\"name\":\"El Camino Portugu\\u00e9s - Hasta la vista\",\"isPartOf\":{\"@id\":\"https:\/\/hastalavista.es\/gal\/#website\"},\"primaryImageOfPage\":{\"@id\":\"https:\/\/hastalavista.es\/caminos\/el-camino-portugues\/#primaryimage\"},\"datePublished\":\"2019-12-18T10:43:10+00:00\",\"dateModified\":\"2020-04-28T17:23:01+00:00\",\"breadcrumb\":{\"@id\":\"https:\/\/hastalavista.es\/caminos\/el-camino-portugues\/#breadcrumb\"},\"inLanguage\":\"gl-ES\",\"potentialAction\":[{\"@type\":\"ReadAction\",\"target\":[\"https:\/\/hastalavista.es\/caminos\/el-camino-portugues\/\"]}]},{\"@type\":\"BreadcrumbList\",\"@id\":\"https:\/\/hastalavista.es\/caminos\/el-camino-portugues\/#breadcrumb\",\"itemListElement\":[{\"@type\":\"ListItem\",\"position\":1,\"name\":\"Inicio\",\"item\":\"https:\/\/hastalavista.es\/\"},{\"@type\":\"ListItem\",\"position\":2,\"name\":\"Caminos\",\"item\":\"https:\/\/hastalavista.es\/?page_id=284\"},{\"@type\":\"ListItem\",\"position\":3,\"name\":\"El Camino Portugu\\u00e9s\"}]}]}<\/script>\n<!-- \/ Yoast SEO plugin. -->","yoast_head_json":{"title":"El Camino Portugu\u00e9s - Hasta la vista","robots":{"index":"index","follow":"follow","max-snippet":"max-snippet:-1","max-image-preview":"max-image-preview:large","max-video-preview":"max-video-preview:-1"},"canonical":"https:\/\/hastalavista.es\/gal\/caminos\/el-camino-portugues\/","og_locale":"gl_ES","og_type":"article","og_title":"El Camino Portugu\u00e9s - Hasta la vista","og_description":"Por el interior: 6 Etapas, 117 Km Tui &#8211; O Porri\u00f1o &#8211; Redondela &#8211; Pontevedra &#8211; Caldas de Reis &#8211; Padr\u00f3n &#8211; Santiago de Compostela Por la costa: 8 Etapas, 156 Km A Guarda &#8211; Oia &#8211; Baiona &#8211; Vigo &#8211; Redondela &#8211; Pontevedra &#8211; Caldas de Reis &#8211; Padr\u00f3n &#8211; Santiago de Compostela","og_url":"https:\/\/hastalavista.es\/gal\/caminos\/el-camino-portugues\/","og_site_name":"Hasta la vista","article_modified_time":"2020-04-28T17:23:01+00:00","og_image":[{"url":"https:\/\/hastalavista.es\/wp-content\/uploads\/2020\/01\/mapa.portugues-289x300.jpg"}],"twitter_card":"summary_large_image","schema":{"@context":"https:\/\/schema.org","@graph":[{"@type":"WebSite","@id":"https:\/\/hastalavista.es\/gal\/#website","url":"https:\/\/hastalavista.es\/gal\/","name":"Hasta la vista","description":"","potentialAction":[{"@type":"SearchAction","target":{"@type":"EntryPoint","urlTemplate":"https:\/\/hastalavista.es\/gal\/?s={search_term_string}"},"query-input":"required name=search_term_string"}],"inLanguage":"gl-ES"},{"@type":"ImageObject","@id":"https:\/\/hastalavista.es\/caminos\/el-camino-portugues\/#primaryimage","inLanguage":"gl-ES","url":"https:\/\/hastalavista.es\/wp-content\/uploads\/2020\/01\/mapa.portugues.jpg","contentUrl":"https:\/\/hastalavista.es\/wp-content\/uploads\/2020\/01\/mapa.portugues.jpg","width":416,"height":432},{"@type":"WebPage","@id":"https:\/\/hastalavista.es\/caminos\/el-camino-portugues\/#webpage","url":"https:\/\/hastalavista.es\/caminos\/el-camino-portugues\/","name":"El Camino Portugu\u00e9s - Hasta la vista","isPartOf":{"@id":"https:\/\/hastalavista.es\/gal\/#website"},"primaryImageOfPage":{"@id":"https:\/\/hastalavista.es\/caminos\/el-camino-portugues\/#primaryimage"},"datePublished":"2019-12-18T10:43:10+00:00","dateModified":"2020-04-28T17:23:01+00:00","breadcrumb":{"@id":"https:\/\/hastalavista.es\/caminos\/el-camino-portugues\/#breadcrumb"},"inLanguage":"gl-ES","potentialAction":[{"@type":"ReadAction","target":["https:\/\/hastalavista.es\/caminos\/el-camino-portugues\/"]}]},{"@type":"BreadcrumbList","@id":"https:\/\/hastalavista.es\/caminos\/el-camino-portugues\/#breadcrumb","itemListElement":[{"@type":"ListItem","position":1,"name":"Inicio","item":"https:\/\/hastalavista.es\/"},{"@type":"ListItem","position":2,"name":"Caminos","item":"https:\/\/hastalavista.es\/?page_id=284"},{"@type":"ListItem","position":3,"name":"El Camino Portugu\u00e9s"}]}]}},"_links":{"self":[{"href":"https:\/\/hastalavista.es\/gal\/wp-json\/wp\/v2\/pages\/492"}],"collection":[{"href":"https:\/\/hastalavista.es\/gal\/wp-json\/wp\/v2\/pages"}],"about":[{"href":"https:\/\/hastalavista.es\/gal\/wp-json\/wp\/v2\/types\/page"}],"author":[{"embeddable":true,"href":"https:\/\/hastalavista.es\/gal\/wp-json\/wp\/v2\/users\/1"}],"replies":[{"embeddable":true,"href":"https:\/\/hastalavista.es\/gal\/wp-json\/wp\/v2\/comments?post=492"}],"version-history":[{"count":15,"href":"https:\/\/hastalavista.es\/gal\/wp-json\/wp\/v2\/pages\/492\/revisions"}],"predecessor-version":[{"id":6465,"href":"https:\/\/hastalavista.es\/gal\/wp-json\/wp\/v2\/pages\/492\/revisions\/6465"}],"up":[{"embeddable":true,"href":"https:\/\/hastalavista.es\/gal\/wp-json\/wp\/v2\/pages\/284"}],"wp:attachment":[{"href":"https:\/\/hastalavista.es\/gal\/wp-json\/wp\/v2\/media?parent=492"}],"curies":[{"name":"wp","href":"https:\/\/api.w.org\/{rel}","templated":true}]}}