{"id":6372,"date":"2020-04-25T14:39:24","date_gmt":"2020-04-25T14:39:24","guid":{"rendered":"https:\/\/hastalavista.es\/?page_id=6372"},"modified":"2020-04-25T15:55:08","modified_gmt":"2020-04-25T15:55:08","slug":"donde-dormir-en-laza","status":"publish","type":"page","link":"https:\/\/hastalavista.es\/gal\/via-de-la-plata\/donde-dormir-en-laza\/","title":{"rendered":"D\u00f3nde dormir en Lazaa"},"content":{"rendered":"<div data-elementor-type=\"wp-page\" data-elementor-id=\"6372\" class=\"elementor elementor-6372\">\n\t\t\t\t\t\t<div class=\"elementor-inner\">\n\t\t\t\t<div class=\"elementor-section-wrap\">\n\t\t\t\t\t\t\t\t\t<section class=\"elementor-section elementor-top-section elementor-element elementor-element-fa1ab6b elementor-section-height-min-height elementor-section-boxed elementor-section-height-default elementor-section-items-middle\" data-id=\"fa1ab6b\" data-element_type=\"section\" data-settings=\"{&quot;background_background&quot;:&quot;classic&quot;,&quot;shape_divider_bottom&quot;:&quot;waves&quot;}\">\n\t\t\t\t\t\t\t<div class=\"elementor-background-overlay\"><\/div>\n\t\t\t\t\t\t<div class=\"elementor-shape elementor-shape-bottom\" data-negative=\"false\">\n\t\t\t<svg xmlns=\"http:\/\/www.w3.org\/2000\/svg\" viewbox=\"0 0 1000 100\" preserveaspectratio=\"none\">\n\t<path class=\"elementor-shape-fill\" d=\"M421.9,6.5c22.6-2.5,51.5,0.4,75.5,5.3c23.6,4.9,70.9,23.5,100.5,35.7c75.8,32.2,133.7,44.5,192.6,49.7\tc23.6,2.1,48.7,3.5,103.4-2.5c54.7-6,106.2-25.6,106.2-25.6V0H0v30.3c0,0,72,32.6,158.4,30.5c39.2-0.7,92.8-6.7,134-22.4\tc21.2-8.1,52.2-18.2,79.7-24.2C399.3,7.9,411.6,7.5,421.9,6.5z\"\/>\n<\/svg>\t\t<\/div>\n\t\t\t\t\t<div class=\"elementor-container elementor-column-gap-default\">\n\t\t\t\t\t\t\t<div class=\"elementor-row\">\n\t\t\t\t\t<div class=\"elementor-column elementor-col-100 elementor-top-column elementor-element elementor-element-fb87e2f\" data-id=\"fb87e2f\" data-element_type=\"column\">\n\t\t\t<div class=\"elementor-column-wrap elementor-element-populated\">\n\t\t\t\t\t\t\t<div class=\"elementor-widget-wrap\">\n\t\t\t\t\t\t<div class=\"elementor-element elementor-element-b2e66b6 elementor-align-center elementor-hidden-phone elementor-widget elementor-widget-breadcrumbs\" data-id=\"b2e66b6\" data-element_type=\"widget\" data-widget_type=\"breadcrumbs.default\">\n\t\t\t\t<div class=\"elementor-widget-container\">\n\t\t\t<p id=\"breadcrumbs\"><span><span><a href=\"https:\/\/hastalavista.es\/\">Inicio<\/a><\/span><\/p>\t\t<\/div>\n\t\t\t\t<\/div>\n\t\t\t\t<div class=\"elementor-element elementor-element-4c95b1b elementor-nav-menu__align-center elementor-nav-menu--dropdown-tablet elementor-nav-menu__text-align-aside elementor-nav-menu--toggle elementor-nav-menu--burger elementor-widget elementor-widget-nav-menu\" data-id=\"4c95b1b\" data-element_type=\"widget\" data-settings=\"{&quot;layout&quot;:&quot;horizontal&quot;,&quot;submenu_icon&quot;:{&quot;value&quot;:&quot;&lt;i class=\\&quot;fas fa-caret-down\\&quot;&gt;&lt;\\\/i&gt;&quot;,&quot;library&quot;:&quot;fa-solid&quot;},&quot;toggle&quot;:&quot;burger&quot;}\" data-widget_type=\"nav-menu.default\">\n\t\t\t\t<div class=\"elementor-widget-container\">\n\t\t\t\t\t\t<nav migration_allowed=\"1\" migrated=\"0\" role=\"navigation\" class=\"elementor-nav-menu--main elementor-nav-menu__container elementor-nav-menu--layout-horizontal e--pointer-background e--animation-fade\">\n\t\t\t\t<ul id=\"menu-1-4c95b1b\" class=\"elementor-nav-menu\"><li class=\"menu-item menu-item-type-post_type menu-item-object-page menu-item-6445\"><a href=\"https:\/\/hastalavista.es\/gal\/via-de-la-plata\/donde-dormir-en-a-canda\/\" class=\"elementor-item\">A Canda<\/a><\/li>\n<li class=\"menu-item menu-item-type-post_type menu-item-object-page menu-item-6446\"><a href=\"https:\/\/hastalavista.es\/gal\/via-de-la-plata\/donde-dormir-en-a-gudina\/\" class=\"elementor-item\">A Gudi\u00f1a<\/a><\/li>\n<li class=\"menu-item menu-item-type-post_type menu-item-object-page menu-item-6447\"><a href=\"https:\/\/hastalavista.es\/gal\/via-de-la-plata\/donde-dormir-en-laza\/\" class=\"elementor-item\">Laza<\/a><\/li>\n<li class=\"menu-item menu-item-type-post_type menu-item-object-page menu-item-6443\"><a href=\"https:\/\/hastalavista.es\/gal\/via-de-la-plata\/donde-dormir-en-vilar-de-barrio-2\/\" class=\"elementor-item\">Vilar de Barrio<\/a><\/li>\n<li class=\"menu-item menu-item-type-post_type menu-item-object-page menu-item-6442\"><a href=\"https:\/\/hastalavista.es\/gal\/via-de-la-plata\/donde-dormir-en-ourense\/\" class=\"elementor-item\">Ourense<\/a><\/li>\n<li class=\"menu-item menu-item-type-post_type menu-item-object-page menu-item-6441\"><a href=\"https:\/\/hastalavista.es\/gal\/via-de-la-plata\/donde-dormir-en-cea-donzon\/\" class=\"elementor-item\">Cea Donz\u00f3n<\/a><\/li>\n<li class=\"menu-item menu-item-type-post_type menu-item-object-page menu-item-6440\"><a href=\"https:\/\/hastalavista.es\/gal\/via-de-la-plata\/donde-dormir-en-bendoiro\/\" class=\"elementor-item\">Bendoiro<\/a><\/li>\n<li class=\"menu-item menu-item-type-post_type menu-item-object-page menu-item-6439\"><a href=\"https:\/\/hastalavista.es\/gal\/via-de-la-plata\/donde-dormir-en-outeiro\/\" class=\"elementor-item\">Outeiro<\/a><\/li>\n<li class=\"menu-item menu-item-type-post_type menu-item-object-page menu-item-6438\"><a href=\"https:\/\/hastalavista.es\/gal\/via-de-la-plata\/donde-dormir-en-santiago-de-compostela\/\" class=\"elementor-item\">Santiago de Compostela<\/a><\/li>\n<\/ul>\t\t\t<\/nav>\n\t\t\t\t\t<div class=\"elementor-menu-toggle\" role=\"button\" tabindex=\"0\" aria-label=\"Menu Toggle\" aria-expanded=\"false\">\n\t\t\t<i aria-hidden=\"true\" role=\"presentation\" class=\"eicon-menu-bar\"><\/i>\t\t\t<span class=\"elementor-screen-only\">Menu<\/span>\n\t\t<\/div>\n\t\t\t<nav class=\"elementor-nav-menu--dropdown elementor-nav-menu__container\" role=\"navigation\" aria-hidden=\"true\">\n\t\t\t\t<ul id=\"menu-2-4c95b1b\" class=\"elementor-nav-menu\"><li class=\"menu-item menu-item-type-post_type menu-item-object-page menu-item-6445\"><a href=\"https:\/\/hastalavista.es\/gal\/via-de-la-plata\/donde-dormir-en-a-canda\/\" class=\"elementor-item\" tabindex=\"-1\">A Canda<\/a><\/li>\n<li class=\"menu-item menu-item-type-post_type menu-item-object-page menu-item-6446\"><a href=\"https:\/\/hastalavista.es\/gal\/via-de-la-plata\/donde-dormir-en-a-gudina\/\" class=\"elementor-item\" tabindex=\"-1\">A Gudi\u00f1a<\/a><\/li>\n<li class=\"menu-item menu-item-type-post_type menu-item-object-page menu-item-6447\"><a href=\"https:\/\/hastalavista.es\/gal\/via-de-la-plata\/donde-dormir-en-laza\/\" class=\"elementor-item\" tabindex=\"-1\">Laza<\/a><\/li>\n<li class=\"menu-item menu-item-type-post_type menu-item-object-page menu-item-6443\"><a href=\"https:\/\/hastalavista.es\/gal\/via-de-la-plata\/donde-dormir-en-vilar-de-barrio-2\/\" class=\"elementor-item\" tabindex=\"-1\">Vilar de Barrio<\/a><\/li>\n<li class=\"menu-item menu-item-type-post_type menu-item-object-page menu-item-6442\"><a href=\"https:\/\/hastalavista.es\/gal\/via-de-la-plata\/donde-dormir-en-ourense\/\" class=\"elementor-item\" tabindex=\"-1\">Ourense<\/a><\/li>\n<li class=\"menu-item menu-item-type-post_type menu-item-object-page menu-item-6441\"><a href=\"https:\/\/hastalavista.es\/gal\/via-de-la-plata\/donde-dormir-en-cea-donzon\/\" class=\"elementor-item\" tabindex=\"-1\">Cea Donz\u00f3n<\/a><\/li>\n<li class=\"menu-item menu-item-type-post_type menu-item-object-page menu-item-6440\"><a href=\"https:\/\/hastalavista.es\/gal\/via-de-la-plata\/donde-dormir-en-bendoiro\/\" class=\"elementor-item\" tabindex=\"-1\">Bendoiro<\/a><\/li>\n<li class=\"menu-item menu-item-type-post_type menu-item-object-page menu-item-6439\"><a href=\"https:\/\/hastalavista.es\/gal\/via-de-la-plata\/donde-dormir-en-outeiro\/\" class=\"elementor-item\" tabindex=\"-1\">Outeiro<\/a><\/li>\n<li class=\"menu-item menu-item-type-post_type menu-item-object-page menu-item-6438\"><a href=\"https:\/\/hastalavista.es\/gal\/via-de-la-plata\/donde-dormir-en-santiago-de-compostela\/\" class=\"elementor-item\" tabindex=\"-1\">Santiago de Compostela<\/a><\/li>\n<\/ul>\t\t\t<\/nav>\n\t\t\t\t<\/div>\n\t\t\t\t<\/div>\n\t\t\t\t\t\t<\/div>\n\t\t\t\t\t<\/div>\n\t\t<\/div>\n\t\t\t\t\t\t\t\t<\/div>\n\t\t\t\t\t<\/div>\n\t\t<\/section>\n\t\t\t\t<section class=\"elementor-section elementor-top-section elementor-element elementor-element-14c77280 elementor-section-stretched elementor-section-boxed elementor-section-height-default elementor-section-height-default\" data-id=\"14c77280\" data-element_type=\"section\" data-settings=\"{&quot;stretch_section&quot;:&quot;section-stretched&quot;}\">\n\t\t\t\t\t\t<div class=\"elementor-container elementor-column-gap-default\">\n\t\t\t\t\t\t\t<div class=\"elementor-row\">\n\t\t\t\t\t<div class=\"elementor-column elementor-col-25 elementor-top-column elementor-element elementor-element-f594370\" data-id=\"f594370\" data-element_type=\"column\">\n\t\t\t<div class=\"elementor-column-wrap elementor-element-populated\">\n\t\t\t\t\t\t\t<div class=\"elementor-widget-wrap\">\n\t\t\t\t\t\t<div class=\"elementor-element elementor-element-3c2bcfe0 elementor-widget elementor-widget-heading\" data-id=\"3c2bcfe0\" data-element_type=\"widget\" data-widget_type=\"heading.default\">\n\t\t\t\t<div class=\"elementor-widget-container\">\n\t\t\t<h2 class=\"elementor-heading-title elementor-size-default\">ALBERGUE DE PEREGRINOS<\/h2>\t\t<\/div>\n\t\t\t\t<\/div>\n\t\t\t\t<section class=\"elementor-section elementor-inner-section elementor-element elementor-element-4b5b40b0 elementor-section-boxed elementor-section-height-default elementor-section-height-default\" data-id=\"4b5b40b0\" data-element_type=\"section\">\n\t\t\t\t\t\t<div class=\"elementor-container elementor-column-gap-default\">\n\t\t\t\t\t\t\t<div class=\"elementor-row\">\n\t\t\t\t\t<div class=\"elementor-column elementor-col-100 elementor-inner-column elementor-element elementor-element-688ff1b\" data-id=\"688ff1b\" data-element_type=\"column\">\n\t\t\t<div class=\"elementor-column-wrap elementor-element-populated\">\n\t\t\t\t\t\t\t<div class=\"elementor-widget-wrap\">\n\t\t\t\t\t\t<div class=\"elementor-element elementor-element-51e0babc elementor-widget elementor-widget-image\" data-id=\"51e0babc\" data-element_type=\"widget\" data-widget_type=\"image.default\">\n\t\t\t\t<div class=\"elementor-widget-container\">\n\t\t\t\t\t\t\t\t<div class=\"elementor-image\">\n\t\t\t\t\t\t\t\t\t\t\t\t<img width=\"150\" height=\"150\" src=\"https:\/\/hastalavista.es\/wp-content\/uploads\/2020\/01\/Albergue-de-peregrinos-3-150x150.jpg\" class=\"attachment-thumbnail size-thumbnail\" alt=\"\" loading=\"lazy\" \/>\t\t\t\t\t\t\t\t\t\t\t\t\t\t<\/div>\n\t\t\t\t\t\t<\/div>\n\t\t\t\t<\/div>\n\t\t\t\t<div class=\"elementor-element elementor-element-40700725 elementor-align-center elementor-icon-list--layout-inline elementor-list-item-link-full_width elementor-widget elementor-widget-icon-list\" data-id=\"40700725\" data-element_type=\"widget\" data-widget_type=\"icon-list.default\">\n\t\t\t\t<div class=\"elementor-widget-container\">\n\t\t\t\t\t<ul class=\"elementor-icon-list-items elementor-inline-items\">\n\t\t\t\t\t\t\t<li class=\"elementor-icon-list-item elementor-inline-item\">\n\t\t\t\t\t\t\t\t\t\t\t<span class=\"elementor-icon-list-icon\">\n\t\t\t\t\t\t\t<i aria-hidden=\"true\" class=\"fas fa-location-arrow\"><\/i>\t\t\t\t\t\t<\/span>\n\t\t\t\t\t\t\t\t\t\t<span class=\"elementor-icon-list-text\">R\u00faa do Toural, s\/n, 32620, Laza, Espa\u00f1a<\/span>\n\t\t\t\t\t\t\t\t\t<\/li>\n\t\t\t\t\t\t<\/ul>\n\t\t\t\t<\/div>\n\t\t\t\t<\/div>\n\t\t\t\t\t\t<\/div>\n\t\t\t\t\t<\/div>\n\t\t<\/div>\n\t\t\t\t\t\t\t\t<\/div>\n\t\t\t\t\t<\/div>\n\t\t<\/section>\n\t\t\t\t<div class=\"elementor-element elementor-element-6f277bcb elementor-align-center elementor-mobile-align-center elementor-widget elementor-widget-button\" data-id=\"6f277bcb\" data-element_type=\"widget\" data-widget_type=\"button.default\">\n\t\t\t\t<div class=\"elementor-widget-container\">\n\t\t\t\t\t<div class=\"elementor-button-wrapper\">\n\t\t\t<a class=\"elementor-button elementor-size-md\" role=\"button\">\n\t\t\t\t\t\t<span class=\"elementor-button-content-wrapper\">\n\t\t\t\t\t\t<span class=\"elementor-button-text\">M\u00e1s info<\/span>\n\t\t<\/span>\n\t\t\t\t\t<\/a>\n\t\t<\/div>\n\t\t\t\t<\/div>\n\t\t\t\t<\/div>\n\t\t\t\t\t\t<\/div>\n\t\t\t\t\t<\/div>\n\t\t<\/div>\n\t\t\t\t<div class=\"elementor-column elementor-col-25 elementor-top-column elementor-element elementor-element-1ba901bb\" data-id=\"1ba901bb\" data-element_type=\"column\">\n\t\t\t<div class=\"elementor-column-wrap elementor-element-populated\">\n\t\t\t\t\t\t\t<div class=\"elementor-widget-wrap\">\n\t\t\t\t\t\t<div class=\"elementor-element elementor-element-38e97465 elementor-widget elementor-widget-heading\" data-id=\"38e97465\" data-element_type=\"widget\" data-widget_type=\"heading.default\">\n\t\t\t\t<div class=\"elementor-widget-container\">\n\t\t\t<h2 class=\"elementor-heading-title elementor-size-default\">PENSI\u00d3N BLANCO CONDE<\/h2>\t\t<\/div>\n\t\t\t\t<\/div>\n\t\t\t\t<section class=\"elementor-section elementor-inner-section elementor-element elementor-element-72c0001d elementor-section-boxed elementor-section-height-default elementor-section-height-default\" data-id=\"72c0001d\" data-element_type=\"section\">\n\t\t\t\t\t\t<div class=\"elementor-container elementor-column-gap-default\">\n\t\t\t\t\t\t\t<div class=\"elementor-row\">\n\t\t\t\t\t<div class=\"elementor-column elementor-col-100 elementor-inner-column elementor-element elementor-element-532d35d\" data-id=\"532d35d\" data-element_type=\"column\">\n\t\t\t<div class=\"elementor-column-wrap elementor-element-populated\">\n\t\t\t\t\t\t\t<div class=\"elementor-widget-wrap\">\n\t\t\t\t\t\t<div class=\"elementor-element elementor-element-16aed726 elementor-widget elementor-widget-image\" data-id=\"16aed726\" data-element_type=\"widget\" data-widget_type=\"image.default\">\n\t\t\t\t<div class=\"elementor-widget-container\">\n\t\t\t\t\t\t\t\t<div class=\"elementor-image\">\n\t\t\t\t\t\t\t\t\t\t\t\t<img width=\"150\" height=\"150\" src=\"https:\/\/hastalavista.es\/wp-content\/uploads\/2020\/01\/Pensi\u00f3n-Blanco-Conde-150x150.jpg\" class=\"attachment-thumbnail size-thumbnail\" alt=\"\" loading=\"lazy\" \/>\t\t\t\t\t\t\t\t\t\t\t\t\t\t<\/div>\n\t\t\t\t\t\t<\/div>\n\t\t\t\t<\/div>\n\t\t\t\t<div class=\"elementor-element elementor-element-298f974b elementor-align-center elementor-icon-list--layout-inline elementor-list-item-link-full_width elementor-widget elementor-widget-icon-list\" data-id=\"298f974b\" data-element_type=\"widget\" data-widget_type=\"icon-list.default\">\n\t\t\t\t<div class=\"elementor-widget-container\">\n\t\t\t\t\t<ul class=\"elementor-icon-list-items elementor-inline-items\">\n\t\t\t\t\t\t\t<li class=\"elementor-icon-list-item elementor-inline-item\">\n\t\t\t\t\t\t\t\t\t\t\t<span class=\"elementor-icon-list-icon\">\n\t\t\t\t\t\t\t<i aria-hidden=\"true\" class=\"fas fa-location-arrow\"><\/i>\t\t\t\t\t\t<\/span>\n\t\t\t\t\t\t\t\t\t\t<span class=\"elementor-icon-list-text\">Carretera de Cerdedelo, n\u00ba 24, 32620, Laza, Ourense<\/span>\n\t\t\t\t\t\t\t\t\t<\/li>\n\t\t\t\t\t\t<\/ul>\n\t\t\t\t<\/div>\n\t\t\t\t<\/div>\n\t\t\t\t<div class=\"elementor-element elementor-element-5f76550f elementor-align-center elementor-mobile-align-center elementor-widget elementor-widget-button\" data-id=\"5f76550f\" data-element_type=\"widget\" data-widget_type=\"button.default\">\n\t\t\t\t<div class=\"elementor-widget-container\">\n\t\t\t\t\t<div class=\"elementor-button-wrapper\">\n\t\t\t<a href=\"https:\/\/www.booking.com\/hotel\/es\/pension-blanco-conde-laza.es.html\" target=\"_blank\" class=\"elementor-button-link elementor-button elementor-size-md\" role=\"button\">\n\t\t\t\t\t\t<span class=\"elementor-button-content-wrapper\">\n\t\t\t\t\t\t<span class=\"elementor-button-text\">M\u00e1s info<\/span>\n\t\t<\/span>\n\t\t\t\t\t<\/a>\n\t\t<\/div>\n\t\t\t\t<\/div>\n\t\t\t\t<\/div>\n\t\t\t\t\t\t<\/div>\n\t\t\t\t\t<\/div>\n\t\t<\/div>\n\t\t\t\t\t\t\t\t<\/div>\n\t\t\t\t\t<\/div>\n\t\t<\/section>\n\t\t\t\t\t\t<\/div>\n\t\t\t\t\t<\/div>\n\t\t<\/div>\n\t\t\t\t<div class=\"elementor-column elementor-col-25 elementor-top-column elementor-element elementor-element-f86d4c9\" data-id=\"f86d4c9\" data-element_type=\"column\">\n\t\t\t<div class=\"elementor-column-wrap\">\n\t\t\t\t\t\t\t<div class=\"elementor-widget-wrap\">\n\t\t\t\t\t\t\t\t<\/div>\n\t\t\t\t\t<\/div>\n\t\t<\/div>\n\t\t\t\t<div class=\"elementor-column elementor-col-25 elementor-top-column elementor-element elementor-element-a8fc358\" data-id=\"a8fc358\" data-element_type=\"column\">\n\t\t\t<div class=\"elementor-column-wrap\">\n\t\t\t\t\t\t\t<div class=\"elementor-widget-wrap\">\n\t\t\t\t\t\t\t\t<\/div>\n\t\t\t\t\t<\/div>\n\t\t<\/div>\n\t\t\t\t\t\t\t\t<\/div>\n\t\t\t\t\t<\/div>\n\t\t<\/section>\n\t\t\t\t\t\t\t\t\t<\/div>\n\t\t\t<\/div>\n\t\t\t\t\t<\/div>","protected":false},"excerpt":{"rendered":"<p>ALBERGUE DE PEREGRINOS R\u00faa do Toural, s\/n, 32620, Laza, Espa\u00f1a M\u00e1s info PENSI\u00d3N BLANCO CONDE Carretera de Cerdedelo, n\u00ba 24, 32620, Laza, Ourense M\u00e1s info<\/p>","protected":false},"author":1,"featured_media":0,"parent":509,"menu_order":0,"comment_status":"closed","ping_status":"closed","template":"","meta":[],"yoast_head":"<!-- This site is optimized with the Yoast SEO plugin v17.6 - https:\/\/yoast.com\/wordpress\/plugins\/seo\/ -->\n<title>D\u00f3nde dormir en Lazaa - Hasta la vista<\/title>\n<meta name=\"robots\" content=\"index, follow, max-snippet:-1, max-image-preview:large, max-video-preview:-1\" \/>\n<link rel=\"canonical\" href=\"https:\/\/hastalavista.es\/gal\/via-de-la-plata\/donde-dormir-en-laza\/\" \/>\n<meta property=\"og:locale\" content=\"gl_ES\" \/>\n<meta property=\"og:type\" content=\"article\" \/>\n<meta property=\"og:title\" content=\"D\u00f3nde dormir en Lazaa - Hasta la vista\" \/>\n<meta property=\"og:description\" content=\"ALBERGUE DE PEREGRINOS R\u00faa do Toural, s\/n, 32620, Laza, Espa\u00f1a M\u00e1s info PENSI\u00d3N BLANCO CONDE Carretera de Cerdedelo, n\u00ba 24, 32620, Laza, Ourense M\u00e1s info\" \/>\n<meta property=\"og:url\" content=\"https:\/\/hastalavista.es\/gal\/via-de-la-plata\/donde-dormir-en-laza\/\" \/>\n<meta property=\"og:site_name\" content=\"Hasta la vista\" \/>\n<meta property=\"article:modified_time\" content=\"2020-04-25T15:55:08+00:00\" \/>\n<meta property=\"og:image\" content=\"https:\/\/hastalavista.es\/wp-content\/uploads\/2020\/01\/Albergue-de-peregrinos-3-150x150.jpg\" \/>\n<meta name=\"twitter:card\" content=\"summary_large_image\" \/>\n<script type=\"application\/ld+json\" class=\"yoast-schema-graph\">{\"@context\":\"https:\/\/schema.org\",\"@graph\":[{\"@type\":\"WebSite\",\"@id\":\"https:\/\/hastalavista.es\/gal\/#website\",\"url\":\"https:\/\/hastalavista.es\/gal\/\",\"name\":\"Hasta la vista\",\"description\":\"\",\"potentialAction\":[{\"@type\":\"SearchAction\",\"target\":{\"@type\":\"EntryPoint\",\"urlTemplate\":\"https:\/\/hastalavista.es\/gal\/?s={search_term_string}\"},\"query-input\":\"required name=search_term_string\"}],\"inLanguage\":\"gl-ES\"},{\"@type\":\"ImageObject\",\"@id\":\"https:\/\/hastalavista.es\/gal\/via-de-la-plata\/donde-dormir-en-laza\/#primaryimage\",\"inLanguage\":\"gl-ES\",\"url\":\"https:\/\/hastalavista.es\/wp-content\/uploads\/2020\/01\/Albergue-de-peregrinos-3.jpg\",\"contentUrl\":\"https:\/\/hastalavista.es\/wp-content\/uploads\/2020\/01\/Albergue-de-peregrinos-3.jpg\",\"width\":460,\"height\":340},{\"@type\":\"WebPage\",\"@id\":\"https:\/\/hastalavista.es\/gal\/via-de-la-plata\/donde-dormir-en-laza\/#webpage\",\"url\":\"https:\/\/hastalavista.es\/gal\/via-de-la-plata\/donde-dormir-en-laza\/\",\"name\":\"D\\u00f3nde dormir en Lazaa - Hasta la vista\",\"isPartOf\":{\"@id\":\"https:\/\/hastalavista.es\/gal\/#website\"},\"primaryImageOfPage\":{\"@id\":\"https:\/\/hastalavista.es\/gal\/via-de-la-plata\/donde-dormir-en-laza\/#primaryimage\"},\"datePublished\":\"2020-04-25T14:39:24+00:00\",\"dateModified\":\"2020-04-25T15:55:08+00:00\",\"breadcrumb\":{\"@id\":\"https:\/\/hastalavista.es\/gal\/via-de-la-plata\/donde-dormir-en-laza\/#breadcrumb\"},\"inLanguage\":\"gl-ES\",\"potentialAction\":[{\"@type\":\"ReadAction\",\"target\":[\"https:\/\/hastalavista.es\/gal\/via-de-la-plata\/donde-dormir-en-laza\/\"]}]},{\"@type\":\"BreadcrumbList\",\"@id\":\"https:\/\/hastalavista.es\/gal\/via-de-la-plata\/donde-dormir-en-laza\/#breadcrumb\",\"itemListElement\":[{\"@type\":\"ListItem\",\"position\":1,\"name\":\"Inicio\",\"item\":\"https:\/\/hastalavista.es\/\"},{\"@type\":\"ListItem\",\"position\":2,\"name\":\"V\\u00eda de La Plata\",\"item\":\"https:\/\/hastalavista.es\/gal\/via-de-la-plata\/\"},{\"@type\":\"ListItem\",\"position\":3,\"name\":\"D\\u00f3nde dormir en Lazaa\"}]}]}<\/script>\n<!-- \/ Yoast SEO plugin. -->","yoast_head_json":{"title":"D\u00f3nde dormir en Lazaa - Hasta la vista","robots":{"index":"index","follow":"follow","max-snippet":"max-snippet:-1","max-image-preview":"max-image-preview:large","max-video-preview":"max-video-preview:-1"},"canonical":"https:\/\/hastalavista.es\/gal\/via-de-la-plata\/donde-dormir-en-laza\/","og_locale":"gl_ES","og_type":"article","og_title":"D\u00f3nde dormir en Lazaa - Hasta la vista","og_description":"ALBERGUE DE PEREGRINOS R\u00faa do Toural, s\/n, 32620, Laza, Espa\u00f1a M\u00e1s info PENSI\u00d3N BLANCO CONDE Carretera de Cerdedelo, n\u00ba 24, 32620, Laza, Ourense M\u00e1s info","og_url":"https:\/\/hastalavista.es\/gal\/via-de-la-plata\/donde-dormir-en-laza\/","og_site_name":"Hasta la vista","article_modified_time":"2020-04-25T15:55:08+00:00","og_image":[{"url":"https:\/\/hastalavista.es\/wp-content\/uploads\/2020\/01\/Albergue-de-peregrinos-3-150x150.jpg"}],"twitter_card":"summary_large_image","schema":{"@context":"https:\/\/schema.org","@graph":[{"@type":"WebSite","@id":"https:\/\/hastalavista.es\/gal\/#website","url":"https:\/\/hastalavista.es\/gal\/","name":"Hasta la vista","description":"","potentialAction":[{"@type":"SearchAction","target":{"@type":"EntryPoint","urlTemplate":"https:\/\/hastalavista.es\/gal\/?s={search_term_string}"},"query-input":"required name=search_term_string"}],"inLanguage":"gl-ES"},{"@type":"ImageObject","@id":"https:\/\/hastalavista.es\/gal\/via-de-la-plata\/donde-dormir-en-laza\/#primaryimage","inLanguage":"gl-ES","url":"https:\/\/hastalavista.es\/wp-content\/uploads\/2020\/01\/Albergue-de-peregrinos-3.jpg","contentUrl":"https:\/\/hastalavista.es\/wp-content\/uploads\/2020\/01\/Albergue-de-peregrinos-3.jpg","width":460,"height":340},{"@type":"WebPage","@id":"https:\/\/hastalavista.es\/gal\/via-de-la-plata\/donde-dormir-en-laza\/#webpage","url":"https:\/\/hastalavista.es\/gal\/via-de-la-plata\/donde-dormir-en-laza\/","name":"D\u00f3nde dormir en Lazaa - Hasta la vista","isPartOf":{"@id":"https:\/\/hastalavista.es\/gal\/#website"},"primaryImageOfPage":{"@id":"https:\/\/hastalavista.es\/gal\/via-de-la-plata\/donde-dormir-en-laza\/#primaryimage"},"datePublished":"2020-04-25T14:39:24+00:00","dateModified":"2020-04-25T15:55:08+00:00","breadcrumb":{"@id":"https:\/\/hastalavista.es\/gal\/via-de-la-plata\/donde-dormir-en-laza\/#breadcrumb"},"inLanguage":"gl-ES","potentialAction":[{"@type":"ReadAction","target":["https:\/\/hastalavista.es\/gal\/via-de-la-plata\/donde-dormir-en-laza\/"]}]},{"@type":"BreadcrumbList","@id":"https:\/\/hastalavista.es\/gal\/via-de-la-plata\/donde-dormir-en-laza\/#breadcrumb","itemListElement":[{"@type":"ListItem","position":1,"name":"Inicio","item":"https:\/\/hastalavista.es\/"},{"@type":"ListItem","position":2,"name":"V\u00eda de La Plata","item":"https:\/\/hastalavista.es\/gal\/via-de-la-plata\/"},{"@type":"ListItem","position":3,"name":"D\u00f3nde dormir en Lazaa"}]}]}},"_links":{"self":[{"href":"https:\/\/hastalavista.es\/gal\/wp-json\/wp\/v2\/pages\/6372"}],"collection":[{"href":"https:\/\/hastalavista.es\/gal\/wp-json\/wp\/v2\/pages"}],"about":[{"href":"https:\/\/hastalavista.es\/gal\/wp-json\/wp\/v2\/types\/page"}],"author":[{"embeddable":true,"href":"https:\/\/hastalavista.es\/gal\/wp-json\/wp\/v2\/users\/1"}],"replies":[{"embeddable":true,"href":"https:\/\/hastalavista.es\/gal\/wp-json\/wp\/v2\/comments?post=6372"}],"version-history":[{"count":3,"href":"https:\/\/hastalavista.es\/gal\/wp-json\/wp\/v2\/pages\/6372\/revisions"}],"predecessor-version":[{"id":6444,"href":"https:\/\/hastalavista.es\/gal\/wp-json\/wp\/v2\/pages\/6372\/revisions\/6444"}],"up":[{"embeddable":true,"href":"https:\/\/hastalavista.es\/gal\/wp-json\/wp\/v2\/pages\/509"}],"wp:attachment":[{"href":"https:\/\/hastalavista.es\/gal\/wp-json\/wp\/v2\/media?parent=6372"}],"curies":[{"name":"wp","href":"https:\/\/api.w.org\/{rel}","templated":true}]}}