{"id":836,"date":"2020-01-14T11:41:18","date_gmt":"2020-01-14T11:41:18","guid":{"rendered":"http:\/\/hastalavista.es\/?page_id=836"},"modified":"2020-04-01T14:24:21","modified_gmt":"2020-04-01T14:24:21","slug":"capitulo-1-paco-via-de-la-plata","status":"publish","type":"page","link":"https:\/\/hastalavista.es\/gal\/capitulo-1-paco-via-de-la-plata\/","title":{"rendered":"Cap\u00edtulo 1 \u2013 PACO, V\u00eda da Prata"},"content":{"rendered":"<div data-elementor-type=\"wp-page\" data-elementor-id=\"836\" class=\"elementor elementor-836\">\n\t\t\t\t\t\t<div class=\"elementor-inner\">\n\t\t\t\t<div class=\"elementor-section-wrap\">\n\t\t\t\t\t\t\t\t\t<section class=\"elementor-section elementor-top-section elementor-element elementor-element-d64eae0 elementor-section-height-min-height elementor-section-boxed elementor-section-height-default elementor-section-items-middle\" data-id=\"d64eae0\" data-element_type=\"section\" data-settings=\"{&quot;background_background&quot;:&quot;classic&quot;,&quot;shape_divider_bottom&quot;:&quot;waves&quot;}\">\n\t\t\t\t\t\t\t<div class=\"elementor-background-overlay\"><\/div>\n\t\t\t\t\t\t<div class=\"elementor-shape elementor-shape-bottom\" data-negative=\"false\">\n\t\t\t<svg xmlns=\"http:\/\/www.w3.org\/2000\/svg\" viewbox=\"0 0 1000 100\" preserveaspectratio=\"none\">\n\t<path class=\"elementor-shape-fill\" d=\"M421.9,6.5c22.6-2.5,51.5,0.4,75.5,5.3c23.6,4.9,70.9,23.5,100.5,35.7c75.8,32.2,133.7,44.5,192.6,49.7\tc23.6,2.1,48.7,3.5,103.4-2.5c54.7-6,106.2-25.6,106.2-25.6V0H0v30.3c0,0,72,32.6,158.4,30.5c39.2-0.7,92.8-6.7,134-22.4\tc21.2-8.1,52.2-18.2,79.7-24.2C399.3,7.9,411.6,7.5,421.9,6.5z\"\/>\n<\/svg>\t\t<\/div>\n\t\t\t\t\t<div class=\"elementor-container elementor-column-gap-default\">\n\t\t\t\t\t\t\t<div class=\"elementor-row\">\n\t\t\t\t\t<div class=\"elementor-column elementor-col-100 elementor-top-column elementor-element elementor-element-bd223fb\" data-id=\"bd223fb\" data-element_type=\"column\">\n\t\t\t<div class=\"elementor-column-wrap elementor-element-populated\">\n\t\t\t\t\t\t\t<div class=\"elementor-widget-wrap\">\n\t\t\t\t\t\t\t\t<\/div>\n\t\t\t\t\t<\/div>\n\t\t<\/div>\n\t\t\t\t\t\t\t\t<\/div>\n\t\t\t\t\t<\/div>\n\t\t<\/section>\n\t\t\t\t<section class=\"elementor-section elementor-top-section elementor-element elementor-element-b78a19a elementor-section-stretched elementor-section-full_width elementor-section-height-default elementor-section-height-default\" data-id=\"b78a19a\" data-element_type=\"section\" data-settings=\"{&quot;stretch_section&quot;:&quot;section-stretched&quot;,&quot;background_background&quot;:&quot;classic&quot;}\">\n\t\t\t\t\t\t<div class=\"elementor-container elementor-column-gap-default\">\n\t\t\t\t\t\t\t<div class=\"elementor-row\">\n\t\t\t\t\t<div class=\"elementor-column elementor-col-33 elementor-top-column elementor-element elementor-element-32e2261 elementor-hidden-tablet elementor-hidden-phone\" data-id=\"32e2261\" data-element_type=\"column\" data-settings=\"{&quot;background_background&quot;:&quot;classic&quot;}\">\n\t\t\t<div class=\"elementor-column-wrap elementor-element-populated\">\n\t\t\t\t\t\t\t<div class=\"elementor-widget-wrap\">\n\t\t\t\t\t\t<div class=\"elementor-element elementor-element-0c4b1ce elementor-widget elementor-widget-heading\" data-id=\"0c4b1ce\" data-element_type=\"widget\" data-widget_type=\"heading.default\">\n\t\t\t\t<div class=\"elementor-widget-container\">\n\t\t\t<h1 class=\"elementor-heading-title elementor-size-default\">Men\u00fa<\/h1>\t\t<\/div>\n\t\t\t\t<\/div>\n\t\t\t\t<div class=\"elementor-element elementor-element-93db855 elementor-nav-menu__text-align-aside elementor-nav-menu--toggle elementor-nav-menu--burger elementor-widget elementor-widget-nav-menu\" data-id=\"93db855\" data-element_type=\"widget\" data-settings=\"{&quot;layout&quot;:&quot;dropdown&quot;,&quot;submenu_icon&quot;:{&quot;value&quot;:&quot;&lt;i class=\\&quot;\\&quot;&gt;&lt;\\\/i&gt;&quot;,&quot;library&quot;:&quot;&quot;},&quot;toggle&quot;:&quot;burger&quot;}\" data-widget_type=\"nav-menu.default\">\n\t\t\t\t<div class=\"elementor-widget-container\">\n\t\t\t\t\t<div class=\"elementor-menu-toggle\" role=\"button\" tabindex=\"0\" aria-label=\"Menu Toggle\" aria-expanded=\"false\">\n\t\t\t<i aria-hidden=\"true\" role=\"presentation\" class=\"eicon-menu-bar\"><\/i>\t\t\t<span class=\"elementor-screen-only\">Menu<\/span>\n\t\t<\/div>\n\t\t\t<nav class=\"elementor-nav-menu--dropdown elementor-nav-menu__container\" role=\"navigation\" aria-hidden=\"true\">\n\t\t\t\t<ul id=\"menu-2-93db855\" class=\"elementor-nav-menu\"><li class=\"menu-item menu-item-type-custom menu-item-object-custom menu-item-has-children menu-item-5871\"><a href=\"#\" class=\"elementor-item elementor-item-anchor\" tabindex=\"-1\">Cap\u00edtulo 1 \u2013 PACO, V\u00eda da Prata<\/a>\n<ul class=\"sub-menu elementor-nav-menu--dropdown\">\n\t<li class=\"menu-item menu-item-type-post_type menu-item-object-page menu-item-5870\"><a href=\"https:\/\/hastalavista.es\/gal\/capitulo-1-paco-via-de-la-plata\/\" class=\"elementor-sub-item\" tabindex=\"-1\">Ver Cap\u00edtulo<\/a><\/li>\n\t<li class=\"menu-item menu-item-type-post_type menu-item-object-page menu-item-2612\"><a href=\"https:\/\/hastalavista.es\/gal\/making-off-paco-via-de-la-plata\/\" class=\"elementor-sub-item\" tabindex=\"-1\">Making Of<\/a><\/li>\n<\/ul>\n<\/li>\n<li class=\"menu-item menu-item-type-custom menu-item-object-custom menu-item-has-children menu-item-5967\"><a href=\"#\" class=\"elementor-item elementor-item-anchor\" tabindex=\"-1\">Cap\u00edtulo 2 \u2013 PAULA, Camino de Invierno<\/a>\n<ul class=\"sub-menu elementor-nav-menu--dropdown\">\n\t<li class=\"menu-item menu-item-type-post_type menu-item-object-page menu-item-853\"><a href=\"https:\/\/hastalavista.es\/gal\/capitulo-2-paula-camino-de-invierno\/\" class=\"elementor-sub-item\" tabindex=\"-1\">Ver cap\u00edtulo<\/a><\/li>\n\t<li class=\"menu-item menu-item-type-post_type menu-item-object-page menu-item-3570\"><a href=\"https:\/\/hastalavista.es\/gal\/making-of-paula\/\" class=\"elementor-sub-item\" tabindex=\"-1\">Making Of<\/a><\/li>\n<\/ul>\n<\/li>\n<li class=\"menu-item menu-item-type-custom menu-item-object-custom menu-item-has-children menu-item-6140\"><a href=\"#\" class=\"elementor-item elementor-item-anchor\" tabindex=\"-1\">Cap\u00edtulo 3\u2013 PEARL, Ruta del Mar de Arousa y R\u00edo Ulla<\/a>\n<ul class=\"sub-menu elementor-nav-menu--dropdown\">\n\t<li class=\"menu-item menu-item-type-post_type menu-item-object-page menu-item-855\"><a href=\"https:\/\/hastalavista.es\/gal\/capitulo-3-pearl-ruta-del-mar-de-arousa-y-rio-ulla\/\" class=\"elementor-sub-item\" tabindex=\"-1\">Ver cap\u00edtulo<\/a><\/li>\n\t<li class=\"menu-item menu-item-type-post_type menu-item-object-page menu-item-3455\"><a href=\"https:\/\/hastalavista.es\/gal\/making-of-pearl\/\" class=\"elementor-sub-item\" tabindex=\"-1\">Making Of<\/a><\/li>\n<\/ul>\n<\/li>\n<li class=\"menu-item menu-item-type-custom menu-item-object-custom menu-item-has-children menu-item-6185\"><a href=\"#\" class=\"elementor-item elementor-item-anchor\" tabindex=\"-1\">Cap\u00edtulo 4 \u2013 ANA, Camino del Norte<\/a>\n<ul class=\"sub-menu elementor-nav-menu--dropdown\">\n\t<li class=\"menu-item menu-item-type-post_type menu-item-object-page menu-item-852\"><a href=\"https:\/\/hastalavista.es\/gal\/capitulo-4-ana-camino-del-norte\/\" class=\"elementor-sub-item\" tabindex=\"-1\">Ver cap\u00edtulo<\/a><\/li>\n\t<li class=\"menu-item menu-item-type-post_type menu-item-object-page menu-item-3602\"><a href=\"https:\/\/hastalavista.es\/gal\/making-of-ana\/\" class=\"elementor-sub-item\" tabindex=\"-1\">Making Of<\/a><\/li>\n<\/ul>\n<\/li>\n<li class=\"menu-item menu-item-type-custom menu-item-object-custom menu-item-has-children menu-item-6625\"><a href=\"#\" class=\"elementor-item elementor-item-anchor\" tabindex=\"-1\">Cap\u00edtulo 5 \u2013 LINO, Camino Ingl\u00e9s<\/a>\n<ul class=\"sub-menu elementor-nav-menu--dropdown\">\n\t<li class=\"menu-item menu-item-type-post_type menu-item-object-page menu-item-856\"><a href=\"https:\/\/hastalavista.es\/gal\/capitulo-5-lino-camino-ingles\/\" class=\"elementor-sub-item\" tabindex=\"-1\">Ver cap\u00edtulo<\/a><\/li>\n\t<li class=\"menu-item menu-item-type-post_type menu-item-object-page menu-item-3456\"><a href=\"https:\/\/hastalavista.es\/gal\/making-of-lino\/\" class=\"elementor-sub-item\" tabindex=\"-1\">Making Of<\/a><\/li>\n<\/ul>\n<\/li>\n<li class=\"menu-item menu-item-type-custom menu-item-object-custom menu-item-has-children menu-item-6642\"><a href=\"#\" class=\"elementor-item elementor-item-anchor\" tabindex=\"-1\">Cap\u00edtulo 6 \u2013 JULIA, ROBERTO y DANI, Cami\u00f1o Portugu\u00e9s pola costa<\/a>\n<ul class=\"sub-menu elementor-nav-menu--dropdown\">\n\t<li class=\"menu-item menu-item-type-post_type menu-item-object-page menu-item-854\"><a href=\"https:\/\/hastalavista.es\/gal\/capitulo-6-julia-roberto-y-dani-camino-portugues-por-la-costa\/\" class=\"elementor-sub-item\" tabindex=\"-1\">Ver cap\u00edtulo<\/a><\/li>\n\t<li class=\"menu-item menu-item-type-post_type menu-item-object-page menu-item-3617\"><a href=\"https:\/\/hastalavista.es\/gal\/making-of-julia-roberto-y-dani-2\/\" class=\"elementor-sub-item\" tabindex=\"-1\">Making Of<\/a><\/li>\n<\/ul>\n<\/li>\n<li class=\"menu-item menu-item-type-custom menu-item-object-custom menu-item-has-children menu-item-6681\"><a href=\"#\" class=\"elementor-item elementor-item-anchor\" tabindex=\"-1\">Cap\u00edtulo 7 \u2013 SEUNG HAN, Camino de Fisterra y Mux\u00eda<\/a>\n<ul class=\"sub-menu elementor-nav-menu--dropdown\">\n\t<li class=\"menu-item menu-item-type-post_type menu-item-object-page menu-item-3459\"><a href=\"https:\/\/hastalavista.es\/gal\/capitulo-7-seung-han-camino-de-fisterra-y-muxia\/\" class=\"elementor-sub-item\" tabindex=\"-1\">Ver cap\u00edtulo<\/a><\/li>\n\t<li class=\"menu-item menu-item-type-post_type menu-item-object-page menu-item-3458\"><a href=\"https:\/\/hastalavista.es\/gal\/making-of-seung-han\/\" class=\"elementor-sub-item\" tabindex=\"-1\">Making Of<\/a><\/li>\n<\/ul>\n<\/li>\n<li class=\"menu-item menu-item-type-custom menu-item-object-custom menu-item-has-children menu-item-6725\"><a href=\"#\" class=\"elementor-item elementor-item-anchor\" tabindex=\"-1\">Cap\u00edtulo 8 \u2013 CARLOTA, Camino Franc\u00e9s<\/a>\n<ul class=\"sub-menu elementor-nav-menu--dropdown\">\n\t<li class=\"menu-item menu-item-type-post_type menu-item-object-page menu-item-857\"><a href=\"https:\/\/hastalavista.es\/gal\/capitulo-8-carlota-camino-frances\/\" class=\"elementor-sub-item\" tabindex=\"-1\">Ver cap\u00edtulo<\/a><\/li>\n\t<li class=\"menu-item menu-item-type-post_type menu-item-object-page menu-item-3457\"><a href=\"https:\/\/hastalavista.es\/gal\/making-of-carlota\/\" class=\"elementor-sub-item\" tabindex=\"-1\">Making Of<\/a><\/li>\n<\/ul>\n<\/li>\n<\/ul>\t\t\t<\/nav>\n\t\t\t\t<\/div>\n\t\t\t\t<\/div>\n\t\t\t\t\t\t<\/div>\n\t\t\t\t\t<\/div>\n\t\t<\/div>\n\t\t\t\t<div class=\"elementor-column elementor-col-33 elementor-top-column elementor-element elementor-element-35a0555\" data-id=\"35a0555\" data-element_type=\"column\">\n\t\t\t<div class=\"elementor-column-wrap elementor-element-populated\">\n\t\t\t\t\t\t\t<div class=\"elementor-widget-wrap\">\n\t\t\t\t\t\t<div class=\"elementor-element elementor-element-8569301 elementor-aspect-ratio-169 elementor-widget elementor-widget-video\" data-id=\"8569301\" data-element_type=\"widget\" data-settings=\"{&quot;video_type&quot;:&quot;vimeo&quot;,&quot;aspect_ratio&quot;:&quot;169&quot;}\" data-widget_type=\"video.default\">\n\t\t\t\t<div class=\"elementor-widget-container\">\n\t\t\t\t\t<div class=\"elementor-wrapper elementor-fit-aspect-ratio elementor-open-inline\">\n\t\t\t<iframe class=\"elementor-video-iframe\" allowfullscreen title=\"Reprodutor de v\u00eddeo vimeo\" src=\"https:\/\/player.vimeo.com\/video\/399970955?color&amp;autopause=0&amp;loop=0&amp;muted=0&amp;title=0&amp;portrait=0&amp;byline=0#t=\"><\/iframe>\t\t<\/div>\n\t\t\t\t<\/div>\n\t\t\t\t<\/div>\n\t\t\t\t\t\t<\/div>\n\t\t\t\t\t<\/div>\n\t\t<\/div>\n\t\t\t\t<div class=\"elementor-column elementor-col-33 elementor-top-column elementor-element elementor-element-9b7b44e elementor-hidden-desktop\" data-id=\"9b7b44e\" data-element_type=\"column\" data-settings=\"{&quot;background_background&quot;:&quot;classic&quot;}\">\n\t\t\t<div class=\"elementor-column-wrap elementor-element-populated\">\n\t\t\t\t\t\t\t<div class=\"elementor-widget-wrap\">\n\t\t\t\t\t\t<div class=\"elementor-element elementor-element-267cce1 elementor-widget elementor-widget-heading\" data-id=\"267cce1\" data-element_type=\"widget\" data-widget_type=\"heading.default\">\n\t\t\t\t<div class=\"elementor-widget-container\">\n\t\t\t<h1 class=\"elementor-heading-title elementor-size-default\">Men\u00fa<\/h1>\t\t<\/div>\n\t\t\t\t<\/div>\n\t\t\t\t<div class=\"elementor-element elementor-element-b91f280 elementor-nav-menu__text-align-aside elementor-nav-menu--toggle elementor-nav-menu--burger elementor-widget elementor-widget-nav-menu\" data-id=\"b91f280\" data-element_type=\"widget\" data-settings=\"{&quot;layout&quot;:&quot;dropdown&quot;,&quot;submenu_icon&quot;:{&quot;value&quot;:&quot;&lt;i class=\\&quot;\\&quot;&gt;&lt;\\\/i&gt;&quot;,&quot;library&quot;:&quot;&quot;},&quot;toggle&quot;:&quot;burger&quot;}\" data-widget_type=\"nav-menu.default\">\n\t\t\t\t<div class=\"elementor-widget-container\">\n\t\t\t\t\t<div class=\"elementor-menu-toggle\" role=\"button\" tabindex=\"0\" aria-label=\"Menu Toggle\" aria-expanded=\"false\">\n\t\t\t<i aria-hidden=\"true\" role=\"presentation\" class=\"eicon-menu-bar\"><\/i>\t\t\t<span class=\"elementor-screen-only\">Menu<\/span>\n\t\t<\/div>\n\t\t\t<nav class=\"elementor-nav-menu--dropdown elementor-nav-menu__container\" role=\"navigation\" aria-hidden=\"true\">\n\t\t\t\t<ul id=\"menu-2-b91f280\" class=\"elementor-nav-menu\"><li class=\"menu-item menu-item-type-custom menu-item-object-custom menu-item-has-children menu-item-5871\"><a href=\"#\" class=\"elementor-item elementor-item-anchor\" tabindex=\"-1\">Cap\u00edtulo 1 \u2013 PACO, V\u00eda da Prata<\/a>\n<ul class=\"sub-menu elementor-nav-menu--dropdown\">\n\t<li class=\"menu-item menu-item-type-post_type menu-item-object-page menu-item-5870\"><a href=\"https:\/\/hastalavista.es\/gal\/capitulo-1-paco-via-de-la-plata\/\" class=\"elementor-sub-item\" tabindex=\"-1\">Ver Cap\u00edtulo<\/a><\/li>\n\t<li class=\"menu-item menu-item-type-post_type menu-item-object-page menu-item-2612\"><a href=\"https:\/\/hastalavista.es\/gal\/making-off-paco-via-de-la-plata\/\" class=\"elementor-sub-item\" tabindex=\"-1\">Making Of<\/a><\/li>\n<\/ul>\n<\/li>\n<li class=\"menu-item menu-item-type-custom menu-item-object-custom menu-item-has-children menu-item-5967\"><a href=\"#\" class=\"elementor-item elementor-item-anchor\" tabindex=\"-1\">Cap\u00edtulo 2 \u2013 PAULA, Camino de Invierno<\/a>\n<ul class=\"sub-menu elementor-nav-menu--dropdown\">\n\t<li class=\"menu-item menu-item-type-post_type menu-item-object-page menu-item-853\"><a href=\"https:\/\/hastalavista.es\/gal\/capitulo-2-paula-camino-de-invierno\/\" class=\"elementor-sub-item\" tabindex=\"-1\">Ver cap\u00edtulo<\/a><\/li>\n\t<li class=\"menu-item menu-item-type-post_type menu-item-object-page menu-item-3570\"><a href=\"https:\/\/hastalavista.es\/gal\/making-of-paula\/\" class=\"elementor-sub-item\" tabindex=\"-1\">Making Of<\/a><\/li>\n<\/ul>\n<\/li>\n<li class=\"menu-item menu-item-type-custom menu-item-object-custom menu-item-has-children menu-item-6140\"><a href=\"#\" class=\"elementor-item elementor-item-anchor\" tabindex=\"-1\">Cap\u00edtulo 3\u2013 PEARL, Ruta del Mar de Arousa y R\u00edo Ulla<\/a>\n<ul class=\"sub-menu elementor-nav-menu--dropdown\">\n\t<li class=\"menu-item menu-item-type-post_type menu-item-object-page menu-item-855\"><a href=\"https:\/\/hastalavista.es\/gal\/capitulo-3-pearl-ruta-del-mar-de-arousa-y-rio-ulla\/\" class=\"elementor-sub-item\" tabindex=\"-1\">Ver cap\u00edtulo<\/a><\/li>\n\t<li class=\"menu-item menu-item-type-post_type menu-item-object-page menu-item-3455\"><a href=\"https:\/\/hastalavista.es\/gal\/making-of-pearl\/\" class=\"elementor-sub-item\" tabindex=\"-1\">Making Of<\/a><\/li>\n<\/ul>\n<\/li>\n<li class=\"menu-item menu-item-type-custom menu-item-object-custom menu-item-has-children menu-item-6185\"><a href=\"#\" class=\"elementor-item elementor-item-anchor\" tabindex=\"-1\">Cap\u00edtulo 4 \u2013 ANA, Camino del Norte<\/a>\n<ul class=\"sub-menu elementor-nav-menu--dropdown\">\n\t<li class=\"menu-item menu-item-type-post_type menu-item-object-page menu-item-852\"><a href=\"https:\/\/hastalavista.es\/gal\/capitulo-4-ana-camino-del-norte\/\" class=\"elementor-sub-item\" tabindex=\"-1\">Ver cap\u00edtulo<\/a><\/li>\n\t<li class=\"menu-item menu-item-type-post_type menu-item-object-page menu-item-3602\"><a href=\"https:\/\/hastalavista.es\/gal\/making-of-ana\/\" class=\"elementor-sub-item\" tabindex=\"-1\">Making Of<\/a><\/li>\n<\/ul>\n<\/li>\n<li class=\"menu-item menu-item-type-custom menu-item-object-custom menu-item-has-children menu-item-6625\"><a href=\"#\" class=\"elementor-item elementor-item-anchor\" tabindex=\"-1\">Cap\u00edtulo 5 \u2013 LINO, Camino Ingl\u00e9s<\/a>\n<ul class=\"sub-menu elementor-nav-menu--dropdown\">\n\t<li class=\"menu-item menu-item-type-post_type menu-item-object-page menu-item-856\"><a href=\"https:\/\/hastalavista.es\/gal\/capitulo-5-lino-camino-ingles\/\" class=\"elementor-sub-item\" tabindex=\"-1\">Ver cap\u00edtulo<\/a><\/li>\n\t<li class=\"menu-item menu-item-type-post_type menu-item-object-page menu-item-3456\"><a href=\"https:\/\/hastalavista.es\/gal\/making-of-lino\/\" class=\"elementor-sub-item\" tabindex=\"-1\">Making Of<\/a><\/li>\n<\/ul>\n<\/li>\n<li class=\"menu-item menu-item-type-custom menu-item-object-custom menu-item-has-children menu-item-6642\"><a href=\"#\" class=\"elementor-item elementor-item-anchor\" tabindex=\"-1\">Cap\u00edtulo 6 \u2013 JULIA, ROBERTO y DANI, Cami\u00f1o Portugu\u00e9s pola costa<\/a>\n<ul class=\"sub-menu elementor-nav-menu--dropdown\">\n\t<li class=\"menu-item menu-item-type-post_type menu-item-object-page menu-item-854\"><a href=\"https:\/\/hastalavista.es\/gal\/capitulo-6-julia-roberto-y-dani-camino-portugues-por-la-costa\/\" class=\"elementor-sub-item\" tabindex=\"-1\">Ver cap\u00edtulo<\/a><\/li>\n\t<li class=\"menu-item menu-item-type-post_type menu-item-object-page menu-item-3617\"><a href=\"https:\/\/hastalavista.es\/gal\/making-of-julia-roberto-y-dani-2\/\" class=\"elementor-sub-item\" tabindex=\"-1\">Making Of<\/a><\/li>\n<\/ul>\n<\/li>\n<li class=\"menu-item menu-item-type-custom menu-item-object-custom menu-item-has-children menu-item-6681\"><a href=\"#\" class=\"elementor-item elementor-item-anchor\" tabindex=\"-1\">Cap\u00edtulo 7 \u2013 SEUNG HAN, Camino de Fisterra y Mux\u00eda<\/a>\n<ul class=\"sub-menu elementor-nav-menu--dropdown\">\n\t<li class=\"menu-item menu-item-type-post_type menu-item-object-page menu-item-3459\"><a href=\"https:\/\/hastalavista.es\/gal\/capitulo-7-seung-han-camino-de-fisterra-y-muxia\/\" class=\"elementor-sub-item\" tabindex=\"-1\">Ver cap\u00edtulo<\/a><\/li>\n\t<li class=\"menu-item menu-item-type-post_type menu-item-object-page menu-item-3458\"><a href=\"https:\/\/hastalavista.es\/gal\/making-of-seung-han\/\" class=\"elementor-sub-item\" tabindex=\"-1\">Making Of<\/a><\/li>\n<\/ul>\n<\/li>\n<li class=\"menu-item menu-item-type-custom menu-item-object-custom menu-item-has-children menu-item-6725\"><a href=\"#\" class=\"elementor-item elementor-item-anchor\" tabindex=\"-1\">Cap\u00edtulo 8 \u2013 CARLOTA, Camino Franc\u00e9s<\/a>\n<ul class=\"sub-menu elementor-nav-menu--dropdown\">\n\t<li class=\"menu-item menu-item-type-post_type menu-item-object-page menu-item-857\"><a href=\"https:\/\/hastalavista.es\/gal\/capitulo-8-carlota-camino-frances\/\" class=\"elementor-sub-item\" tabindex=\"-1\">Ver cap\u00edtulo<\/a><\/li>\n\t<li class=\"menu-item menu-item-type-post_type menu-item-object-page menu-item-3457\"><a href=\"https:\/\/hastalavista.es\/gal\/making-of-carlota\/\" class=\"elementor-sub-item\" tabindex=\"-1\">Making Of<\/a><\/li>\n<\/ul>\n<\/li>\n<\/ul>\t\t\t<\/nav>\n\t\t\t\t<\/div>\n\t\t\t\t<\/div>\n\t\t\t\t\t\t<\/div>\n\t\t\t\t\t<\/div>\n\t\t<\/div>\n\t\t\t\t\t\t\t\t<\/div>\n\t\t\t\t\t<\/div>\n\t\t<\/section>\n\t\t\t\t<section class=\"elementor-section elementor-top-section elementor-element elementor-element-9fe1570 elementor-section-boxed elementor-section-height-default elementor-section-height-default\" data-id=\"9fe1570\" data-element_type=\"section\" data-settings=\"{&quot;background_background&quot;:&quot;classic&quot;}\">\n\t\t\t\t\t\t<div class=\"elementor-container elementor-column-gap-default\">\n\t\t\t\t\t\t\t<div class=\"elementor-row\">\n\t\t\t\t\t<div class=\"elementor-column elementor-col-100 elementor-top-column elementor-element elementor-element-e96101a\" data-id=\"e96101a\" data-element_type=\"column\">\n\t\t\t<div class=\"elementor-column-wrap elementor-element-populated\">\n\t\t\t\t\t\t\t<div class=\"elementor-widget-wrap\">\n\t\t\t\t\t\t<div class=\"elementor-element elementor-element-cf39c97 elementor-widget elementor-widget-spacer\" data-id=\"cf39c97\" data-element_type=\"widget\" data-widget_type=\"spacer.default\">\n\t\t\t\t<div class=\"elementor-widget-container\">\n\t\t\t\t\t<div class=\"elementor-spacer\">\n\t\t\t<div class=\"elementor-spacer-inner\"><\/div>\n\t\t<\/div>\n\t\t\t\t<\/div>\n\t\t\t\t<\/div>\n\t\t\t\t\t\t<\/div>\n\t\t\t\t\t<\/div>\n\t\t<\/div>\n\t\t\t\t\t\t\t\t<\/div>\n\t\t\t\t\t<\/div>\n\t\t<\/section>\n\t\t\t\t\t\t\t\t\t<\/div>\n\t\t\t<\/div>\n\t\t\t\t\t<\/div>","protected":false},"excerpt":{"rendered":"<p>Men\u00fa Men\u00fa<\/p>","protected":false},"author":1,"featured_media":0,"parent":0,"menu_order":0,"comment_status":"closed","ping_status":"closed","template":"","meta":[],"yoast_head":"<!-- This site is optimized with the Yoast SEO plugin v17.6 - https:\/\/yoast.com\/wordpress\/plugins\/seo\/ -->\n<title>Cap\u00edtulo 1 - PACO, V\u00eda de la Plata - Hasta la vista<\/title>\n<meta name=\"robots\" content=\"index, follow, max-snippet:-1, max-image-preview:large, max-video-preview:-1\" \/>\n<link rel=\"canonical\" href=\"https:\/\/hastalavista.es\/gal\/capitulo-1-paco-via-de-la-plata\/\" \/>\n<meta property=\"og:locale\" content=\"gl_ES\" \/>\n<meta property=\"og:type\" content=\"article\" \/>\n<meta property=\"og:title\" content=\"Cap\u00edtulo 1 - PACO, V\u00eda de la Plata - Hasta la vista\" \/>\n<meta property=\"og:description\" content=\"Men\u00fa Men\u00fa\" \/>\n<meta property=\"og:url\" content=\"https:\/\/hastalavista.es\/gal\/capitulo-1-paco-via-de-la-plata\/\" \/>\n<meta property=\"og:site_name\" content=\"Hasta la vista\" \/>\n<meta property=\"article:modified_time\" content=\"2020-04-01T14:24:21+00:00\" \/>\n<meta name=\"twitter:card\" content=\"summary_large_image\" \/>\n<script type=\"application\/ld+json\" class=\"yoast-schema-graph\">{\"@context\":\"https:\/\/schema.org\",\"@graph\":[{\"@type\":\"WebSite\",\"@id\":\"https:\/\/hastalavista.es\/gal\/#website\",\"url\":\"https:\/\/hastalavista.es\/gal\/\",\"name\":\"Hasta la vista\",\"description\":\"\",\"potentialAction\":[{\"@type\":\"SearchAction\",\"target\":{\"@type\":\"EntryPoint\",\"urlTemplate\":\"https:\/\/hastalavista.es\/gal\/?s={search_term_string}\"},\"query-input\":\"required name=search_term_string\"}],\"inLanguage\":\"gl-ES\"},{\"@type\":\"WebPage\",\"@id\":\"https:\/\/hastalavista.es\/capitulo-1-paco-via-de-la-plata\/#webpage\",\"url\":\"https:\/\/hastalavista.es\/capitulo-1-paco-via-de-la-plata\/\",\"name\":\"Cap\\u00edtulo 1 - PACO, V\\u00eda de la Plata - Hasta la vista\",\"isPartOf\":{\"@id\":\"https:\/\/hastalavista.es\/gal\/#website\"},\"datePublished\":\"2020-01-14T11:41:18+00:00\",\"dateModified\":\"2020-04-01T14:24:21+00:00\",\"breadcrumb\":{\"@id\":\"https:\/\/hastalavista.es\/capitulo-1-paco-via-de-la-plata\/#breadcrumb\"},\"inLanguage\":\"gl-ES\",\"potentialAction\":[{\"@type\":\"ReadAction\",\"target\":[\"https:\/\/hastalavista.es\/capitulo-1-paco-via-de-la-plata\/\"]}]},{\"@type\":\"BreadcrumbList\",\"@id\":\"https:\/\/hastalavista.es\/capitulo-1-paco-via-de-la-plata\/#breadcrumb\",\"itemListElement\":[{\"@type\":\"ListItem\",\"position\":1,\"name\":\"Inicio\",\"item\":\"https:\/\/hastalavista.es\/\"},{\"@type\":\"ListItem\",\"position\":2,\"name\":\"Cap\\u00edtulo 1 &#8211; PACO, V\\u00eda de la Plata\"}]}]}<\/script>\n<!-- \/ Yoast SEO plugin. -->","yoast_head_json":{"title":"Cap\u00edtulo 1 - PACO, V\u00eda de la Plata - Hasta la vista","robots":{"index":"index","follow":"follow","max-snippet":"max-snippet:-1","max-image-preview":"max-image-preview:large","max-video-preview":"max-video-preview:-1"},"canonical":"https:\/\/hastalavista.es\/gal\/capitulo-1-paco-via-de-la-plata\/","og_locale":"gl_ES","og_type":"article","og_title":"Cap\u00edtulo 1 - PACO, V\u00eda de la Plata - Hasta la vista","og_description":"Men\u00fa Men\u00fa","og_url":"https:\/\/hastalavista.es\/gal\/capitulo-1-paco-via-de-la-plata\/","og_site_name":"Hasta la vista","article_modified_time":"2020-04-01T14:24:21+00:00","twitter_card":"summary_large_image","schema":{"@context":"https:\/\/schema.org","@graph":[{"@type":"WebSite","@id":"https:\/\/hastalavista.es\/gal\/#website","url":"https:\/\/hastalavista.es\/gal\/","name":"Hasta la vista","description":"","potentialAction":[{"@type":"SearchAction","target":{"@type":"EntryPoint","urlTemplate":"https:\/\/hastalavista.es\/gal\/?s={search_term_string}"},"query-input":"required name=search_term_string"}],"inLanguage":"gl-ES"},{"@type":"WebPage","@id":"https:\/\/hastalavista.es\/capitulo-1-paco-via-de-la-plata\/#webpage","url":"https:\/\/hastalavista.es\/capitulo-1-paco-via-de-la-plata\/","name":"Cap\u00edtulo 1 - PACO, V\u00eda de la Plata - Hasta la vista","isPartOf":{"@id":"https:\/\/hastalavista.es\/gal\/#website"},"datePublished":"2020-01-14T11:41:18+00:00","dateModified":"2020-04-01T14:24:21+00:00","breadcrumb":{"@id":"https:\/\/hastalavista.es\/capitulo-1-paco-via-de-la-plata\/#breadcrumb"},"inLanguage":"gl-ES","potentialAction":[{"@type":"ReadAction","target":["https:\/\/hastalavista.es\/capitulo-1-paco-via-de-la-plata\/"]}]},{"@type":"BreadcrumbList","@id":"https:\/\/hastalavista.es\/capitulo-1-paco-via-de-la-plata\/#breadcrumb","itemListElement":[{"@type":"ListItem","position":1,"name":"Inicio","item":"https:\/\/hastalavista.es\/"},{"@type":"ListItem","position":2,"name":"Cap\u00edtulo 1 &#8211; PACO, V\u00eda de la Plata"}]}]}},"_links":{"self":[{"href":"https:\/\/hastalavista.es\/gal\/wp-json\/wp\/v2\/pages\/836"}],"collection":[{"href":"https:\/\/hastalavista.es\/gal\/wp-json\/wp\/v2\/pages"}],"about":[{"href":"https:\/\/hastalavista.es\/gal\/wp-json\/wp\/v2\/types\/page"}],"author":[{"embeddable":true,"href":"https:\/\/hastalavista.es\/gal\/wp-json\/wp\/v2\/users\/1"}],"replies":[{"embeddable":true,"href":"https:\/\/hastalavista.es\/gal\/wp-json\/wp\/v2\/comments?post=836"}],"version-history":[{"count":11,"href":"https:\/\/hastalavista.es\/gal\/wp-json\/wp\/v2\/pages\/836\/revisions"}],"predecessor-version":[{"id":5954,"href":"https:\/\/hastalavista.es\/gal\/wp-json\/wp\/v2\/pages\/836\/revisions\/5954"}],"wp:attachment":[{"href":"https:\/\/hastalavista.es\/gal\/wp-json\/wp\/v2\/media?parent=836"}],"curies":[{"name":"wp","href":"https:\/\/api.w.org\/{rel}","templated":true}]}}